{"id":8294,"date":"2023-07-27T16:59:56","date_gmt":"2023-07-27T16:59:56","guid":{"rendered":"https:\/\/chibolita.es\/?post_type=product&#038;p=8294"},"modified":"2023-07-27T17:01:02","modified_gmt":"2023-07-27T17:01:02","slug":"play-wiv-me-cum-face-juego-de-fiesta","status":"publish","type":"product","link":"https:\/\/chibolita.es\/index.php\/product\/play-wiv-me-cum-face-juego-de-fiesta\/","title":{"rendered":"PLAY WIV ME CUM FACE JUEGO DE FIESTA"},"content":{"rendered":"<p><strong>PLAY WIV ME &#8211; CUM FACE &#8211; JUEGO DE FIESTA<\/strong><\/p>\n<p>Este hilarante juego de pene de acci\u00f3n de bomba de duelo no se parece a nada que hayas visto y es la pieza de fiesta perfecta para despedidas de soltero y soltera y otros eventos llenos de diversi\u00f3n.<\/p>\n<p><strong>C\u00f3mo jugar<\/strong><\/p>\n<p>Antes de comenzar, vierta l\u00edquido en el orificio ubicado entre los dos ejes. Aconsejamos agua pero tambi\u00e9n se puede utilizar cualquier l\u00edquido seguro para consumir.<\/p>\n<p>El objetivo del juego es bombear los penes lo m\u00e1s r\u00e1pido posible para ser el primer jugador en arrojar chorros a su oponente en la cara o la boca, y ser declarado el m\u00e1s r\u00e1pido.\u00a0Luego, p\u00e1salo a los siguientes contendientes.<\/p>\n<p>Ll\u00e9nelo y comience a bombear, aunque sea r\u00e1pido, o se llenar\u00e1 la cara. Que empiecen los juegos.<\/p>\n<p><strong>Play Wiv Me<\/strong><\/p>\n<p>Estamos aburridos de despedidas de soltera sin fiesta y despedidas de soltero que parecen actividades de dormitorio que dan ganas de pasar. Play Wiv Me tiene una soluci\u00f3n para el aburrimiento&#8230; \u00a1y es realmente sexy!<\/p>\n","protected":false},"excerpt":{"rendered":"<p>PLAY WIV ME &#8211; CUM FACE &#8211; JUEGO DE FIESTA Este hilarante juego de pene de acci\u00f3n de bomba de duelo no se parece a nada que hayas visto y es la pieza de fiesta perfecta para despedidas de soltero y soltera y otros eventos llenos de diversi\u00f3n. C\u00f3mo jugar Antes de comenzar, vierta l\u00edquido [&hellip;]<\/p>\n","protected":false},"featured_media":8300,"comment_status":"open","ping_status":"closed","template":"","meta":{"_eb_attr":"","site-sidebar-layout":"default","site-content-layout":"default","ast-site-content-layout":"default","site-content-style":"default","site-sidebar-style":"default","ast-global-header-display":"","ast-banner-title-visibility":"","ast-main-header-display":"","ast-hfb-above-header-display":"","ast-hfb-below-header-display":"","ast-hfb-mobile-header-display":"","site-post-title":"","ast-breadcrumbs-content":"","ast-featured-img":"","footer-sml-layout":"","ast-disable-related-posts":"","theme-transparent-header-meta":"default","adv-header-id-meta":"","stick-header-meta":"","header-above-stick-meta":"","header-main-stick-meta":"","header-below-stick-meta":"","astra-migrate-meta-layouts":"default","ast-page-background-enabled":"default","ast-page-background-meta":{"desktop":{"background-color":"var(--ast-global-color-4)","background-image":"","background-repeat":"repeat","background-position":"center center","background-size":"auto","background-attachment":"scroll","background-type":"","background-media":"","overlay-type":"","overlay-color":"","overlay-opacity":"","overlay-gradient":""},"tablet":{"background-color":"","background-image":"","background-repeat":"repeat","background-position":"center center","background-size":"auto","background-attachment":"scroll","background-type":"","background-media":"","overlay-type":"","overlay-color":"","overlay-opacity":"","overlay-gradient":""},"mobile":{"background-color":"","background-image":"","background-repeat":"repeat","background-position":"center center","background-size":"auto","background-attachment":"scroll","background-type":"","background-media":"","overlay-type":"","overlay-color":"","overlay-opacity":"","overlay-gradient":""}},"ast-content-background-meta":{"desktop":{"background-color":"var(--ast-global-color-5)","background-image":"","background-repeat":"repeat","background-position":"center center","background-size":"auto","background-attachment":"scroll","background-type":"","background-media":"","overlay-type":"","overlay-color":"","overlay-opacity":"","overlay-gradient":""},"tablet":{"background-color":"var(--ast-global-color-5)","background-image":"","background-repeat":"repeat","background-position":"center center","background-size":"auto","background-attachment":"scroll","background-type":"","background-media":"","overlay-type":"","overlay-color":"","overlay-opacity":"","overlay-gradient":""},"mobile":{"background-color":"var(--ast-global-color-5)","background-image":"","background-repeat":"repeat","background-position":"center center","background-size":"auto","background-attachment":"scroll","background-type":"","background-media":"","overlay-type":"","overlay-color":"","overlay-opacity":"","overlay-gradient":""}}},"product_brand":[],"product_cat":[299,296,15],"product_tag":[],"class_list":{"0":"post-8294","1":"product","2":"type-product","3":"status-publish","4":"has-post-thumbnail","6":"product_cat-juegos-eroticos","7":"product_cat-novedades","8":"product_cat-uncategorized","9":"desktop-align-left","10":"tablet-align-left","11":"mobile-align-left","13":"first","14":"instock","15":"sale","16":"shipping-taxable","17":"purchasable","18":"product-type-simple"},"_links":{"self":[{"href":"https:\/\/chibolita.es\/index.php\/wp-json\/wp\/v2\/product\/8294","targetHints":{"allow":["GET"]}}],"collection":[{"href":"https:\/\/chibolita.es\/index.php\/wp-json\/wp\/v2\/product"}],"about":[{"href":"https:\/\/chibolita.es\/index.php\/wp-json\/wp\/v2\/types\/product"}],"replies":[{"embeddable":true,"href":"https:\/\/chibolita.es\/index.php\/wp-json\/wp\/v2\/comments?post=8294"}],"wp:featuredmedia":[{"embeddable":true,"href":"https:\/\/chibolita.es\/index.php\/wp-json\/wp\/v2\/media\/8300"}],"wp:attachment":[{"href":"https:\/\/chibolita.es\/index.php\/wp-json\/wp\/v2\/media?parent=8294"}],"wp:term":[{"taxonomy":"product_brand","embeddable":true,"href":"https:\/\/chibolita.es\/index.php\/wp-json\/wp\/v2\/product_brand?post=8294"},{"taxonomy":"product_cat","embeddable":true,"href":"https:\/\/chibolita.es\/index.php\/wp-json\/wp\/v2\/product_cat?post=8294"},{"taxonomy":"product_tag","embeddable":true,"href":"https:\/\/chibolita.es\/index.php\/wp-json\/wp\/v2\/product_tag?post=8294"}],"curies":[{"name":"wp","href":"https:\/\/api.w.org\/{rel}","templated":true}]}}