{"id":8281,"date":"2023-07-24T20:11:23","date_gmt":"2023-07-24T20:11:23","guid":{"rendered":"https:\/\/chibolita.es\/?post_type=product&#038;p=8281"},"modified":"2024-10-26T14:18:07","modified_gmt":"2024-10-26T14:18:07","slug":"action-rower-anillo-vibrador-con-lengua-rotadora","status":"publish","type":"product","link":"https:\/\/chibolita.es\/index.php\/product\/action-rower-anillo-vibrador-con-lengua-rotadora\/","title":{"rendered":"ACTION ROWER ANILLO VIBRADOR CON LENGUA ROTADORA"},"content":{"rendered":"<p>Llega a Action Man el anillo Rower, un anillo vibrador ideal para el placer masculino.<\/p>\n<p>Rower es un anillo vibrador con una silicona premium de alta calidad, lo que hace que su anillo sea flexible y muy c\u00f3modo de usar.<\/p>\n<p>Aunque Rower ha sido ideado para el placer masculino, hemos integrado una lengua rotadora con 10 funciones de rotaci\u00f3n, ideales para que pod\u00e1is disfrutar al m\u00e1ximo en pareja.<\/p>\n<p>Cuenta con un potente motor que tambi\u00e9n te ofrece 10 funciones de vibraci\u00f3n, pero de manera muy silenciosa, podr\u00e9is disfrutar sin preocuparos del ruido.<\/p>\n<p>Como el resto de la familia, Rower es resistente al agua, sus materiales son extra suaves en silicona de alta calidad y es recargable por USB.<\/p>\n<p>Recuerda usar tu lubricante a base de agua favorito, como el de Nanami N-506, el N-997 o el N-996, para que la experiencia se incremente al m\u00e1ximo y limpiarlo antes y despu\u00e9s de utilizarlo con un buen limpiador de juguetes, como el N-507.<\/p>\n<p>Caracter\u00edsticas:<\/p>\n<ul>\n<li>10 funciones de vibraci\u00f3n y lengua rotadora<\/li>\n<li>Resistente al agua<\/li>\n<li>Potente motor<\/li>\n<li>Silencioso: &lt;60DB<\/li>\n<li>Recargable por SUB<\/li>\n<li>Fabricado con materiales de la m\u00e1s alta calidad<\/li>\n<li>Tacto suave y sedoso<\/li>\n<\/ul>\n","protected":false},"excerpt":{"rendered":"<p>Llega a Action Man el anillo Rower, un anillo vibrador ideal para el placer masculino. Rower es un anillo vibrador con una silicona premium de alta calidad, lo que hace que su anillo sea flexible y muy c\u00f3modo de usar. Aunque Rower ha sido ideado para el placer masculino, hemos integrado una lengua rotadora con [&hellip;]<\/p>\n","protected":false},"featured_media":8286,"comment_status":"open","ping_status":"closed","template":"","meta":{"_eb_attr":"","site-sidebar-layout":"default","site-content-layout":"default","ast-site-content-layout":"default","site-content-style":"default","site-sidebar-style":"default","ast-global-header-display":"","ast-banner-title-visibility":"","ast-main-header-display":"","ast-hfb-above-header-display":"","ast-hfb-below-header-display":"","ast-hfb-mobile-header-display":"","site-post-title":"","ast-breadcrumbs-content":"","ast-featured-img":"","footer-sml-layout":"","ast-disable-related-posts":"","theme-transparent-header-meta":"default","adv-header-id-meta":"","stick-header-meta":"","header-above-stick-meta":"","header-main-stick-meta":"","header-below-stick-meta":"","astra-migrate-meta-layouts":"default","ast-page-background-enabled":"default","ast-page-background-meta":{"desktop":{"background-color":"var(--ast-global-color-4)","background-image":"","background-repeat":"repeat","background-position":"center center","background-size":"auto","background-attachment":"scroll","background-type":"","background-media":"","overlay-type":"","overlay-color":"","overlay-opacity":"","overlay-gradient":""},"tablet":{"background-color":"","background-image":"","background-repeat":"repeat","background-position":"center center","background-size":"auto","background-attachment":"scroll","background-type":"","background-media":"","overlay-type":"","overlay-color":"","overlay-opacity":"","overlay-gradient":""},"mobile":{"background-color":"","background-image":"","background-repeat":"repeat","background-position":"center center","background-size":"auto","background-attachment":"scroll","background-type":"","background-media":"","overlay-type":"","overlay-color":"","overlay-opacity":"","overlay-gradient":""}},"ast-content-background-meta":{"desktop":{"background-color":"var(--ast-global-color-5)","background-image":"","background-repeat":"repeat","background-position":"center center","background-size":"auto","background-attachment":"scroll","background-type":"","background-media":"","overlay-type":"","overlay-color":"","overlay-opacity":"","overlay-gradient":""},"tablet":{"background-color":"var(--ast-global-color-5)","background-image":"","background-repeat":"repeat","background-position":"center center","background-size":"auto","background-attachment":"scroll","background-type":"","background-media":"","overlay-type":"","overlay-color":"","overlay-opacity":"","overlay-gradient":""},"mobile":{"background-color":"var(--ast-global-color-5)","background-image":"","background-repeat":"repeat","background-position":"center center","background-size":"auto","background-attachment":"scroll","background-type":"","background-media":"","overlay-type":"","overlay-color":"","overlay-opacity":"","overlay-gradient":""}}},"product_brand":[],"product_cat":[274,273,296,15],"product_tag":[],"class_list":{"0":"post-8281","1":"product","2":"type-product","3":"status-publish","4":"has-post-thumbnail","6":"product_cat-accesorios-para-el-pene","7":"product_cat-juguetes-para-hombres","8":"product_cat-novedades","9":"product_cat-uncategorized","10":"desktop-align-left","11":"tablet-align-left","12":"mobile-align-left","14":"first","15":"instock","16":"sale","17":"shipping-taxable","18":"purchasable","19":"product-type-simple"},"_links":{"self":[{"href":"https:\/\/chibolita.es\/index.php\/wp-json\/wp\/v2\/product\/8281","targetHints":{"allow":["GET"]}}],"collection":[{"href":"https:\/\/chibolita.es\/index.php\/wp-json\/wp\/v2\/product"}],"about":[{"href":"https:\/\/chibolita.es\/index.php\/wp-json\/wp\/v2\/types\/product"}],"replies":[{"embeddable":true,"href":"https:\/\/chibolita.es\/index.php\/wp-json\/wp\/v2\/comments?post=8281"}],"wp:featuredmedia":[{"embeddable":true,"href":"https:\/\/chibolita.es\/index.php\/wp-json\/wp\/v2\/media\/8286"}],"wp:attachment":[{"href":"https:\/\/chibolita.es\/index.php\/wp-json\/wp\/v2\/media?parent=8281"}],"wp:term":[{"taxonomy":"product_brand","embeddable":true,"href":"https:\/\/chibolita.es\/index.php\/wp-json\/wp\/v2\/product_brand?post=8281"},{"taxonomy":"product_cat","embeddable":true,"href":"https:\/\/chibolita.es\/index.php\/wp-json\/wp\/v2\/product_cat?post=8281"},{"taxonomy":"product_tag","embeddable":true,"href":"https:\/\/chibolita.es\/index.php\/wp-json\/wp\/v2\/product_tag?post=8281"}],"curies":[{"name":"wp","href":"https:\/\/api.w.org\/{rel}","templated":true}]}}