{"id":8264,"date":"2023-07-23T15:40:59","date_gmt":"2023-07-23T15:40:59","guid":{"rendered":"https:\/\/chibolita.es\/?post_type=product&#038;p=8264"},"modified":"2023-07-23T15:42:17","modified_gmt":"2023-07-23T15:42:17","slug":"play-wiv-me-molde-de-hielo-pene-grande","status":"publish","type":"product","link":"https:\/\/chibolita.es\/index.php\/product\/play-wiv-me-molde-de-hielo-pene-grande\/","title":{"rendered":"PLAY WIV ME MOLDE DE HIELO PENE GRANDE"},"content":{"rendered":"<p><strong>PLAY WIV ME &#8211; MOLDE DE HIELO CON FORMA DE PENE GRANDE<\/strong><\/p>\n<p>\u00a1Dale una vuelta de tuerca excitante a cualquier fiesta con este molde de hielo con forma de pene grande! Este molde sirve para crear un recipiente de hielo singular con forma de un enorme pene realista. Despu\u00e9s solo hay que llenarlo con l\u00edquido y se podr\u00e1 beber directamente del pene. \u00a1El molde de hielo con forma de pene grande es muy gracioso y dar\u00e1 pie a situaciones extremadamente divertidas! \u00bfC\u00f3mo funciona?<\/p>\n<p>Llena el molde hasta la marca de agua y m\u00e9telo en el congelador durante 24 horas como m\u00ednimo. Retira el molde antes de usarlo y pon la escultura de hielo en un sitio estrat\u00e9gico o en un recipiente con hielo. Usa agua mineral para que TENGA una textura cristalina.<\/p>\n<p>El molde es de un solo uso. Las instrucciones est\u00e1n en ingl\u00e9s.<\/p>\n<p><strong>Play Wiv Me<\/strong><\/p>\n<p>Estamos aburridos de despedidas de soltera sin fiesta y despedidas de soltero que parecen actividades de dormitorio que dan ganas de pasar. Play Wiv Me tiene una soluci\u00f3n para el aburrimiento&#8230; \u00a1y es realmente sexy!<\/p>\n","protected":false},"excerpt":{"rendered":"<p>PLAY WIV ME &#8211; MOLDE DE HIELO CON FORMA DE PENE GRANDE \u00a1Dale una vuelta de tuerca excitante a cualquier fiesta con este molde de hielo con forma de pene grande! Este molde sirve para crear un recipiente de hielo singular con forma de un enorme pene realista. Despu\u00e9s solo hay que llenarlo con l\u00edquido [&hellip;]<\/p>\n","protected":false},"featured_media":8270,"comment_status":"open","ping_status":"closed","template":"","meta":{"_eb_attr":"","site-sidebar-layout":"default","site-content-layout":"default","ast-site-content-layout":"default","site-content-style":"default","site-sidebar-style":"default","ast-global-header-display":"","ast-banner-title-visibility":"","ast-main-header-display":"","ast-hfb-above-header-display":"","ast-hfb-below-header-display":"","ast-hfb-mobile-header-display":"","site-post-title":"","ast-breadcrumbs-content":"","ast-featured-img":"","footer-sml-layout":"","ast-disable-related-posts":"","theme-transparent-header-meta":"default","adv-header-id-meta":"","stick-header-meta":"","header-above-stick-meta":"","header-main-stick-meta":"","header-below-stick-meta":"","astra-migrate-meta-layouts":"default","ast-page-background-enabled":"default","ast-page-background-meta":{"desktop":{"background-color":"var(--ast-global-color-4)","background-image":"","background-repeat":"repeat","background-position":"center center","background-size":"auto","background-attachment":"scroll","background-type":"","background-media":"","overlay-type":"","overlay-color":"","overlay-opacity":"","overlay-gradient":""},"tablet":{"background-color":"","background-image":"","background-repeat":"repeat","background-position":"center center","background-size":"auto","background-attachment":"scroll","background-type":"","background-media":"","overlay-type":"","overlay-color":"","overlay-opacity":"","overlay-gradient":""},"mobile":{"background-color":"","background-image":"","background-repeat":"repeat","background-position":"center center","background-size":"auto","background-attachment":"scroll","background-type":"","background-media":"","overlay-type":"","overlay-color":"","overlay-opacity":"","overlay-gradient":""}},"ast-content-background-meta":{"desktop":{"background-color":"var(--ast-global-color-5)","background-image":"","background-repeat":"repeat","background-position":"center center","background-size":"auto","background-attachment":"scroll","background-type":"","background-media":"","overlay-type":"","overlay-color":"","overlay-opacity":"","overlay-gradient":""},"tablet":{"background-color":"var(--ast-global-color-5)","background-image":"","background-repeat":"repeat","background-position":"center center","background-size":"auto","background-attachment":"scroll","background-type":"","background-media":"","overlay-type":"","overlay-color":"","overlay-opacity":"","overlay-gradient":""},"mobile":{"background-color":"var(--ast-global-color-5)","background-image":"","background-repeat":"repeat","background-position":"center center","background-size":"auto","background-attachment":"scroll","background-type":"","background-media":"","overlay-type":"","overlay-color":"","overlay-opacity":"","overlay-gradient":""}}},"product_brand":[],"product_cat":[299,296,15],"product_tag":[],"class_list":{"0":"post-8264","1":"product","2":"type-product","3":"status-publish","4":"has-post-thumbnail","6":"product_cat-juegos-eroticos","7":"product_cat-novedades","8":"product_cat-uncategorized","9":"desktop-align-left","10":"tablet-align-left","11":"mobile-align-left","13":"first","14":"instock","15":"sale","16":"shipping-taxable","17":"purchasable","18":"product-type-simple"},"_links":{"self":[{"href":"https:\/\/chibolita.es\/index.php\/wp-json\/wp\/v2\/product\/8264","targetHints":{"allow":["GET"]}}],"collection":[{"href":"https:\/\/chibolita.es\/index.php\/wp-json\/wp\/v2\/product"}],"about":[{"href":"https:\/\/chibolita.es\/index.php\/wp-json\/wp\/v2\/types\/product"}],"replies":[{"embeddable":true,"href":"https:\/\/chibolita.es\/index.php\/wp-json\/wp\/v2\/comments?post=8264"}],"wp:featuredmedia":[{"embeddable":true,"href":"https:\/\/chibolita.es\/index.php\/wp-json\/wp\/v2\/media\/8270"}],"wp:attachment":[{"href":"https:\/\/chibolita.es\/index.php\/wp-json\/wp\/v2\/media?parent=8264"}],"wp:term":[{"taxonomy":"product_brand","embeddable":true,"href":"https:\/\/chibolita.es\/index.php\/wp-json\/wp\/v2\/product_brand?post=8264"},{"taxonomy":"product_cat","embeddable":true,"href":"https:\/\/chibolita.es\/index.php\/wp-json\/wp\/v2\/product_cat?post=8264"},{"taxonomy":"product_tag","embeddable":true,"href":"https:\/\/chibolita.es\/index.php\/wp-json\/wp\/v2\/product_tag?post=8264"}],"curies":[{"name":"wp","href":"https:\/\/api.w.org\/{rel}","templated":true}]}}