{"id":8258,"date":"2023-07-23T15:38:45","date_gmt":"2023-07-23T15:38:45","guid":{"rendered":"https:\/\/chibolita.es\/?post_type=product&#038;p=8258"},"modified":"2023-07-23T15:40:06","modified_gmt":"2023-07-23T15:40:06","slug":"play-wiv-me-bigger-or-smaller-juego-de-cartas","status":"publish","type":"product","link":"https:\/\/chibolita.es\/index.php\/product\/play-wiv-me-bigger-or-smaller-juego-de-cartas\/","title":{"rendered":"PLAY WIV ME BIGGER OR SMALLER JUEGO DE CARTAS"},"content":{"rendered":"<p><strong>PLAY WIV ME &#8211; BIGGER OR SMALLER &#8211; JUEGO DE CARTAS<\/strong><\/p>\n<p>El juego comienza cuando el crupier le da la vuelta a una carta al jugador de su derecha.<\/p>\n<p>Este jugador debe entonces adivinar si el pene en la pr\u00f3xima carta ser\u00e1 m\u00e1s grande o m\u00e1s peque\u00f1o.<\/p>\n<p>Si el jugador se equivoca, bebe un trago o bebe durante la cantidad de segundos correspondientes a lo lejos que estaba su suposici\u00f3n; o simplemente agregue un elemento de verdad o reto, tome una foto o se quite una prenda de ropa.<\/p>\n<p>\u00a1Risas garantizadas!<\/p>\n<p><strong>Play Wiv Me<\/strong><\/p>\n<p>Estamos aburridos de despedidas de soltera sin fiesta y despedidas de soltero que parecen actividades de dormitorio que dan ganas de pasar. Play Wiv Me tiene una soluci\u00f3n para el aburrimiento&#8230; \u00a1y es realmente sexy!<\/p>\n","protected":false},"excerpt":{"rendered":"<p>PLAY WIV ME &#8211; BIGGER OR SMALLER &#8211; JUEGO DE CARTAS El juego comienza cuando el crupier le da la vuelta a una carta al jugador de su derecha. Este jugador debe entonces adivinar si el pene en la pr\u00f3xima carta ser\u00e1 m\u00e1s grande o m\u00e1s peque\u00f1o. Si el jugador se equivoca, bebe un trago [&hellip;]<\/p>\n","protected":false},"featured_media":8263,"comment_status":"open","ping_status":"closed","template":"","meta":{"_eb_attr":"","site-sidebar-layout":"default","site-content-layout":"default","ast-site-content-layout":"default","site-content-style":"default","site-sidebar-style":"default","ast-global-header-display":"","ast-banner-title-visibility":"","ast-main-header-display":"","ast-hfb-above-header-display":"","ast-hfb-below-header-display":"","ast-hfb-mobile-header-display":"","site-post-title":"","ast-breadcrumbs-content":"","ast-featured-img":"","footer-sml-layout":"","ast-disable-related-posts":"","theme-transparent-header-meta":"default","adv-header-id-meta":"","stick-header-meta":"","header-above-stick-meta":"","header-main-stick-meta":"","header-below-stick-meta":"","astra-migrate-meta-layouts":"default","ast-page-background-enabled":"default","ast-page-background-meta":{"desktop":{"background-color":"var(--ast-global-color-4)","background-image":"","background-repeat":"repeat","background-position":"center center","background-size":"auto","background-attachment":"scroll","background-type":"","background-media":"","overlay-type":"","overlay-color":"","overlay-opacity":"","overlay-gradient":""},"tablet":{"background-color":"","background-image":"","background-repeat":"repeat","background-position":"center center","background-size":"auto","background-attachment":"scroll","background-type":"","background-media":"","overlay-type":"","overlay-color":"","overlay-opacity":"","overlay-gradient":""},"mobile":{"background-color":"","background-image":"","background-repeat":"repeat","background-position":"center center","background-size":"auto","background-attachment":"scroll","background-type":"","background-media":"","overlay-type":"","overlay-color":"","overlay-opacity":"","overlay-gradient":""}},"ast-content-background-meta":{"desktop":{"background-color":"var(--ast-global-color-5)","background-image":"","background-repeat":"repeat","background-position":"center center","background-size":"auto","background-attachment":"scroll","background-type":"","background-media":"","overlay-type":"","overlay-color":"","overlay-opacity":"","overlay-gradient":""},"tablet":{"background-color":"var(--ast-global-color-5)","background-image":"","background-repeat":"repeat","background-position":"center center","background-size":"auto","background-attachment":"scroll","background-type":"","background-media":"","overlay-type":"","overlay-color":"","overlay-opacity":"","overlay-gradient":""},"mobile":{"background-color":"var(--ast-global-color-5)","background-image":"","background-repeat":"repeat","background-position":"center center","background-size":"auto","background-attachment":"scroll","background-type":"","background-media":"","overlay-type":"","overlay-color":"","overlay-opacity":"","overlay-gradient":""}}},"product_brand":[],"product_cat":[299,296],"product_tag":[],"class_list":{"0":"post-8258","1":"product","2":"type-product","3":"status-publish","4":"has-post-thumbnail","6":"product_cat-juegos-eroticos","7":"product_cat-novedades","8":"desktop-align-left","9":"tablet-align-left","10":"mobile-align-left","12":"first","13":"instock","14":"sale","15":"shipping-taxable","16":"purchasable","17":"product-type-simple"},"_links":{"self":[{"href":"https:\/\/chibolita.es\/index.php\/wp-json\/wp\/v2\/product\/8258","targetHints":{"allow":["GET"]}}],"collection":[{"href":"https:\/\/chibolita.es\/index.php\/wp-json\/wp\/v2\/product"}],"about":[{"href":"https:\/\/chibolita.es\/index.php\/wp-json\/wp\/v2\/types\/product"}],"replies":[{"embeddable":true,"href":"https:\/\/chibolita.es\/index.php\/wp-json\/wp\/v2\/comments?post=8258"}],"wp:featuredmedia":[{"embeddable":true,"href":"https:\/\/chibolita.es\/index.php\/wp-json\/wp\/v2\/media\/8263"}],"wp:attachment":[{"href":"https:\/\/chibolita.es\/index.php\/wp-json\/wp\/v2\/media?parent=8258"}],"wp:term":[{"taxonomy":"product_brand","embeddable":true,"href":"https:\/\/chibolita.es\/index.php\/wp-json\/wp\/v2\/product_brand?post=8258"},{"taxonomy":"product_cat","embeddable":true,"href":"https:\/\/chibolita.es\/index.php\/wp-json\/wp\/v2\/product_cat?post=8258"},{"taxonomy":"product_tag","embeddable":true,"href":"https:\/\/chibolita.es\/index.php\/wp-json\/wp\/v2\/product_tag?post=8258"}],"curies":[{"name":"wp","href":"https:\/\/api.w.org\/{rel}","templated":true}]}}