{"id":8256,"date":"2023-07-23T15:37:31","date_gmt":"2023-07-23T15:37:31","guid":{"rendered":"https:\/\/chibolita.es\/?post_type=product&#038;p=8256"},"modified":"2023-07-23T15:38:25","modified_gmt":"2023-07-23T15:38:25","slug":"secretplay-juego-de-cartas-sex-play-es-en","status":"publish","type":"product","link":"https:\/\/chibolita.es\/index.php\/product\/secretplay-juego-de-cartas-sex-play-es-en\/","title":{"rendered":"SECRETPLAY JUEGO DE CARTAS SEX PLAY ES\/EN"},"content":{"rendered":"<p>\u00bfJugamos? \u00a1Esta noche\u2026 SEX PLAY!<\/p>\n<p>SEX PLAY es un juego de cartas, donde conocer\u00e1s mas a tu pareja, preguntas, seducci\u00f3n , fantas\u00edas er\u00f3ticas y todo aquello que jam\u00e1s hab\u00edas pensado hacer. Ser\u00e1s capaz de llegar hasta el final? Descubre el sexo de una forma diferente, olv\u00eddate de tab\u00fas y descubre este juego excitante que har\u00e1 realidad todos vuestros deseos.<\/p>\n<p>REGLAS DEL JUEGO<\/p>\n<p>Hay 55 cartas. Barajar y repartir la mitad a cada jugador, formando dos mazos con los naipes. Empezar\u00e1 el jugador de mayor edad, mostrando una carta, el otro tendr\u00e1 que realizar lo que indique la carta, luego la mostrar\u00e1 el otro y as\u00ed sucesivamente. En esta baraja cada letra tiene su significado:<\/p>\n<ul>\n<li>J &#8211; BESOS- Besar la zona del cuerpo que aparece en la fotograf\u00eda.<\/li>\n<li>Q &#8211; ESTIMULACI\u00d3N MANUAL &#8211; Realizar la forma de estimulaci\u00f3n que aparce en la carta.<\/li>\n<li>K &#8211; SEXO ORAL &#8211; El sexo oral es importante, demu\u00e9stralo realizando la acci\u00f3n tal y como demuestra la carta.<\/li>\n<li>A &#8211; PENETRACI\u00d3N &#8211; Con estas posturas del Kamasutra os sorprender\u00e9is mutuamente.<\/li>\n<\/ul>\n<p>Se escucha divertido, \u00bfno crees?<\/p>\n<p>Las otras figuras tienen otro significado:<\/p>\n<ul>\n<li>CORAZONES: Debes responder a todas las preguntas, al final del juego conocer\u00e1s mejor a tu pareja.<\/li>\n<li>ROMBOS: Actividades en pareja \u2013 Saber c\u00f3mo hacer disfrutar a la otra persona es importante, aqu\u00ed descubrir\u00e1s nuevas sensaciones.<\/li>\n<li>TREBOL: Decirle al o\u00eddo a tu pareja lo que pone en la carta.El sentido del o\u00eddo es muy importante. Unas palabras sensuales que nos diga nuestra pareja,potencian nuestra excitaci\u00f3n y nuestro deseo sexual.<\/li>\n<li>PICAS: Pruebas \u2026\u00a1Aqu\u00ed retar\u00e1s a tu pareja!, \u00bfQue ser\u00e1 capaz de hacer por ti?<\/li>\n<\/ul>\n<p>El juego termina cuando se acaben las cartas (o cuando uno de los dos no aguante m\u00e1s) se admiten orgasmos simult\u00e1neos.<\/p>\n<p>Espa\u00f1ol \/ Ingles<\/p>\n","protected":false},"excerpt":{"rendered":"<p>\u00bfJugamos? \u00a1Esta noche\u2026 SEX PLAY! SEX PLAY es un juego de cartas, donde conocer\u00e1s mas a tu pareja, preguntas, seducci\u00f3n , fantas\u00edas er\u00f3ticas y todo aquello que jam\u00e1s hab\u00edas pensado hacer. Ser\u00e1s capaz de llegar hasta el final? Descubre el sexo de una forma diferente, olv\u00eddate de tab\u00fas y descubre este juego excitante que har\u00e1 [&hellip;]<\/p>\n","protected":false},"featured_media":8257,"comment_status":"open","ping_status":"closed","template":"","meta":{"_eb_attr":"","site-sidebar-layout":"default","site-content-layout":"default","ast-site-content-layout":"default","site-content-style":"default","site-sidebar-style":"default","ast-global-header-display":"","ast-banner-title-visibility":"","ast-main-header-display":"","ast-hfb-above-header-display":"","ast-hfb-below-header-display":"","ast-hfb-mobile-header-display":"","site-post-title":"","ast-breadcrumbs-content":"","ast-featured-img":"","footer-sml-layout":"","ast-disable-related-posts":"","theme-transparent-header-meta":"default","adv-header-id-meta":"","stick-header-meta":"","header-above-stick-meta":"","header-main-stick-meta":"","header-below-stick-meta":"","astra-migrate-meta-layouts":"default","ast-page-background-enabled":"default","ast-page-background-meta":{"desktop":{"background-color":"var(--ast-global-color-4)","background-image":"","background-repeat":"repeat","background-position":"center center","background-size":"auto","background-attachment":"scroll","background-type":"","background-media":"","overlay-type":"","overlay-color":"","overlay-opacity":"","overlay-gradient":""},"tablet":{"background-color":"","background-image":"","background-repeat":"repeat","background-position":"center center","background-size":"auto","background-attachment":"scroll","background-type":"","background-media":"","overlay-type":"","overlay-color":"","overlay-opacity":"","overlay-gradient":""},"mobile":{"background-color":"","background-image":"","background-repeat":"repeat","background-position":"center center","background-size":"auto","background-attachment":"scroll","background-type":"","background-media":"","overlay-type":"","overlay-color":"","overlay-opacity":"","overlay-gradient":""}},"ast-content-background-meta":{"desktop":{"background-color":"var(--ast-global-color-5)","background-image":"","background-repeat":"repeat","background-position":"center center","background-size":"auto","background-attachment":"scroll","background-type":"","background-media":"","overlay-type":"","overlay-color":"","overlay-opacity":"","overlay-gradient":""},"tablet":{"background-color":"var(--ast-global-color-5)","background-image":"","background-repeat":"repeat","background-position":"center center","background-size":"auto","background-attachment":"scroll","background-type":"","background-media":"","overlay-type":"","overlay-color":"","overlay-opacity":"","overlay-gradient":""},"mobile":{"background-color":"var(--ast-global-color-5)","background-image":"","background-repeat":"repeat","background-position":"center center","background-size":"auto","background-attachment":"scroll","background-type":"","background-media":"","overlay-type":"","overlay-color":"","overlay-opacity":"","overlay-gradient":""}}},"product_brand":[],"product_cat":[299,296,15],"product_tag":[],"class_list":{"0":"post-8256","1":"product","2":"type-product","3":"status-publish","4":"has-post-thumbnail","6":"product_cat-juegos-eroticos","7":"product_cat-novedades","8":"product_cat-uncategorized","9":"desktop-align-left","10":"tablet-align-left","11":"mobile-align-left","13":"first","14":"instock","15":"sale","16":"shipping-taxable","17":"purchasable","18":"product-type-simple"},"_links":{"self":[{"href":"https:\/\/chibolita.es\/index.php\/wp-json\/wp\/v2\/product\/8256","targetHints":{"allow":["GET"]}}],"collection":[{"href":"https:\/\/chibolita.es\/index.php\/wp-json\/wp\/v2\/product"}],"about":[{"href":"https:\/\/chibolita.es\/index.php\/wp-json\/wp\/v2\/types\/product"}],"replies":[{"embeddable":true,"href":"https:\/\/chibolita.es\/index.php\/wp-json\/wp\/v2\/comments?post=8256"}],"wp:featuredmedia":[{"embeddable":true,"href":"https:\/\/chibolita.es\/index.php\/wp-json\/wp\/v2\/media\/8257"}],"wp:attachment":[{"href":"https:\/\/chibolita.es\/index.php\/wp-json\/wp\/v2\/media?parent=8256"}],"wp:term":[{"taxonomy":"product_brand","embeddable":true,"href":"https:\/\/chibolita.es\/index.php\/wp-json\/wp\/v2\/product_brand?post=8256"},{"taxonomy":"product_cat","embeddable":true,"href":"https:\/\/chibolita.es\/index.php\/wp-json\/wp\/v2\/product_cat?post=8256"},{"taxonomy":"product_tag","embeddable":true,"href":"https:\/\/chibolita.es\/index.php\/wp-json\/wp\/v2\/product_tag?post=8256"}],"curies":[{"name":"wp","href":"https:\/\/api.w.org\/{rel}","templated":true}]}}