{"id":8210,"date":"2023-07-23T15:17:59","date_gmt":"2023-07-23T15:17:59","guid":{"rendered":"https:\/\/chibolita.es\/?post_type=product&#038;p=8210"},"modified":"2023-07-23T15:19:03","modified_gmt":"2023-07-23T15:19:03","slug":"coverme-juego-de-dados-eroticos-es-fr-en","status":"publish","type":"product","link":"https:\/\/chibolita.es\/index.php\/product\/coverme-juego-de-dados-eroticos-es-fr-en\/","title":{"rendered":"COVERME JUEGO DE DADOS ER\u00d3TICOS ES\/FR\/EN"},"content":{"rendered":"<p>El dado perfecto en busca de nuevas emociones.<\/p>\n<p>Un juego simple, pero eficaz, ofreciendo un sin fin de horas er\u00f3ticas, \u00a1estos dados son un juego entretenido que todo el mundo puede ganar!<\/p>\n<p>Incluye una peque\u00f1a, bolsa sat\u00e9n para mantener los dados er\u00f3ticos COVERME seguros. Cuando sale beso y boca, podr\u00e1s decir, \u201cbastante f\u00e1cil\u201d. Estir\u00e1ndote hacia tu amante, estirando los brazos y tom\u00e1ndolo por los hombros para plasmar tus labios en los suyos.<\/p>\n<p>Tu pareja r\u00e1pidamente agarra los dados, los mezcla con picard\u00eda y los lanza hacia ti de manera juguetona. Mientras caen de tu pecho, aterrizan en el suelo y se lee, morder y cuello. Gritando de excitaci\u00f3n, tu pareja se excita y pone su boca caliente y h\u00fameda sobre tu cuello, y luego se hunde lenta y seductoramente sus dientes en tu piel. Un gemido suave de placer sale de tus labios sin control.<\/p>\n<p>Le pides a tu amante soplar una corriente lenta de aire caliente en los dados para la buena suerte. Observando a tu pareja, mientras agitas vigorosamente los dados en tus manos, se cruzan r\u00e1pidamente sus dedos, esperando ansiosamente para ver que saldr\u00e1 en tu turno.<\/p>\n<p>A medida que el dado blanco cae de tus manos, ves el dado rosa escapar de tu agarre y descender hasta la alfombra. Podr\u00e1s ejecutar mil formas de juego.<\/p>\n<p>Contiene:<\/p>\n<ul>\n<li>1 dado de acci\u00f3n (color lila)<\/li>\n<li>1 dado de lugar (color blanco)<\/li>\n<li>Pr\u00e1ctica bolsa con el logo COVERME para que puedas guardarlos y llevarlos donde quieras para que la pasi\u00f3n no tenga l\u00edmites<\/li>\n<\/ul>\n<p>Caracteristicas tecnicas;<\/p>\n<ul>\n<li>2 cm longitud<\/li>\n<li>2 cm ancho<\/li>\n<li>Resina<\/li>\n<li>Fabricado en Europa<\/li>\n<li>Material seguro para el Cuerpo<\/li>\n<li>Sin Phalatos.<\/li>\n<\/ul>\n<p>Textos dados 1<\/p>\n<ul>\n<li>Cuello<\/li>\n<li>Oreja<\/li>\n<li>Culo<\/li>\n<li>Boca<\/li>\n<li>Pez\u00f3n<\/li>\n<li>Espalda<\/li>\n<\/ul>\n<p>Texto Dados 2<\/p>\n<ul>\n<li>Morder<\/li>\n<li>Lamer<\/li>\n<li>Acariciar<\/li>\n<li>Cosquillas<\/li>\n<li>Besar<\/li>\n<li>Chupar.<\/li>\n<\/ul>\n<p>Idiomas; Ingles, Frances y Espa\u00f1ol<\/p>\n","protected":false},"excerpt":{"rendered":"<p>El dado perfecto en busca de nuevas emociones. Un juego simple, pero eficaz, ofreciendo un sin fin de horas er\u00f3ticas, \u00a1estos dados son un juego entretenido que todo el mundo puede ganar! Incluye una peque\u00f1a, bolsa sat\u00e9n para mantener los dados er\u00f3ticos COVERME seguros. Cuando sale beso y boca, podr\u00e1s decir, \u201cbastante f\u00e1cil\u201d. Estir\u00e1ndote hacia [&hellip;]<\/p>\n","protected":false},"featured_media":8214,"comment_status":"open","ping_status":"closed","template":"","meta":{"_eb_attr":"","site-sidebar-layout":"default","site-content-layout":"default","ast-site-content-layout":"default","site-content-style":"default","site-sidebar-style":"default","ast-global-header-display":"","ast-banner-title-visibility":"","ast-main-header-display":"","ast-hfb-above-header-display":"","ast-hfb-below-header-display":"","ast-hfb-mobile-header-display":"","site-post-title":"","ast-breadcrumbs-content":"","ast-featured-img":"","footer-sml-layout":"","ast-disable-related-posts":"","theme-transparent-header-meta":"default","adv-header-id-meta":"","stick-header-meta":"","header-above-stick-meta":"","header-main-stick-meta":"","header-below-stick-meta":"","astra-migrate-meta-layouts":"default","ast-page-background-enabled":"default","ast-page-background-meta":{"desktop":{"background-color":"var(--ast-global-color-4)","background-image":"","background-repeat":"repeat","background-position":"center center","background-size":"auto","background-attachment":"scroll","background-type":"","background-media":"","overlay-type":"","overlay-color":"","overlay-opacity":"","overlay-gradient":""},"tablet":{"background-color":"","background-image":"","background-repeat":"repeat","background-position":"center center","background-size":"auto","background-attachment":"scroll","background-type":"","background-media":"","overlay-type":"","overlay-color":"","overlay-opacity":"","overlay-gradient":""},"mobile":{"background-color":"","background-image":"","background-repeat":"repeat","background-position":"center center","background-size":"auto","background-attachment":"scroll","background-type":"","background-media":"","overlay-type":"","overlay-color":"","overlay-opacity":"","overlay-gradient":""}},"ast-content-background-meta":{"desktop":{"background-color":"var(--ast-global-color-5)","background-image":"","background-repeat":"repeat","background-position":"center center","background-size":"auto","background-attachment":"scroll","background-type":"","background-media":"","overlay-type":"","overlay-color":"","overlay-opacity":"","overlay-gradient":""},"tablet":{"background-color":"var(--ast-global-color-5)","background-image":"","background-repeat":"repeat","background-position":"center center","background-size":"auto","background-attachment":"scroll","background-type":"","background-media":"","overlay-type":"","overlay-color":"","overlay-opacity":"","overlay-gradient":""},"mobile":{"background-color":"var(--ast-global-color-5)","background-image":"","background-repeat":"repeat","background-position":"center center","background-size":"auto","background-attachment":"scroll","background-type":"","background-media":"","overlay-type":"","overlay-color":"","overlay-opacity":"","overlay-gradient":""}}},"product_brand":[],"product_cat":[299,296],"product_tag":[],"class_list":{"0":"post-8210","1":"product","2":"type-product","3":"status-publish","4":"has-post-thumbnail","6":"product_cat-juegos-eroticos","7":"product_cat-novedades","8":"desktop-align-left","9":"tablet-align-left","10":"mobile-align-left","12":"first","13":"instock","14":"shipping-taxable","15":"purchasable","16":"product-type-simple"},"_links":{"self":[{"href":"https:\/\/chibolita.es\/index.php\/wp-json\/wp\/v2\/product\/8210","targetHints":{"allow":["GET"]}}],"collection":[{"href":"https:\/\/chibolita.es\/index.php\/wp-json\/wp\/v2\/product"}],"about":[{"href":"https:\/\/chibolita.es\/index.php\/wp-json\/wp\/v2\/types\/product"}],"replies":[{"embeddable":true,"href":"https:\/\/chibolita.es\/index.php\/wp-json\/wp\/v2\/comments?post=8210"}],"wp:featuredmedia":[{"embeddable":true,"href":"https:\/\/chibolita.es\/index.php\/wp-json\/wp\/v2\/media\/8214"}],"wp:attachment":[{"href":"https:\/\/chibolita.es\/index.php\/wp-json\/wp\/v2\/media?parent=8210"}],"wp:term":[{"taxonomy":"product_brand","embeddable":true,"href":"https:\/\/chibolita.es\/index.php\/wp-json\/wp\/v2\/product_brand?post=8210"},{"taxonomy":"product_cat","embeddable":true,"href":"https:\/\/chibolita.es\/index.php\/wp-json\/wp\/v2\/product_cat?post=8210"},{"taxonomy":"product_tag","embeddable":true,"href":"https:\/\/chibolita.es\/index.php\/wp-json\/wp\/v2\/product_tag?post=8210"}],"curies":[{"name":"wp","href":"https:\/\/api.w.org\/{rel}","templated":true}]}}