{"id":8182,"date":"2023-07-17T21:45:08","date_gmt":"2023-07-17T21:45:08","guid":{"rendered":"https:\/\/chibolita.es\/?post_type=product&#038;p=8182"},"modified":"2024-02-10T17:12:42","modified_gmt":"2024-02-10T17:12:42","slug":"cobeco-pharma-gel-retardante-clove-60-ml","status":"publish","type":"product","link":"https:\/\/chibolita.es\/index.php\/product\/cobeco-pharma-gel-retardante-clove-60-ml\/","title":{"rendered":"COBECO PHARMA GEL RETARDANTE CLOVE 60 ML"},"content":{"rendered":"<p>Cobeco Clove Delay Gel es un gel refrescante con un efecto ligeramente refrescante en las partes m\u00e1s sensibles del pene. Puede ayudar a posponer el orgasmo mediante la adici\u00f3n de aceite de clavo. Esto garantiza m\u00e1s control y disfrute a largo plazo, sin preocupaciones y al m\u00e1ximo.<\/p>\n<p>Cobeco Clove Delay Gel ha sido especialmente desarrollado para un placer sexual m\u00e1s duradero. Este gel \u00fanico ayuda a prevenir la eyaculaci\u00f3n precoz al mismo tiempo.<\/p>\n<p>Apl\u00edcate la cantidad deseada en el \u00e1rea \u00edntima, es de gran absorci\u00f3n y cuenta con extractos naturales.<\/p>\n<p>Caracter\u00edsticas:<\/p>\n<ul>\n<li>60 ml<\/li>\n<li>Efecto refrescante<\/li>\n<li>Efecto retardante<\/li>\n<li>Con extractos naturales<\/li>\n<li>Ingredientes: Aqua, Glycerin, Laureth-9, Polysorbate 20, Acrylates\/C10-30 Alkyl Acrylate Crosspolymer, Alcohol, Alcohol Denat., Aminomethyl Propanol, Avena Sativa Kernel Extract, Caprylyl Glycol, Eugenia Caryophyllus Leaf Oil, Hypericum Perforatum Flower Extract<\/li>\n<\/ul>\n","protected":false},"excerpt":{"rendered":"<p>Cobeco Clove Delay Gel es un gel refrescante con un efecto ligeramente refrescante en las partes m\u00e1s sensibles del pene. Puede ayudar a posponer el orgasmo mediante la adici\u00f3n de aceite de clavo. Esto garantiza m\u00e1s control y disfrute a largo plazo, sin preocupaciones y al m\u00e1ximo. Cobeco Clove Delay Gel ha sido especialmente desarrollado [&hellip;]<\/p>\n","protected":false},"featured_media":8183,"comment_status":"open","ping_status":"closed","template":"","meta":{"_eb_attr":"","site-sidebar-layout":"default","site-content-layout":"default","ast-site-content-layout":"default","site-content-style":"default","site-sidebar-style":"default","ast-global-header-display":"","ast-banner-title-visibility":"","ast-main-header-display":"","ast-hfb-above-header-display":"","ast-hfb-below-header-display":"","ast-hfb-mobile-header-display":"","site-post-title":"","ast-breadcrumbs-content":"","ast-featured-img":"","footer-sml-layout":"","ast-disable-related-posts":"","theme-transparent-header-meta":"default","adv-header-id-meta":"","stick-header-meta":"","header-above-stick-meta":"","header-main-stick-meta":"","header-below-stick-meta":"","astra-migrate-meta-layouts":"default","ast-page-background-enabled":"default","ast-page-background-meta":{"desktop":{"background-color":"var(--ast-global-color-4)","background-image":"","background-repeat":"repeat","background-position":"center center","background-size":"auto","background-attachment":"scroll","background-type":"","background-media":"","overlay-type":"","overlay-color":"","overlay-opacity":"","overlay-gradient":""},"tablet":{"background-color":"","background-image":"","background-repeat":"repeat","background-position":"center center","background-size":"auto","background-attachment":"scroll","background-type":"","background-media":"","overlay-type":"","overlay-color":"","overlay-opacity":"","overlay-gradient":""},"mobile":{"background-color":"","background-image":"","background-repeat":"repeat","background-position":"center center","background-size":"auto","background-attachment":"scroll","background-type":"","background-media":"","overlay-type":"","overlay-color":"","overlay-opacity":"","overlay-gradient":""}},"ast-content-background-meta":{"desktop":{"background-color":"var(--ast-global-color-5)","background-image":"","background-repeat":"repeat","background-position":"center center","background-size":"auto","background-attachment":"scroll","background-type":"","background-media":"","overlay-type":"","overlay-color":"","overlay-opacity":"","overlay-gradient":""},"tablet":{"background-color":"var(--ast-global-color-5)","background-image":"","background-repeat":"repeat","background-position":"center center","background-size":"auto","background-attachment":"scroll","background-type":"","background-media":"","overlay-type":"","overlay-color":"","overlay-opacity":"","overlay-gradient":""},"mobile":{"background-color":"var(--ast-global-color-5)","background-image":"","background-repeat":"repeat","background-position":"center center","background-size":"auto","background-attachment":"scroll","background-type":"","background-media":"","overlay-type":"","overlay-color":"","overlay-opacity":"","overlay-gradient":""}}},"product_brand":[],"product_cat":[230,296,236],"product_tag":[],"class_list":{"0":"post-8182","1":"product","2":"type-product","3":"status-publish","4":"has-post-thumbnail","6":"product_cat-farmacia","7":"product_cat-novedades","8":"product_cat-retardantes","9":"desktop-align-left","10":"tablet-align-left","11":"mobile-align-left","13":"first","14":"instock","15":"sale","16":"shipping-taxable","17":"purchasable","18":"product-type-simple"},"_links":{"self":[{"href":"https:\/\/chibolita.es\/index.php\/wp-json\/wp\/v2\/product\/8182","targetHints":{"allow":["GET"]}}],"collection":[{"href":"https:\/\/chibolita.es\/index.php\/wp-json\/wp\/v2\/product"}],"about":[{"href":"https:\/\/chibolita.es\/index.php\/wp-json\/wp\/v2\/types\/product"}],"replies":[{"embeddable":true,"href":"https:\/\/chibolita.es\/index.php\/wp-json\/wp\/v2\/comments?post=8182"}],"wp:featuredmedia":[{"embeddable":true,"href":"https:\/\/chibolita.es\/index.php\/wp-json\/wp\/v2\/media\/8183"}],"wp:attachment":[{"href":"https:\/\/chibolita.es\/index.php\/wp-json\/wp\/v2\/media?parent=8182"}],"wp:term":[{"taxonomy":"product_brand","embeddable":true,"href":"https:\/\/chibolita.es\/index.php\/wp-json\/wp\/v2\/product_brand?post=8182"},{"taxonomy":"product_cat","embeddable":true,"href":"https:\/\/chibolita.es\/index.php\/wp-json\/wp\/v2\/product_cat?post=8182"},{"taxonomy":"product_tag","embeddable":true,"href":"https:\/\/chibolita.es\/index.php\/wp-json\/wp\/v2\/product_tag?post=8182"}],"curies":[{"name":"wp","href":"https:\/\/api.w.org\/{rel}","templated":true}]}}