{"id":8173,"date":"2023-07-17T21:36:29","date_gmt":"2023-07-17T21:36:29","guid":{"rendered":"https:\/\/chibolita.es\/?post_type=product&#038;p=8173"},"modified":"2023-07-17T21:38:06","modified_gmt":"2023-07-17T21:38:06","slug":"intt-lubricante-a-base-de-agua-sabor-cannabis-100-ml","status":"publish","type":"product","link":"https:\/\/chibolita.es\/index.php\/product\/intt-lubricante-a-base-de-agua-sabor-cannabis-100-ml\/","title":{"rendered":"INTT LUBRICANTE A BASE DE AGUA SABOR CANNABIS 100 ML"},"content":{"rendered":"<p>Lubricante a base de agua con sabor a cannabis para una noche ardiente. Su f\u00f3rmula a base de ingredientes naturales no da\u00f1a preservativos y lo podr\u00e1s usar con tus juguetes favoritos. Simplemente aplica en la zona del cuerpo deseada y masajea.<\/p>\n<p>Caracter\u00edsticas:<\/p>\n<ul>\n<li>100 ml<\/li>\n<li>Base de agua<\/li>\n<li>Efecto lubricaci\u00f3n<\/li>\n<li>Besable<\/li>\n<li>Perfecto para sexo oral<\/li>\n<li>Apto con preservativos y juguetes<\/li>\n<li>Sabor Cannabis<\/li>\n<li>Para ella y para \u00e9l<\/li>\n<li>Composici\u00f3n: Aqua (Water), Sorbitol, Glycerin, Hydroxyethylcellulose, PEG-40 Hydrogenated Castor Oil, Sodium Benzoate, Cannabis Sativa Seed Oil (Hemp Oil), Aroma, Sodium Saccharin.<\/li>\n<\/ul>\n","protected":false},"excerpt":{"rendered":"<p>Lubricante a base de agua con sabor a cannabis para una noche ardiente. Su f\u00f3rmula a base de ingredientes naturales no da\u00f1a preservativos y lo podr\u00e1s usar con tus juguetes favoritos. Simplemente aplica en la zona del cuerpo deseada y masajea. Caracter\u00edsticas: 100 ml Base de agua Efecto lubricaci\u00f3n Besable Perfecto para sexo oral Apto [&hellip;]<\/p>\n","protected":false},"featured_media":8174,"comment_status":"open","ping_status":"closed","template":"","meta":{"_eb_attr":"","site-sidebar-layout":"default","site-content-layout":"default","ast-site-content-layout":"default","site-content-style":"default","site-sidebar-style":"default","ast-global-header-display":"","ast-banner-title-visibility":"","ast-main-header-display":"","ast-hfb-above-header-display":"","ast-hfb-below-header-display":"","ast-hfb-mobile-header-display":"","site-post-title":"","ast-breadcrumbs-content":"","ast-featured-img":"","footer-sml-layout":"","ast-disable-related-posts":"","theme-transparent-header-meta":"default","adv-header-id-meta":"","stick-header-meta":"","header-above-stick-meta":"","header-main-stick-meta":"","header-below-stick-meta":"","astra-migrate-meta-layouts":"default","ast-page-background-enabled":"default","ast-page-background-meta":{"desktop":{"background-color":"var(--ast-global-color-4)","background-image":"","background-repeat":"repeat","background-position":"center center","background-size":"auto","background-attachment":"scroll","background-type":"","background-media":"","overlay-type":"","overlay-color":"","overlay-opacity":"","overlay-gradient":""},"tablet":{"background-color":"","background-image":"","background-repeat":"repeat","background-position":"center center","background-size":"auto","background-attachment":"scroll","background-type":"","background-media":"","overlay-type":"","overlay-color":"","overlay-opacity":"","overlay-gradient":""},"mobile":{"background-color":"","background-image":"","background-repeat":"repeat","background-position":"center center","background-size":"auto","background-attachment":"scroll","background-type":"","background-media":"","overlay-type":"","overlay-color":"","overlay-opacity":"","overlay-gradient":""}},"ast-content-background-meta":{"desktop":{"background-color":"var(--ast-global-color-5)","background-image":"","background-repeat":"repeat","background-position":"center center","background-size":"auto","background-attachment":"scroll","background-type":"","background-media":"","overlay-type":"","overlay-color":"","overlay-opacity":"","overlay-gradient":""},"tablet":{"background-color":"var(--ast-global-color-5)","background-image":"","background-repeat":"repeat","background-position":"center center","background-size":"auto","background-attachment":"scroll","background-type":"","background-media":"","overlay-type":"","overlay-color":"","overlay-opacity":"","overlay-gradient":""},"mobile":{"background-color":"var(--ast-global-color-5)","background-image":"","background-repeat":"repeat","background-position":"center center","background-size":"auto","background-attachment":"scroll","background-type":"","background-media":"","overlay-type":"","overlay-color":"","overlay-opacity":"","overlay-gradient":""}}},"product_brand":[],"product_cat":[257,296],"product_tag":[],"class_list":{"0":"post-8173","1":"product","2":"type-product","3":"status-publish","4":"has-post-thumbnail","6":"product_cat-lubricantes","7":"product_cat-novedades","8":"desktop-align-left","9":"tablet-align-left","10":"mobile-align-left","12":"first","13":"instock","14":"sale","15":"shipping-taxable","16":"purchasable","17":"product-type-simple"},"_links":{"self":[{"href":"https:\/\/chibolita.es\/index.php\/wp-json\/wp\/v2\/product\/8173","targetHints":{"allow":["GET"]}}],"collection":[{"href":"https:\/\/chibolita.es\/index.php\/wp-json\/wp\/v2\/product"}],"about":[{"href":"https:\/\/chibolita.es\/index.php\/wp-json\/wp\/v2\/types\/product"}],"replies":[{"embeddable":true,"href":"https:\/\/chibolita.es\/index.php\/wp-json\/wp\/v2\/comments?post=8173"}],"wp:featuredmedia":[{"embeddable":true,"href":"https:\/\/chibolita.es\/index.php\/wp-json\/wp\/v2\/media\/8174"}],"wp:attachment":[{"href":"https:\/\/chibolita.es\/index.php\/wp-json\/wp\/v2\/media?parent=8173"}],"wp:term":[{"taxonomy":"product_brand","embeddable":true,"href":"https:\/\/chibolita.es\/index.php\/wp-json\/wp\/v2\/product_brand?post=8173"},{"taxonomy":"product_cat","embeddable":true,"href":"https:\/\/chibolita.es\/index.php\/wp-json\/wp\/v2\/product_cat?post=8173"},{"taxonomy":"product_tag","embeddable":true,"href":"https:\/\/chibolita.es\/index.php\/wp-json\/wp\/v2\/product_tag?post=8173"}],"curies":[{"name":"wp","href":"https:\/\/api.w.org\/{rel}","templated":true}]}}