{"id":8162,"date":"2023-07-17T21:28:06","date_gmt":"2023-07-17T21:28:06","guid":{"rendered":"https:\/\/chibolita.es\/?post_type=product&#038;p=8162"},"modified":"2026-04-14T07:57:34","modified_gmt":"2026-04-14T07:57:34","slug":"intense-shelly-plug-anal-control-remoto-morado","status":"publish","type":"product","link":"https:\/\/chibolita.es\/index.php\/product\/intense-shelly-plug-anal-control-remoto-morado\/","title":{"rendered":"INTENSE &#8211; SHELLY PLUG ANAL CONTROL REMOTO MORADO"},"content":{"rendered":"<p>Fuerte, m\u00e1s fuerte, intenso: El Intense\u2122 Shelly\u2122 Plug es el sue\u00f1o de todo aficionado anal hecho realidad. Con el plug anal unisex vibrador, experimentar\u00e1s las vibraciones m\u00e1s potentes, una estimulaci\u00f3n deliciosa y un sinf\u00edn de posibilidades gracias al control remoto incluido.<\/p>\n<p>\u00bfPor qu\u00e9 Intense\u2122 Shelly\u2122? Te damos 7 motivos exclusivos que te lanzar\u00e1n a buscar Intense\u2122 Shelly\u2122<\/p>\n<ul>\n<li>3 a\u00f1os de garant\u00eda<\/li>\n<li>Silicona respetuosa con el cuerpo<\/li>\n<li>Vibraci\u00f3n profunda muy potente<\/li>\n<li>Unisex: El dispositivo puede ser utilizado por personas de todos los sexos<\/li>\n<li>Impermeable (IPX7)<\/li>\n<li>Tambi\u00e9n se puede utilizar sin el control remoto<\/li>\n<li>Bater\u00eda de iones de litio F\u00e1cil de limpiar<\/li>\n<\/ul>\n<p>Intense\u2122 Shelly\u2122 Plug &#8211; Estimulaci\u00f3n anal, m\u00e1s intensa que nunca<\/p>\n<p>\u00bfTe gusta la estimulaci\u00f3n anal fuerte? El Intense\u2122 Shelly\u2122 Plug te encantar\u00e1: Potencia que deleita con intensas vibraciones y control remoto. Este plug anal vibrador est\u00e1 hecho de silicona higi\u00e9nica. Un material flexible y agradable al cuerpo. Su forma ergon\u00f3mica facilita la inserci\u00f3n. El Intense\u2122 Shelly\u2122 est\u00e1 equipado con un huevo y doble motor \u00a0que proporciona estimulaci\u00f3n adicional. Su base ancha promete una seguridad confiable. El Intense\u2122 Shelly\u2122 te da todo lo que sue\u00f1as con su control remoto : Contr\u00f3lalo todo con el mando control remoto totalmente discreto, da vida a programas totalmente nuevos, dale rienda suelta a tu mente creativa jugando contigo mismo o con la persona que le otorgues el poder del mando.<\/p>\n<p>Vibrador anal con mucha potencia: Intense\u2122 Shelly\u2122 Anal Plug<\/p>\n<p>El Intense\u2122 Shelly\u2122 recupera su fuerza despu\u00e9s de un duro d\u00eda de trabajo a trav\u00e9s del cable USB incluido. La diversi\u00f3n anal con agua es a\u00fan m\u00e1s intensa: Disfruta de las vibraciones del plug anal en la ducha o en la ba\u00f1era sin problemas gracias al acabado resistente al agua (IPX6). Puedes limpiar este dispositivo sexual f\u00e1cilmente con un limpiador de dispositivos sexuales o con un poco de agua tibia y jab\u00f3n suave.<\/p>\n<p>LIMPIEZA<\/p>\n<ul>\n<li>Limpia a fondo el juguete antes y despu\u00e9s de cada uso con agua tibia y jab\u00f3n suave.<\/li>\n<\/ul>\n<p>ALMACENAMIENTO<\/p>\n<ul>\n<li>Guarde su juguete Intense\u2122 Shelly\u2122 en un lugar sin polvo y mant\u00e9ngalo alejado de juguetes de otros materiales. Evite dejarlo a la luz solar directa y NUNCA lo exponga a calor extremo.<\/li>\n<\/ul>\n<p>CONSEJOS DE USO<\/p>\n<ul>\n<li>Intense\u2122 Shelly\u2122 recomienda el uso de lubricantes a base de agua como, Waterfeel\u2122, Aqua\u2122, Bioaqua\u2122, Aquatravel\u2122 o Coquette\u2122 para una inserci\u00f3n f\u00e1cil y suave de todos los productos de silicona. No utilice lubricantes, aceites o cremas de silicona con ning\u00fan producto de silicona, ya que pueden degradar el material del producto y limitar su rendimiento y vida \u00fatil.<\/li>\n<\/ul>\n<p>3 A\u00d1OS DE GARANT\u00cdA<\/p>\n<ul>\n<li>Esta garant\u00eda se aplica a todos los productos Intense\u2122 comprados, a partir de la fecha de compra original de dicho producto. Esta garant\u00eda no cubre da\u00f1os causados por un mal uso o un uso diferente al previsto y descrito en el manual de instrucciones del producto, desgaste normal, alteraci\u00f3n, uso irrazonable, servicio realizado por agencias de servicio no autorizadas o p\u00e9rdida o da\u00f1o de bater\u00edas o bater\u00edas extra\u00edbles.<\/li>\n<\/ul>\n","protected":false},"excerpt":{"rendered":"<p>Fuerte, m\u00e1s fuerte, intenso: El Intense\u2122 Shelly\u2122 Plug es el sue\u00f1o de todo aficionado anal hecho realidad. Con el plug anal unisex vibrador, experimentar\u00e1s las vibraciones m\u00e1s potentes, una estimulaci\u00f3n deliciosa y un sinf\u00edn de posibilidades gracias al control remoto incluido. \u00bfPor qu\u00e9 Intense\u2122 Shelly\u2122? Te damos 7 motivos exclusivos que te lanzar\u00e1n a buscar [&hellip;]<\/p>\n","protected":false},"featured_media":8166,"comment_status":"open","ping_status":"closed","template":"","meta":{"_eb_attr":"","site-sidebar-layout":"default","site-content-layout":"default","ast-site-content-layout":"default","site-content-style":"default","site-sidebar-style":"default","ast-global-header-display":"","ast-banner-title-visibility":"","ast-main-header-display":"","ast-hfb-above-header-display":"","ast-hfb-below-header-display":"","ast-hfb-mobile-header-display":"","site-post-title":"","ast-breadcrumbs-content":"","ast-featured-img":"","footer-sml-layout":"","ast-disable-related-posts":"","theme-transparent-header-meta":"default","adv-header-id-meta":"","stick-header-meta":"","header-above-stick-meta":"","header-main-stick-meta":"","header-below-stick-meta":"","astra-migrate-meta-layouts":"default","ast-page-background-enabled":"default","ast-page-background-meta":{"desktop":{"background-color":"var(--ast-global-color-4)","background-image":"","background-repeat":"repeat","background-position":"center center","background-size":"auto","background-attachment":"scroll","background-type":"","background-media":"","overlay-type":"","overlay-color":"","overlay-opacity":"","overlay-gradient":""},"tablet":{"background-color":"","background-image":"","background-repeat":"repeat","background-position":"center center","background-size":"auto","background-attachment":"scroll","background-type":"","background-media":"","overlay-type":"","overlay-color":"","overlay-opacity":"","overlay-gradient":""},"mobile":{"background-color":"","background-image":"","background-repeat":"repeat","background-position":"center center","background-size":"auto","background-attachment":"scroll","background-type":"","background-media":"","overlay-type":"","overlay-color":"","overlay-opacity":"","overlay-gradient":""}},"ast-content-background-meta":{"desktop":{"background-color":"var(--ast-global-color-5)","background-image":"","background-repeat":"repeat","background-position":"center center","background-size":"auto","background-attachment":"scroll","background-type":"","background-media":"","overlay-type":"","overlay-color":"","overlay-opacity":"","overlay-gradient":""},"tablet":{"background-color":"var(--ast-global-color-5)","background-image":"","background-repeat":"repeat","background-position":"center center","background-size":"auto","background-attachment":"scroll","background-type":"","background-media":"","overlay-type":"","overlay-color":"","overlay-opacity":"","overlay-gradient":""},"mobile":{"background-color":"var(--ast-global-color-5)","background-image":"","background-repeat":"repeat","background-position":"center center","background-size":"auto","background-attachment":"scroll","background-type":"","background-media":"","overlay-type":"","overlay-color":"","overlay-opacity":"","overlay-gradient":""}}},"product_brand":[],"product_cat":[260,265,296,270,268,15,262],"product_tag":[],"class_list":{"0":"post-8162","1":"product","2":"type-product","3":"status-publish","4":"has-post-thumbnail","6":"product_cat-dildos-y-vibradores","7":"product_cat-fetish-bdsm","8":"product_cat-novedades","9":"product_cat-sexo-anal","10":"product_cat-special-gay","11":"product_cat-uncategorized","12":"product_cat-vibradores","13":"desktop-align-left","14":"tablet-align-left","15":"mobile-align-left","17":"first","18":"instock","19":"sale","20":"shipping-taxable","21":"purchasable","22":"product-type-simple"},"_links":{"self":[{"href":"https:\/\/chibolita.es\/index.php\/wp-json\/wp\/v2\/product\/8162","targetHints":{"allow":["GET"]}}],"collection":[{"href":"https:\/\/chibolita.es\/index.php\/wp-json\/wp\/v2\/product"}],"about":[{"href":"https:\/\/chibolita.es\/index.php\/wp-json\/wp\/v2\/types\/product"}],"replies":[{"embeddable":true,"href":"https:\/\/chibolita.es\/index.php\/wp-json\/wp\/v2\/comments?post=8162"}],"wp:featuredmedia":[{"embeddable":true,"href":"https:\/\/chibolita.es\/index.php\/wp-json\/wp\/v2\/media\/8166"}],"wp:attachment":[{"href":"https:\/\/chibolita.es\/index.php\/wp-json\/wp\/v2\/media?parent=8162"}],"wp:term":[{"taxonomy":"product_brand","embeddable":true,"href":"https:\/\/chibolita.es\/index.php\/wp-json\/wp\/v2\/product_brand?post=8162"},{"taxonomy":"product_cat","embeddable":true,"href":"https:\/\/chibolita.es\/index.php\/wp-json\/wp\/v2\/product_cat?post=8162"},{"taxonomy":"product_tag","embeddable":true,"href":"https:\/\/chibolita.es\/index.php\/wp-json\/wp\/v2\/product_tag?post=8162"}],"curies":[{"name":"wp","href":"https:\/\/api.w.org\/{rel}","templated":true}]}}