{"id":8093,"date":"2023-07-10T20:12:13","date_gmt":"2023-07-10T20:12:13","guid":{"rendered":"https:\/\/chibolita.es\/?post_type=product&#038;p=8093"},"modified":"2025-05-29T12:03:26","modified_gmt":"2025-05-29T12:03:26","slug":"intoyou-bdsm-line-sex-machine-vibracion-thrusting-y-calor-control-remoto-usb","status":"publish","type":"product","link":"https:\/\/chibolita.es\/index.php\/product\/intoyou-bdsm-line-sex-machine-vibracion-thrusting-y-calor-control-remoto-usb\/","title":{"rendered":"INTOYOU BDSM LINE SEX MACHINE VIBRACI\u00d3N, THRUSTING Y CALOR CONTROL REMOTO USB"},"content":{"rendered":"<p>Descubre tu lado m\u00e1s fetichista y travieso con la colecci\u00f3n Fetish by Intoyou.<\/p>\n<p>La Sex Machine de Intouyou BDSM Line es un juguete con el que has estado so\u00f1ando, y creeme cuando te digo que ser\u00e1n sue\u00f1os h\u00famedos\u2026<\/p>\n<p>La Sex Machine es un juguete ideado, pensado y creado por y para el placer m\u00e1s b\u00e1sico pero satisfactorio que hay. Cuenta con una base ergon\u00f3mica para que el agarre sea espectacular, pero lo que de verdad te encantar\u00e1 ser\u00e1 el dildo incorporado en la parte superior.<\/p>\n<p>Con una forma realista, con glande redondeado y un cuerpo lleno de venas, este dildo es perfecto para que la experiencia sea real real.<\/p>\n<p>Cuenta con nada m\u00e1s y nada menos que con 10 funciones de vibraci\u00f3n (algo a lo que estamos costumbrados y acostumbradas), pero, al mismo tiempo, cuenta con 10 funciones de thrusting (movimiento up and down) y con una funci\u00f3n de calor.<\/p>\n<p>Podr\u00e1s controlar todas estas funciones desde el controlador en la base de la Sex Machine o desde el control remoto inal\u00e1mbrico incluido. En la base encontrar\u00e1s una ventosa para que puedas poner la Sex Machine en casi cualquier superficie plana y puedas disfrutar donde y cuando quieras.\u00a0 Es recargable por USB, tanto la sex machine como el control remoto.<\/p>\n<p>Caracter\u00edsticas:<\/p>\n<ul>\n<li>10 funciones de thrusting<\/li>\n<li>10 funciones de vibraci\u00f3n<\/li>\n<li>Funci\u00f3n de calor \u2013 hasta 42-50\u00ba aprox. en 10 min<\/li>\n<li>Dildo realista incluido<\/li>\n<li>Con control remoto inal\u00e1mbrico<\/li>\n<li>Recargable por USB<\/li>\n<li>Dildo silicona de alta calidad suave y segura para el cuerpo<\/li>\n<li>Medidas del dildo: 17 cm x 3.5 cm<\/li>\n<\/ul>\n<p>&nbsp;<\/p>\n","protected":false},"excerpt":{"rendered":"<p>Descubre tu lado m\u00e1s fetichista y travieso con la colecci\u00f3n Fetish by Intoyou. La Sex Machine de Intouyou BDSM Line es un juguete con el que has estado so\u00f1ando, y creeme cuando te digo que ser\u00e1n sue\u00f1os h\u00famedos\u2026 La Sex Machine es un juguete ideado, pensado y creado por y para el placer m\u00e1s b\u00e1sico [&hellip;]<\/p>\n","protected":false},"featured_media":8098,"comment_status":"open","ping_status":"closed","template":"","meta":{"_eb_attr":"","site-sidebar-layout":"default","site-content-layout":"default","ast-site-content-layout":"default","site-content-style":"default","site-sidebar-style":"default","ast-global-header-display":"","ast-banner-title-visibility":"","ast-main-header-display":"","ast-hfb-above-header-display":"","ast-hfb-below-header-display":"","ast-hfb-mobile-header-display":"","site-post-title":"","ast-breadcrumbs-content":"","ast-featured-img":"","footer-sml-layout":"","ast-disable-related-posts":"","theme-transparent-header-meta":"default","adv-header-id-meta":"","stick-header-meta":"","header-above-stick-meta":"","header-main-stick-meta":"","header-below-stick-meta":"","astra-migrate-meta-layouts":"default","ast-page-background-enabled":"default","ast-page-background-meta":{"desktop":{"background-color":"var(--ast-global-color-4)","background-image":"","background-repeat":"repeat","background-position":"center center","background-size":"auto","background-attachment":"scroll","background-type":"","background-media":"","overlay-type":"","overlay-color":"","overlay-opacity":"","overlay-gradient":""},"tablet":{"background-color":"","background-image":"","background-repeat":"repeat","background-position":"center center","background-size":"auto","background-attachment":"scroll","background-type":"","background-media":"","overlay-type":"","overlay-color":"","overlay-opacity":"","overlay-gradient":""},"mobile":{"background-color":"","background-image":"","background-repeat":"repeat","background-position":"center center","background-size":"auto","background-attachment":"scroll","background-type":"","background-media":"","overlay-type":"","overlay-color":"","overlay-opacity":"","overlay-gradient":""}},"ast-content-background-meta":{"desktop":{"background-color":"var(--ast-global-color-5)","background-image":"","background-repeat":"repeat","background-position":"center center","background-size":"auto","background-attachment":"scroll","background-type":"","background-media":"","overlay-type":"","overlay-color":"","overlay-opacity":"","overlay-gradient":""},"tablet":{"background-color":"var(--ast-global-color-5)","background-image":"","background-repeat":"repeat","background-position":"center center","background-size":"auto","background-attachment":"scroll","background-type":"","background-media":"","overlay-type":"","overlay-color":"","overlay-opacity":"","overlay-gradient":""},"mobile":{"background-color":"var(--ast-global-color-5)","background-image":"","background-repeat":"repeat","background-position":"center center","background-size":"auto","background-attachment":"scroll","background-type":"","background-media":"","overlay-type":"","overlay-color":"","overlay-opacity":"","overlay-gradient":""}}},"product_brand":[],"product_cat":[261,260,296,262],"product_tag":[],"class_list":{"0":"post-8093","1":"product","2":"type-product","3":"status-publish","4":"has-post-thumbnail","6":"product_cat-dildos","7":"product_cat-dildos-y-vibradores","8":"product_cat-novedades","9":"product_cat-vibradores","10":"desktop-align-left","11":"tablet-align-left","12":"mobile-align-left","14":"first","15":"instock","16":"sale","17":"shipping-taxable","18":"purchasable","19":"product-type-simple"},"_links":{"self":[{"href":"https:\/\/chibolita.es\/index.php\/wp-json\/wp\/v2\/product\/8093","targetHints":{"allow":["GET"]}}],"collection":[{"href":"https:\/\/chibolita.es\/index.php\/wp-json\/wp\/v2\/product"}],"about":[{"href":"https:\/\/chibolita.es\/index.php\/wp-json\/wp\/v2\/types\/product"}],"replies":[{"embeddable":true,"href":"https:\/\/chibolita.es\/index.php\/wp-json\/wp\/v2\/comments?post=8093"}],"wp:featuredmedia":[{"embeddable":true,"href":"https:\/\/chibolita.es\/index.php\/wp-json\/wp\/v2\/media\/8098"}],"wp:attachment":[{"href":"https:\/\/chibolita.es\/index.php\/wp-json\/wp\/v2\/media?parent=8093"}],"wp:term":[{"taxonomy":"product_brand","embeddable":true,"href":"https:\/\/chibolita.es\/index.php\/wp-json\/wp\/v2\/product_brand?post=8093"},{"taxonomy":"product_cat","embeddable":true,"href":"https:\/\/chibolita.es\/index.php\/wp-json\/wp\/v2\/product_cat?post=8093"},{"taxonomy":"product_tag","embeddable":true,"href":"https:\/\/chibolita.es\/index.php\/wp-json\/wp\/v2\/product_tag?post=8093"}],"curies":[{"name":"wp","href":"https:\/\/api.w.org\/{rel}","templated":true}]}}