{"id":8087,"date":"2023-07-10T19:56:59","date_gmt":"2023-07-10T19:56:59","guid":{"rendered":"https:\/\/chibolita.es\/?post_type=product&#038;p=8087"},"modified":"2023-07-10T19:57:54","modified_gmt":"2023-07-10T19:57:54","slug":"shunga-shunga-mini-vela-de-masaje-te-verde","status":"publish","type":"product","link":"https:\/\/chibolita.es\/index.php\/product\/shunga-shunga-mini-vela-de-masaje-te-verde\/","title":{"rendered":"SHUNGA SHUNGA MINI VELA DE MASAJE T\u00c9 VERDE"},"content":{"rendered":"<p>Dar masajes nunca hab\u00eda sido tan especial, sensual y apasionado como con esta vela. Si quieres que miles de sensaciones invadan tu cuerpo, no lo dudes m\u00e1s y prueba esta vela para dar los masajes m\u00e1s especiales que nunca hayas dado.<\/p>\n<p>Esta vela est\u00e1 inspirada en el arte er\u00f3tico japon\u00e9s. Es una verdadera invitaci\u00f3n a un viaje que te dejar\u00e1 con la boca abierta. Estos cosm\u00e9ticos elegantes son una oda de sensualidad, excitaci\u00f3n y pasi\u00f3n. \u00bfTe atreves? \u00a1Que empiece el viaje!<\/p>\n<p>Caracter\u00edsticas:<\/p>\n<ul>\n<li>100% aceite natural.<\/li>\n<li>Medidas del producto: 2,5 cm x 6 cm.<\/li>\n<li>Aroma a t\u00e9 verde.<\/li>\n<li>30 ml.<\/li>\n<\/ul>\n","protected":false},"excerpt":{"rendered":"<p>Dar masajes nunca hab\u00eda sido tan especial, sensual y apasionado como con esta vela. Si quieres que miles de sensaciones invadan tu cuerpo, no lo dudes m\u00e1s y prueba esta vela para dar los masajes m\u00e1s especiales que nunca hayas dado. Esta vela est\u00e1 inspirada en el arte er\u00f3tico japon\u00e9s. Es una verdadera invitaci\u00f3n a [&hellip;]<\/p>\n","protected":false},"featured_media":8088,"comment_status":"open","ping_status":"closed","template":"","meta":{"_eb_attr":"","site-sidebar-layout":"default","site-content-layout":"default","ast-site-content-layout":"default","site-content-style":"default","site-sidebar-style":"default","ast-global-header-display":"","ast-banner-title-visibility":"","ast-main-header-display":"","ast-hfb-above-header-display":"","ast-hfb-below-header-display":"","ast-hfb-mobile-header-display":"","site-post-title":"","ast-breadcrumbs-content":"","ast-featured-img":"","footer-sml-layout":"","ast-disable-related-posts":"","theme-transparent-header-meta":"default","adv-header-id-meta":"","stick-header-meta":"","header-above-stick-meta":"","header-main-stick-meta":"","header-below-stick-meta":"","astra-migrate-meta-layouts":"default","ast-page-background-enabled":"default","ast-page-background-meta":{"desktop":{"background-color":"var(--ast-global-color-4)","background-image":"","background-repeat":"repeat","background-position":"center center","background-size":"auto","background-attachment":"scroll","background-type":"","background-media":"","overlay-type":"","overlay-color":"","overlay-opacity":"","overlay-gradient":""},"tablet":{"background-color":"","background-image":"","background-repeat":"repeat","background-position":"center center","background-size":"auto","background-attachment":"scroll","background-type":"","background-media":"","overlay-type":"","overlay-color":"","overlay-opacity":"","overlay-gradient":""},"mobile":{"background-color":"","background-image":"","background-repeat":"repeat","background-position":"center center","background-size":"auto","background-attachment":"scroll","background-type":"","background-media":"","overlay-type":"","overlay-color":"","overlay-opacity":"","overlay-gradient":""}},"ast-content-background-meta":{"desktop":{"background-color":"var(--ast-global-color-5)","background-image":"","background-repeat":"repeat","background-position":"center center","background-size":"auto","background-attachment":"scroll","background-type":"","background-media":"","overlay-type":"","overlay-color":"","overlay-opacity":"","overlay-gradient":""},"tablet":{"background-color":"var(--ast-global-color-5)","background-image":"","background-repeat":"repeat","background-position":"center center","background-size":"auto","background-attachment":"scroll","background-type":"","background-media":"","overlay-type":"","overlay-color":"","overlay-opacity":"","overlay-gradient":""},"mobile":{"background-color":"var(--ast-global-color-5)","background-image":"","background-repeat":"repeat","background-position":"center center","background-size":"auto","background-attachment":"scroll","background-type":"","background-media":"","overlay-type":"","overlay-color":"","overlay-opacity":"","overlay-gradient":""}}},"product_brand":[],"product_cat":[280,15],"product_tag":[],"class_list":{"0":"post-8087","1":"product","2":"type-product","3":"status-publish","4":"has-post-thumbnail","6":"product_cat-masajes-y-cuidados-corporales","7":"product_cat-uncategorized","8":"desktop-align-left","9":"tablet-align-left","10":"mobile-align-left","12":"first","13":"instock","14":"shipping-taxable","15":"purchasable","16":"product-type-simple"},"_links":{"self":[{"href":"https:\/\/chibolita.es\/index.php\/wp-json\/wp\/v2\/product\/8087","targetHints":{"allow":["GET"]}}],"collection":[{"href":"https:\/\/chibolita.es\/index.php\/wp-json\/wp\/v2\/product"}],"about":[{"href":"https:\/\/chibolita.es\/index.php\/wp-json\/wp\/v2\/types\/product"}],"replies":[{"embeddable":true,"href":"https:\/\/chibolita.es\/index.php\/wp-json\/wp\/v2\/comments?post=8087"}],"wp:featuredmedia":[{"embeddable":true,"href":"https:\/\/chibolita.es\/index.php\/wp-json\/wp\/v2\/media\/8088"}],"wp:attachment":[{"href":"https:\/\/chibolita.es\/index.php\/wp-json\/wp\/v2\/media?parent=8087"}],"wp:term":[{"taxonomy":"product_brand","embeddable":true,"href":"https:\/\/chibolita.es\/index.php\/wp-json\/wp\/v2\/product_brand?post=8087"},{"taxonomy":"product_cat","embeddable":true,"href":"https:\/\/chibolita.es\/index.php\/wp-json\/wp\/v2\/product_cat?post=8087"},{"taxonomy":"product_tag","embeddable":true,"href":"https:\/\/chibolita.es\/index.php\/wp-json\/wp\/v2\/product_tag?post=8087"}],"curies":[{"name":"wp","href":"https:\/\/api.w.org\/{rel}","templated":true}]}}