{"id":8082,"date":"2023-07-10T19:54:26","date_gmt":"2023-07-10T19:54:26","guid":{"rendered":"https:\/\/chibolita.es\/?post_type=product&#038;p=8082"},"modified":"2023-07-10T19:56:11","modified_gmt":"2023-07-10T19:56:11","slug":"unihorn-queenred-succionador-con-lengua-estimuladora-rojo","status":"publish","type":"product","link":"https:\/\/chibolita.es\/index.php\/product\/unihorn-queenred-succionador-con-lengua-estimuladora-rojo\/","title":{"rendered":"\u00dcNIH\u00d6RN QUEENRED SUCCIONADOR CON LENGUA ESTIMULADORA ROJO"},"content":{"rendered":"<p>No nos cansamos de innovar dentro de Unihorn.<\/p>\n<p>Dale la bienvenida a QueenRed, el succionador con lengua que has estado esperando.<\/p>\n<p>Este masajeador cuenta con una forma de lo m\u00e1s peculiar. Con un cuerpo redondeado, pensado para la m\u00e1xima comodidad, cuenta con una coronita en la zona superior, porque ser\u00e1s la reina mientras la utilices.<\/p>\n<p>QueenRed cuenta con 10 modos de vibraci\u00f3n, que hace que la lenguita que encontrar\u00e1s en el interior de la corona se mueva simulando el sexo oral. Al mismo tiempo, podr\u00e1s disfrutar de 10 funciones de succi\u00f3n, para que disfrutes del placer que siempre has deseado.<\/p>\n<p>La lengua de QueenRed es flexible y suave, perfecta para una estimulaci\u00f3n extra sensual. Cuenta con un cargador con el que podr\u00e1s cargar a QueenRed de manera muy sencilla. Como el resto de la familia de \u00dcnih\u00f6rn, sus materiales de silicona son de la m\u00e1s alta calidad, muy resistentes e impermeables IPX6.<\/p>\n<p>Recuerda que para que tu experiencia sea superior debes utilizar un buen lubricante a base de agua, como el N-506. Y para que puedas disfrutar de QueenRed todo el tiempo que quieras recuerda limpiarlo antes y despu\u00e9s de cada uso con jab\u00f3n PH neutro y agua tibia o con un buen limpiador de juguetes, como el N-507.<\/p>\n<p>Caracter\u00edsticas:<\/p>\n<ul>\n<li>10 funciones de vibraci\u00f3n<\/li>\n<li>10 funciones de succi\u00f3n<\/li>\n<li>Potente motor<\/li>\n<li>Forma delicada y elegante<\/li>\n<li>FDA Silicona suave de alta calidad<\/li>\n<li>Recargable por USB<\/li>\n<li>Impermeable IPX6<\/li>\n<li>Controles de f\u00e1cil uso<\/li>\n<li>Medidas: 4.6 cm x 4.6 cm x 8.5 cm<\/li>\n<li>Peso: 80 gr<\/li>\n<\/ul>\n<p>&nbsp;<\/p>\n","protected":false},"excerpt":{"rendered":"<p>No nos cansamos de innovar dentro de Unihorn. Dale la bienvenida a QueenRed, el succionador con lengua que has estado esperando. Este masajeador cuenta con una forma de lo m\u00e1s peculiar. Con un cuerpo redondeado, pensado para la m\u00e1xima comodidad, cuenta con una coronita en la zona superior, porque ser\u00e1s la reina mientras la utilices. [&hellip;]<\/p>\n","protected":false},"featured_media":8086,"comment_status":"open","ping_status":"closed","template":"","meta":{"_eb_attr":"","site-sidebar-layout":"default","site-content-layout":"default","ast-site-content-layout":"default","site-content-style":"default","site-sidebar-style":"default","ast-global-header-display":"","ast-banner-title-visibility":"","ast-main-header-display":"","ast-hfb-above-header-display":"","ast-hfb-below-header-display":"","ast-hfb-mobile-header-display":"","site-post-title":"","ast-breadcrumbs-content":"","ast-featured-img":"","footer-sml-layout":"","ast-disable-related-posts":"","theme-transparent-header-meta":"default","adv-header-id-meta":"","stick-header-meta":"","header-above-stick-meta":"","header-main-stick-meta":"","header-below-stick-meta":"","astra-migrate-meta-layouts":"default","ast-page-background-enabled":"default","ast-page-background-meta":{"desktop":{"background-color":"var(--ast-global-color-4)","background-image":"","background-repeat":"repeat","background-position":"center center","background-size":"auto","background-attachment":"scroll","background-type":"","background-media":"","overlay-type":"","overlay-color":"","overlay-opacity":"","overlay-gradient":""},"tablet":{"background-color":"","background-image":"","background-repeat":"repeat","background-position":"center center","background-size":"auto","background-attachment":"scroll","background-type":"","background-media":"","overlay-type":"","overlay-color":"","overlay-opacity":"","overlay-gradient":""},"mobile":{"background-color":"","background-image":"","background-repeat":"repeat","background-position":"center center","background-size":"auto","background-attachment":"scroll","background-type":"","background-media":"","overlay-type":"","overlay-color":"","overlay-opacity":"","overlay-gradient":""}},"ast-content-background-meta":{"desktop":{"background-color":"var(--ast-global-color-5)","background-image":"","background-repeat":"repeat","background-position":"center center","background-size":"auto","background-attachment":"scroll","background-type":"","background-media":"","overlay-type":"","overlay-color":"","overlay-opacity":"","overlay-gradient":""},"tablet":{"background-color":"var(--ast-global-color-5)","background-image":"","background-repeat":"repeat","background-position":"center center","background-size":"auto","background-attachment":"scroll","background-type":"","background-media":"","overlay-type":"","overlay-color":"","overlay-opacity":"","overlay-gradient":""},"mobile":{"background-color":"var(--ast-global-color-5)","background-image":"","background-repeat":"repeat","background-position":"center center","background-size":"auto","background-attachment":"scroll","background-type":"","background-media":"","overlay-type":"","overlay-color":"","overlay-opacity":"","overlay-gradient":""}}},"product_brand":[],"product_cat":[15,260,296,263],"product_tag":[],"class_list":{"0":"post-8082","1":"product","2":"type-product","3":"status-publish","4":"has-post-thumbnail","6":"product_cat-uncategorized","7":"product_cat-dildos-y-vibradores","8":"product_cat-novedades","9":"product_cat-vibradores-lay-on-clitoris","10":"desktop-align-left","11":"tablet-align-left","12":"mobile-align-left","14":"first","15":"instock","16":"sale","17":"shipping-taxable","18":"purchasable","19":"product-type-simple"},"_links":{"self":[{"href":"https:\/\/chibolita.es\/index.php\/wp-json\/wp\/v2\/product\/8082","targetHints":{"allow":["GET"]}}],"collection":[{"href":"https:\/\/chibolita.es\/index.php\/wp-json\/wp\/v2\/product"}],"about":[{"href":"https:\/\/chibolita.es\/index.php\/wp-json\/wp\/v2\/types\/product"}],"replies":[{"embeddable":true,"href":"https:\/\/chibolita.es\/index.php\/wp-json\/wp\/v2\/comments?post=8082"}],"wp:featuredmedia":[{"embeddable":true,"href":"https:\/\/chibolita.es\/index.php\/wp-json\/wp\/v2\/media\/8086"}],"wp:attachment":[{"href":"https:\/\/chibolita.es\/index.php\/wp-json\/wp\/v2\/media?parent=8082"}],"wp:term":[{"taxonomy":"product_brand","embeddable":true,"href":"https:\/\/chibolita.es\/index.php\/wp-json\/wp\/v2\/product_brand?post=8082"},{"taxonomy":"product_cat","embeddable":true,"href":"https:\/\/chibolita.es\/index.php\/wp-json\/wp\/v2\/product_cat?post=8082"},{"taxonomy":"product_tag","embeddable":true,"href":"https:\/\/chibolita.es\/index.php\/wp-json\/wp\/v2\/product_tag?post=8082"}],"curies":[{"name":"wp","href":"https:\/\/api.w.org\/{rel}","templated":true}]}}