{"id":8065,"date":"2023-07-10T12:29:41","date_gmt":"2023-07-10T12:29:41","guid":{"rendered":"https:\/\/chibolita.es\/?post_type=product&#038;p=8065"},"modified":"2023-07-10T12:30:57","modified_gmt":"2023-07-10T12:30:57","slug":"king-cock-pene-eyaculador-con-testiculos-11-color-natural","status":"publish","type":"product","link":"https:\/\/chibolita.es\/index.php\/product\/king-cock-pene-eyaculador-con-testiculos-11-color-natural\/","title":{"rendered":"KING COCK PENE EYACULADOR CON TEST\u00cdCULOS 11&#8243; &#8211; COLOR NATURAL"},"content":{"rendered":"<p>Este King Cock ultra-realista puede satisfacer todos tus antojos, \u00a1incluso el de tener un pene que eyacula! Esculpidos a mano con extremo mimo, atenci\u00f3n y obsesi\u00f3n por el detalle, los King Squirters King son los consoladores eyaculadores m\u00e1s exitosos en el mercado. Cada King Cock Eyaculador est\u00e1 libre de ftalatos, sin l\u00e1tex, seguro para el cuerpo, hipoalerg\u00e9nico y fabricado en los Estados Unidos.<\/p>\n<p>Incluye:<\/p>\n<ul>\n<li>King Cock de 11&#8243; (27,9 cm)<\/li>\n<li>Cargador de semen artificial.<\/li>\n<li>1 bote de semen artificial.<\/li>\n<li>1 bote de limpiador del juguete.<\/li>\n<\/ul>\n<p>Caracter\u00edsticas:<\/p>\n<ul>\n<li>Longitud Insertable: 9&#8243; (22,8 cm)<\/li>\n<li>Ancho: 2,6&#8243; (6,6 cm)<\/li>\n<\/ul>\n","protected":false},"excerpt":{"rendered":"<p>Este King Cock ultra-realista puede satisfacer todos tus antojos, \u00a1incluso el de tener un pene que eyacula! Esculpidos a mano con extremo mimo, atenci\u00f3n y obsesi\u00f3n por el detalle, los King Squirters King son los consoladores eyaculadores m\u00e1s exitosos en el mercado. Cada King Cock Eyaculador est\u00e1 libre de ftalatos, sin l\u00e1tex, seguro para el [&hellip;]<\/p>\n","protected":false},"featured_media":8069,"comment_status":"open","ping_status":"closed","template":"","meta":{"_eb_attr":"","site-sidebar-layout":"default","site-content-layout":"default","ast-site-content-layout":"default","site-content-style":"default","site-sidebar-style":"default","ast-global-header-display":"","ast-banner-title-visibility":"","ast-main-header-display":"","ast-hfb-above-header-display":"","ast-hfb-below-header-display":"","ast-hfb-mobile-header-display":"","site-post-title":"","ast-breadcrumbs-content":"","ast-featured-img":"","footer-sml-layout":"","ast-disable-related-posts":"","theme-transparent-header-meta":"default","adv-header-id-meta":"","stick-header-meta":"","header-above-stick-meta":"","header-main-stick-meta":"","header-below-stick-meta":"","astra-migrate-meta-layouts":"default","ast-page-background-enabled":"default","ast-page-background-meta":{"desktop":{"background-color":"var(--ast-global-color-4)","background-image":"","background-repeat":"repeat","background-position":"center center","background-size":"auto","background-attachment":"scroll","background-type":"","background-media":"","overlay-type":"","overlay-color":"","overlay-opacity":"","overlay-gradient":""},"tablet":{"background-color":"","background-image":"","background-repeat":"repeat","background-position":"center center","background-size":"auto","background-attachment":"scroll","background-type":"","background-media":"","overlay-type":"","overlay-color":"","overlay-opacity":"","overlay-gradient":""},"mobile":{"background-color":"","background-image":"","background-repeat":"repeat","background-position":"center center","background-size":"auto","background-attachment":"scroll","background-type":"","background-media":"","overlay-type":"","overlay-color":"","overlay-opacity":"","overlay-gradient":""}},"ast-content-background-meta":{"desktop":{"background-color":"var(--ast-global-color-5)","background-image":"","background-repeat":"repeat","background-position":"center center","background-size":"auto","background-attachment":"scroll","background-type":"","background-media":"","overlay-type":"","overlay-color":"","overlay-opacity":"","overlay-gradient":""},"tablet":{"background-color":"var(--ast-global-color-5)","background-image":"","background-repeat":"repeat","background-position":"center center","background-size":"auto","background-attachment":"scroll","background-type":"","background-media":"","overlay-type":"","overlay-color":"","overlay-opacity":"","overlay-gradient":""},"mobile":{"background-color":"var(--ast-global-color-5)","background-image":"","background-repeat":"repeat","background-position":"center center","background-size":"auto","background-attachment":"scroll","background-type":"","background-media":"","overlay-type":"","overlay-color":"","overlay-opacity":"","overlay-gradient":""}}},"product_brand":[],"product_cat":[261,260,296],"product_tag":[],"class_list":{"0":"post-8065","1":"product","2":"type-product","3":"status-publish","4":"has-post-thumbnail","6":"product_cat-dildos","7":"product_cat-dildos-y-vibradores","8":"product_cat-novedades","9":"desktop-align-left","10":"tablet-align-left","11":"mobile-align-left","13":"first","14":"instock","15":"sale","16":"shipping-taxable","17":"purchasable","18":"product-type-simple"},"_links":{"self":[{"href":"https:\/\/chibolita.es\/index.php\/wp-json\/wp\/v2\/product\/8065","targetHints":{"allow":["GET"]}}],"collection":[{"href":"https:\/\/chibolita.es\/index.php\/wp-json\/wp\/v2\/product"}],"about":[{"href":"https:\/\/chibolita.es\/index.php\/wp-json\/wp\/v2\/types\/product"}],"replies":[{"embeddable":true,"href":"https:\/\/chibolita.es\/index.php\/wp-json\/wp\/v2\/comments?post=8065"}],"wp:featuredmedia":[{"embeddable":true,"href":"https:\/\/chibolita.es\/index.php\/wp-json\/wp\/v2\/media\/8069"}],"wp:attachment":[{"href":"https:\/\/chibolita.es\/index.php\/wp-json\/wp\/v2\/media?parent=8065"}],"wp:term":[{"taxonomy":"product_brand","embeddable":true,"href":"https:\/\/chibolita.es\/index.php\/wp-json\/wp\/v2\/product_brand?post=8065"},{"taxonomy":"product_cat","embeddable":true,"href":"https:\/\/chibolita.es\/index.php\/wp-json\/wp\/v2\/product_cat?post=8065"},{"taxonomy":"product_tag","embeddable":true,"href":"https:\/\/chibolita.es\/index.php\/wp-json\/wp\/v2\/product_tag?post=8065"}],"curies":[{"name":"wp","href":"https:\/\/api.w.org\/{rel}","templated":true}]}}