{"id":8059,"date":"2023-07-10T12:26:37","date_gmt":"2023-07-10T12:26:37","guid":{"rendered":"https:\/\/chibolita.es\/?post_type=product&#038;p=8059"},"modified":"2023-07-10T12:28:45","modified_gmt":"2023-07-10T12:28:45","slug":"pdx-toyz-masturbador-realistico-pene-con-testiculos","status":"publish","type":"product","link":"https:\/\/chibolita.es\/index.php\/product\/pdx-toyz-masturbador-realistico-pene-con-testiculos\/","title":{"rendered":"PDX TOYZ MASTURBADOR REAL\u00cdSTICO PENE CON TEST\u00cdCULOS"},"content":{"rendered":"<p>Siempre has so\u00f1ado con montar un gran pene como este, asi que, \u00bfa qu\u00e9 est\u00e1s esperando? Col\u00f3calo sobre su espalda, utiliza el lubricante y d\u00e1le duro durante toda la noche. Desde su sexy six pack, hasta su cintura y su enorme pene este macho est\u00e1 listo para ser montado. Es tu juguete personal para hacer lo que te plazca y que cumple todas tus fantas\u00edas.<\/p>\n<p>Hecho a partir de nuestra incre\u00edblemente y realista Fanta-Flesh, este mega masturbador es genial. Aprieta sus bolas y siente los test\u00edculos firmes dentro de su saco. Mete un dedo en su peque\u00f1o culo mientras que te la metes en la boca o en otro sitio, \u00e9l nunca dir\u00e1 que no.<\/p>\n<p>Mete su gran pene dentro de ti, el suave y flexible material Fanta-Flesh se calienta a la temperatura corporal y te sentir\u00e1s que lo haces con una de verdad. Este gal\u00e1n nunca se vuelve blando o fl\u00e1cido justo cuando est\u00e1s a punto de llegar al cl\u00edmax. Dile adi\u00f3s a esas decepciones a mitad de camino para siempre. \u00a1\u00c9l siempre est\u00e1 listo para hacer lo que t\u00fa quieras, donde y cuando quieras!<\/p>\n<p>Cada detalle est\u00e1 moldeado a partir del hombre perfecto. \u00dasalo en el dormitorio con tu pareja y disfrutad de un tr\u00edo inolvidable, no te sentir\u00e1s culpable por traer a otra persona y tambi\u00e9n es mucho m\u00e1s seguro! Puedes utilizarlo en la cama, en el fregadero o la mesa, o incluso en el suelo. Le encanta probar cosas nuevas y nunca dir\u00e1 que no.<\/p>\n<p>Para limpiar, simplemente limpia con Pipedream Toy Cleaner y agua caliente. Despu\u00e9s de que el masturbador se seque por completo, aplica Pipedream Extreme Revive en polvo para quitar el exceso e humedad.<\/p>\n<p>Caracter\u00edsticas:<\/p>\n<ul>\n<li>Anchura: 3.8 cm<\/li>\n<li>Longitud: 17.8 cm<\/li>\n<li>Loci\u00f3n Incluida<\/li>\n<li>Limpiador de Juguete Incluido<\/li>\n<li>Realista<\/li>\n<li>Libre de ftalatos<\/li>\n<li>Entrada \u00fanica<\/li>\n<li>Unisex<\/li>\n<\/ul>\n","protected":false},"excerpt":{"rendered":"<p>Siempre has so\u00f1ado con montar un gran pene como este, asi que, \u00bfa qu\u00e9 est\u00e1s esperando? Col\u00f3calo sobre su espalda, utiliza el lubricante y d\u00e1le duro durante toda la noche. Desde su sexy six pack, hasta su cintura y su enorme pene este macho est\u00e1 listo para ser montado. Es tu juguete personal para hacer [&hellip;]<\/p>\n","protected":false},"featured_media":8064,"comment_status":"open","ping_status":"closed","template":"","meta":{"_eb_attr":"","site-sidebar-layout":"default","site-content-layout":"default","ast-site-content-layout":"default","site-content-style":"default","site-sidebar-style":"default","ast-global-header-display":"","ast-banner-title-visibility":"","ast-main-header-display":"","ast-hfb-above-header-display":"","ast-hfb-below-header-display":"","ast-hfb-mobile-header-display":"","site-post-title":"","ast-breadcrumbs-content":"","ast-featured-img":"","footer-sml-layout":"","ast-disable-related-posts":"","theme-transparent-header-meta":"default","adv-header-id-meta":"","stick-header-meta":"","header-above-stick-meta":"","header-main-stick-meta":"","header-below-stick-meta":"","astra-migrate-meta-layouts":"default","ast-page-background-enabled":"default","ast-page-background-meta":{"desktop":{"background-color":"var(--ast-global-color-4)","background-image":"","background-repeat":"repeat","background-position":"center center","background-size":"auto","background-attachment":"scroll","background-type":"","background-media":"","overlay-type":"","overlay-color":"","overlay-opacity":"","overlay-gradient":""},"tablet":{"background-color":"","background-image":"","background-repeat":"repeat","background-position":"center center","background-size":"auto","background-attachment":"scroll","background-type":"","background-media":"","overlay-type":"","overlay-color":"","overlay-opacity":"","overlay-gradient":""},"mobile":{"background-color":"","background-image":"","background-repeat":"repeat","background-position":"center center","background-size":"auto","background-attachment":"scroll","background-type":"","background-media":"","overlay-type":"","overlay-color":"","overlay-opacity":"","overlay-gradient":""}},"ast-content-background-meta":{"desktop":{"background-color":"var(--ast-global-color-5)","background-image":"","background-repeat":"repeat","background-position":"center center","background-size":"auto","background-attachment":"scroll","background-type":"","background-media":"","overlay-type":"","overlay-color":"","overlay-opacity":"","overlay-gradient":""},"tablet":{"background-color":"var(--ast-global-color-5)","background-image":"","background-repeat":"repeat","background-position":"center center","background-size":"auto","background-attachment":"scroll","background-type":"","background-media":"","overlay-type":"","overlay-color":"","overlay-opacity":"","overlay-gradient":""},"mobile":{"background-color":"var(--ast-global-color-5)","background-image":"","background-repeat":"repeat","background-position":"center center","background-size":"auto","background-attachment":"scroll","background-type":"","background-media":"","overlay-type":"","overlay-color":"","overlay-opacity":"","overlay-gradient":""}}},"product_brand":[],"product_cat":[261,260,273,276,296,268,15],"product_tag":[],"class_list":{"0":"post-8059","1":"product","2":"type-product","3":"status-publish","4":"has-post-thumbnail","6":"product_cat-dildos","7":"product_cat-dildos-y-vibradores","8":"product_cat-juguetes-para-hombres","9":"product_cat-masturbadores-para-ellos","10":"product_cat-novedades","11":"product_cat-special-gay","12":"product_cat-uncategorized","13":"desktop-align-left","14":"tablet-align-left","15":"mobile-align-left","17":"first","18":"instock","19":"sale","20":"shipping-taxable","21":"purchasable","22":"product-type-simple"},"_links":{"self":[{"href":"https:\/\/chibolita.es\/index.php\/wp-json\/wp\/v2\/product\/8059","targetHints":{"allow":["GET"]}}],"collection":[{"href":"https:\/\/chibolita.es\/index.php\/wp-json\/wp\/v2\/product"}],"about":[{"href":"https:\/\/chibolita.es\/index.php\/wp-json\/wp\/v2\/types\/product"}],"replies":[{"embeddable":true,"href":"https:\/\/chibolita.es\/index.php\/wp-json\/wp\/v2\/comments?post=8059"}],"wp:featuredmedia":[{"embeddable":true,"href":"https:\/\/chibolita.es\/index.php\/wp-json\/wp\/v2\/media\/8064"}],"wp:attachment":[{"href":"https:\/\/chibolita.es\/index.php\/wp-json\/wp\/v2\/media?parent=8059"}],"wp:term":[{"taxonomy":"product_brand","embeddable":true,"href":"https:\/\/chibolita.es\/index.php\/wp-json\/wp\/v2\/product_brand?post=8059"},{"taxonomy":"product_cat","embeddable":true,"href":"https:\/\/chibolita.es\/index.php\/wp-json\/wp\/v2\/product_cat?post=8059"},{"taxonomy":"product_tag","embeddable":true,"href":"https:\/\/chibolita.es\/index.php\/wp-json\/wp\/v2\/product_tag?post=8059"}],"curies":[{"name":"wp","href":"https:\/\/api.w.org\/{rel}","templated":true}]}}