{"id":7990,"date":"2023-07-03T21:51:51","date_gmt":"2023-07-03T21:51:51","guid":{"rendered":"https:\/\/chibolita.es\/?post_type=product&#038;p=7990"},"modified":"2023-07-03T21:52:52","modified_gmt":"2023-07-03T21:52:52","slug":"pumpworx-pump-worx-succionador-vibrador-para-principiantes-color-negro","status":"publish","type":"product","link":"https:\/\/chibolita.es\/index.php\/product\/pumpworx-pump-worx-succionador-vibrador-para-principiantes-color-negro\/","title":{"rendered":"PUMPWORX PUMP WORX SUCCIONADOR VIBRADOR PARA PRINCIPIANTES COLOR NEGRO"},"content":{"rendered":"<p>La bomba vibradora para principiantes te dar\u00e1 el tama\u00f1o y la confianza que siempre has so\u00f1ado sin ning\u00fan efecto secundario. Con cada compresi\u00f3n de la bomba tu placer ir\u00e1 aumentando, al igual que tu polla. Una vez que la metas en el material suave y flexible de PVC, te encontrar\u00e1s r\u00e1pidamente con erecciones palpitantes que duran y duran sin interrupciones. El tubo de vac\u00edo claro te permite vertela crecer, y la v\u00e1lvula de liberaci\u00f3n r\u00e1pida alivia la presi\u00f3n con pulsar un bot\u00f3n. Elige una velocidad en la bala vibradora y disfruta de la estimulaci\u00f3n extra. \u00a1Cuidado con las imitaciones! \u00a1Solamente esta bomba puede dar los resultados que satisfacen de verdad!<\/p>\n<p>Para prolongar la eyaculaci\u00f3n, desliza el anillo de mejora incluido sobre tu pene hasta que est\u00e9 c\u00f3modo. El estrecho apret\u00f3n te ayudar\u00e1 a mantener la erecci\u00f3n y a ampliar la diversi\u00f3n.<\/p>\n<p>Cuando hayas terminados, simplemente separa el cilindro de la manguera de vac\u00edo y usa Pipedream Toy Cleaner y agua caliente.<\/p>\n<p>Caracter\u00edsticas:<\/p>\n<ul>\n<li>Loci\u00f3n Incluida<\/li>\n<li>Limpiador de Juguete Incluido<\/li>\n<li>Control Remoto<\/li>\n<li>Libre de ftalatos<\/li>\n<li>Multivelocidad<\/li>\n<li>Chupa y Bombea<\/li>\n<li>Vibra<\/li>\n<\/ul>\n","protected":false},"excerpt":{"rendered":"<p>La bomba vibradora para principiantes te dar\u00e1 el tama\u00f1o y la confianza que siempre has so\u00f1ado sin ning\u00fan efecto secundario. Con cada compresi\u00f3n de la bomba tu placer ir\u00e1 aumentando, al igual que tu polla. Una vez que la metas en el material suave y flexible de PVC, te encontrar\u00e1s r\u00e1pidamente con erecciones palpitantes que [&hellip;]<\/p>\n","protected":false},"featured_media":7994,"comment_status":"open","ping_status":"closed","template":"","meta":{"_eb_attr":"","site-sidebar-layout":"default","site-content-layout":"default","ast-site-content-layout":"default","site-content-style":"default","site-sidebar-style":"default","ast-global-header-display":"","ast-banner-title-visibility":"","ast-main-header-display":"","ast-hfb-above-header-display":"","ast-hfb-below-header-display":"","ast-hfb-mobile-header-display":"","site-post-title":"","ast-breadcrumbs-content":"","ast-featured-img":"","footer-sml-layout":"","ast-disable-related-posts":"","theme-transparent-header-meta":"default","adv-header-id-meta":"","stick-header-meta":"","header-above-stick-meta":"","header-main-stick-meta":"","header-below-stick-meta":"","astra-migrate-meta-layouts":"default","ast-page-background-enabled":"default","ast-page-background-meta":{"desktop":{"background-color":"var(--ast-global-color-4)","background-image":"","background-repeat":"repeat","background-position":"center center","background-size":"auto","background-attachment":"scroll","background-type":"","background-media":"","overlay-type":"","overlay-color":"","overlay-opacity":"","overlay-gradient":""},"tablet":{"background-color":"","background-image":"","background-repeat":"repeat","background-position":"center center","background-size":"auto","background-attachment":"scroll","background-type":"","background-media":"","overlay-type":"","overlay-color":"","overlay-opacity":"","overlay-gradient":""},"mobile":{"background-color":"","background-image":"","background-repeat":"repeat","background-position":"center center","background-size":"auto","background-attachment":"scroll","background-type":"","background-media":"","overlay-type":"","overlay-color":"","overlay-opacity":"","overlay-gradient":""}},"ast-content-background-meta":{"desktop":{"background-color":"var(--ast-global-color-5)","background-image":"","background-repeat":"repeat","background-position":"center center","background-size":"auto","background-attachment":"scroll","background-type":"","background-media":"","overlay-type":"","overlay-color":"","overlay-opacity":"","overlay-gradient":""},"tablet":{"background-color":"var(--ast-global-color-5)","background-image":"","background-repeat":"repeat","background-position":"center center","background-size":"auto","background-attachment":"scroll","background-type":"","background-media":"","overlay-type":"","overlay-color":"","overlay-opacity":"","overlay-gradient":""},"mobile":{"background-color":"var(--ast-global-color-5)","background-image":"","background-repeat":"repeat","background-position":"center center","background-size":"auto","background-attachment":"scroll","background-type":"","background-media":"","overlay-type":"","overlay-color":"","overlay-opacity":"","overlay-gradient":""}}},"product_brand":[],"product_cat":[243,275],"product_tag":[],"class_list":{"0":"post-7990","1":"product","2":"type-product","3":"status-publish","4":"has-post-thumbnail","6":"product_cat-aumento-del-pene","7":"product_cat-bomba-alargadora-pene","8":"desktop-align-left","9":"tablet-align-left","10":"mobile-align-left","12":"first","13":"instock","14":"sale","15":"shipping-taxable","16":"purchasable","17":"product-type-simple"},"_links":{"self":[{"href":"https:\/\/chibolita.es\/index.php\/wp-json\/wp\/v2\/product\/7990","targetHints":{"allow":["GET"]}}],"collection":[{"href":"https:\/\/chibolita.es\/index.php\/wp-json\/wp\/v2\/product"}],"about":[{"href":"https:\/\/chibolita.es\/index.php\/wp-json\/wp\/v2\/types\/product"}],"replies":[{"embeddable":true,"href":"https:\/\/chibolita.es\/index.php\/wp-json\/wp\/v2\/comments?post=7990"}],"wp:featuredmedia":[{"embeddable":true,"href":"https:\/\/chibolita.es\/index.php\/wp-json\/wp\/v2\/media\/7994"}],"wp:attachment":[{"href":"https:\/\/chibolita.es\/index.php\/wp-json\/wp\/v2\/media?parent=7990"}],"wp:term":[{"taxonomy":"product_brand","embeddable":true,"href":"https:\/\/chibolita.es\/index.php\/wp-json\/wp\/v2\/product_brand?post=7990"},{"taxonomy":"product_cat","embeddable":true,"href":"https:\/\/chibolita.es\/index.php\/wp-json\/wp\/v2\/product_cat?post=7990"},{"taxonomy":"product_tag","embeddable":true,"href":"https:\/\/chibolita.es\/index.php\/wp-json\/wp\/v2\/product_tag?post=7990"}],"curies":[{"name":"wp","href":"https:\/\/api.w.org\/{rel}","templated":true}]}}