{"id":7985,"date":"2023-07-03T21:50:09","date_gmt":"2023-07-03T21:50:09","guid":{"rendered":"https:\/\/chibolita.es\/?post_type=product&#038;p=7985"},"modified":"2023-07-03T22:05:17","modified_gmt":"2023-07-03T22:05:17","slug":"xl-sucker-xlsucker-bomba-de-succion-para-pene-color-negro","status":"publish","type":"product","link":"https:\/\/chibolita.es\/index.php\/product\/xl-sucker-xlsucker-bomba-de-succion-para-pene-color-negro\/","title":{"rendered":"XL SUCKER XLSUCKER BOMBA DE SUCCI\u00d3N PARA PENE COLOR NEGRO"},"content":{"rendered":"<p>\u00a1Ahora es m\u00e1s f\u00e1cil que nunca aumentar de tama\u00f1o tu pene! Las bombas para pene son los potenciadores de erecci\u00f3n no quir\u00fargicos m\u00e1s avanzados del mercado. XLsucker es un cilindro de pl\u00e1stico que se adapta a tu pene y te ayuda a obtener una erecci\u00f3n, o una erecci\u00f3n m\u00e1s potente, mediante la succi\u00f3n. A medida que se succiona el aire en el cilindro, el vac\u00edo atrae tu miembro hacia el interior acumul\u00e1ndose m\u00e1s sangre. \u00a1Despu\u00e9s de quitar el cilindro, el resultado es un aumento temporal y una erecci\u00f3n m\u00e1s impresionante!<\/p>\n<p>Para obtener el mejor efecto querr\u00e1s comenzar despacio. Aplica un poco de lubricante a la base de la bomba para crear una succi\u00f3n y un buen sellado. Deslice el pene (pero no los test\u00edculos) en el cilindro y aprieta la bomba lentamente y observa c\u00f3mo aumenta de tama\u00f1o. Si eres un principiante te recomendamos soltar toda la presi\u00f3n despu\u00e9s de aproximadamente 10 minutos usando la v\u00e1lvula de liberaci\u00f3n r\u00e1pida que te permite controlar la intensidad de succi\u00f3n.<\/p>\n<p>Las bombas de succi\u00f3n tambi\u00e9n aumentan las sensaciones intensas para la masturbaci\u00f3n o el sexo con una pareja.<\/p>\n<p>Medidas:<\/p>\n<ul>\n<li>5 cm de ancho<\/li>\n<li>19,5 cm de profundidad<\/li>\n<\/ul>\n","protected":false},"excerpt":{"rendered":"<p>\u00a1Ahora es m\u00e1s f\u00e1cil que nunca aumentar de tama\u00f1o tu pene! Las bombas para pene son los potenciadores de erecci\u00f3n no quir\u00fargicos m\u00e1s avanzados del mercado. XLsucker es un cilindro de pl\u00e1stico que se adapta a tu pene y te ayuda a obtener una erecci\u00f3n, o una erecci\u00f3n m\u00e1s potente, mediante la succi\u00f3n. A medida [&hellip;]<\/p>\n","protected":false},"featured_media":7989,"comment_status":"open","ping_status":"closed","template":"","meta":{"_eb_attr":"","site-sidebar-layout":"default","site-content-layout":"default","ast-site-content-layout":"default","site-content-style":"default","site-sidebar-style":"default","ast-global-header-display":"","ast-banner-title-visibility":"","ast-main-header-display":"","ast-hfb-above-header-display":"","ast-hfb-below-header-display":"","ast-hfb-mobile-header-display":"","site-post-title":"","ast-breadcrumbs-content":"","ast-featured-img":"","footer-sml-layout":"","ast-disable-related-posts":"","theme-transparent-header-meta":"default","adv-header-id-meta":"","stick-header-meta":"","header-above-stick-meta":"","header-main-stick-meta":"","header-below-stick-meta":"","astra-migrate-meta-layouts":"default","ast-page-background-enabled":"default","ast-page-background-meta":{"desktop":{"background-color":"var(--ast-global-color-4)","background-image":"","background-repeat":"repeat","background-position":"center center","background-size":"auto","background-attachment":"scroll","background-type":"","background-media":"","overlay-type":"","overlay-color":"","overlay-opacity":"","overlay-gradient":""},"tablet":{"background-color":"","background-image":"","background-repeat":"repeat","background-position":"center center","background-size":"auto","background-attachment":"scroll","background-type":"","background-media":"","overlay-type":"","overlay-color":"","overlay-opacity":"","overlay-gradient":""},"mobile":{"background-color":"","background-image":"","background-repeat":"repeat","background-position":"center center","background-size":"auto","background-attachment":"scroll","background-type":"","background-media":"","overlay-type":"","overlay-color":"","overlay-opacity":"","overlay-gradient":""}},"ast-content-background-meta":{"desktop":{"background-color":"var(--ast-global-color-5)","background-image":"","background-repeat":"repeat","background-position":"center center","background-size":"auto","background-attachment":"scroll","background-type":"","background-media":"","overlay-type":"","overlay-color":"","overlay-opacity":"","overlay-gradient":""},"tablet":{"background-color":"var(--ast-global-color-5)","background-image":"","background-repeat":"repeat","background-position":"center center","background-size":"auto","background-attachment":"scroll","background-type":"","background-media":"","overlay-type":"","overlay-color":"","overlay-opacity":"","overlay-gradient":""},"mobile":{"background-color":"var(--ast-global-color-5)","background-image":"","background-repeat":"repeat","background-position":"center center","background-size":"auto","background-attachment":"scroll","background-type":"","background-media":"","overlay-type":"","overlay-color":"","overlay-opacity":"","overlay-gradient":""}}},"product_brand":[],"product_cat":[243,275,296],"product_tag":[],"class_list":{"0":"post-7985","1":"product","2":"type-product","3":"status-publish","4":"has-post-thumbnail","6":"product_cat-aumento-del-pene","7":"product_cat-bomba-alargadora-pene","8":"product_cat-novedades","9":"desktop-align-left","10":"tablet-align-left","11":"mobile-align-left","13":"first","14":"instock","15":"sale","16":"shipping-taxable","17":"purchasable","18":"product-type-simple"},"_links":{"self":[{"href":"https:\/\/chibolita.es\/index.php\/wp-json\/wp\/v2\/product\/7985","targetHints":{"allow":["GET"]}}],"collection":[{"href":"https:\/\/chibolita.es\/index.php\/wp-json\/wp\/v2\/product"}],"about":[{"href":"https:\/\/chibolita.es\/index.php\/wp-json\/wp\/v2\/types\/product"}],"replies":[{"embeddable":true,"href":"https:\/\/chibolita.es\/index.php\/wp-json\/wp\/v2\/comments?post=7985"}],"wp:featuredmedia":[{"embeddable":true,"href":"https:\/\/chibolita.es\/index.php\/wp-json\/wp\/v2\/media\/7989"}],"wp:attachment":[{"href":"https:\/\/chibolita.es\/index.php\/wp-json\/wp\/v2\/media?parent=7985"}],"wp:term":[{"taxonomy":"product_brand","embeddable":true,"href":"https:\/\/chibolita.es\/index.php\/wp-json\/wp\/v2\/product_brand?post=7985"},{"taxonomy":"product_cat","embeddable":true,"href":"https:\/\/chibolita.es\/index.php\/wp-json\/wp\/v2\/product_cat?post=7985"},{"taxonomy":"product_tag","embeddable":true,"href":"https:\/\/chibolita.es\/index.php\/wp-json\/wp\/v2\/product_tag?post=7985"}],"curies":[{"name":"wp","href":"https:\/\/api.w.org\/{rel}","templated":true}]}}