{"id":7976,"date":"2023-07-03T21:43:51","date_gmt":"2023-07-03T21:43:51","guid":{"rendered":"https:\/\/chibolita.es\/?post_type=product&#038;p=7976"},"modified":"2025-05-30T06:52:29","modified_gmt":"2025-05-30T06:52:29","slug":"pumpworx-pump-worx-bombeador-rookie-del-ano-color-negro","status":"publish","type":"product","link":"https:\/\/chibolita.es\/index.php\/product\/pumpworx-pump-worx-bombeador-rookie-del-ano-color-negro\/","title":{"rendered":"PUMPWORX PUMP WORX BOMBEADOR ROOKIE DEL A\u00d1O COLOR NEGRO"},"content":{"rendered":"<p>Este desarrollador llamado\u00a0Rookie\u00a0 te dar\u00e1 el tama\u00f1o y la confianza que siempre has so\u00f1ado sin ning\u00fan efecto secundario. Con cada compresi\u00f3n de la\u00a0 bomba tu pene se har\u00e1 m\u00e1s grueso y se hinchar\u00e1 con fuerza. Una vez que\u00a0introduzcas el pene\u00a0en la abertura de PVC suave y flexible, descubrir\u00e1s r\u00e1pidamente erecciones palpitantes y duras que duran y duran, \u00a1sin interrupciones en el rendimiento! El tubo de vac\u00edo claro te permite ver tu pene crecer, y puedes aliviar instant\u00e1neamente la presi\u00f3n apretando la v\u00e1lvula de liberaci\u00f3n de aire en el cilindro de la bomba.<\/p>\n<p>Para prolongar la eyaculaci\u00f3n, desliza el anillo de mejora incluido sobre tu pene hasta que est\u00e9 c\u00f3modo. El apret\u00f3n te ayudar\u00e1 a mantener la erecci\u00f3n, y a ampliar la diversi\u00f3n.<\/p>\n<p>Cuando hayas terminado, simplemente separa el cilindro de la manguera de vac\u00edo y usa el limpiador de juguete Worx Toy y agua caliente.<\/p>\n<p>Caracter\u00edsticas:<\/p>\n<ul>\n<li>Loci\u00f3n Incluida<\/li>\n<li>Limpiador de Juguete Incluido<\/li>\n<li>Libre de Ftalatos<\/li>\n<li>Chupa y bombea<\/li>\n<\/ul>\n","protected":false},"excerpt":{"rendered":"<p>Este desarrollador llamado\u00a0Rookie\u00a0 te dar\u00e1 el tama\u00f1o y la confianza que siempre has so\u00f1ado sin ning\u00fan efecto secundario. Con cada compresi\u00f3n de la\u00a0 bomba tu pene se har\u00e1 m\u00e1s grueso y se hinchar\u00e1 con fuerza. Una vez que\u00a0introduzcas el pene\u00a0en la abertura de PVC suave y flexible, descubrir\u00e1s r\u00e1pidamente erecciones palpitantes y duras que duran [&hellip;]<\/p>\n","protected":false},"featured_media":7978,"comment_status":"open","ping_status":"closed","template":"","meta":{"_eb_attr":"","site-sidebar-layout":"default","site-content-layout":"default","ast-site-content-layout":"default","site-content-style":"default","site-sidebar-style":"default","ast-global-header-display":"","ast-banner-title-visibility":"","ast-main-header-display":"","ast-hfb-above-header-display":"","ast-hfb-below-header-display":"","ast-hfb-mobile-header-display":"","site-post-title":"","ast-breadcrumbs-content":"","ast-featured-img":"","footer-sml-layout":"","ast-disable-related-posts":"","theme-transparent-header-meta":"default","adv-header-id-meta":"","stick-header-meta":"","header-above-stick-meta":"","header-main-stick-meta":"","header-below-stick-meta":"","astra-migrate-meta-layouts":"default","ast-page-background-enabled":"default","ast-page-background-meta":{"desktop":{"background-color":"var(--ast-global-color-4)","background-image":"","background-repeat":"repeat","background-position":"center center","background-size":"auto","background-attachment":"scroll","background-type":"","background-media":"","overlay-type":"","overlay-color":"","overlay-opacity":"","overlay-gradient":""},"tablet":{"background-color":"","background-image":"","background-repeat":"repeat","background-position":"center center","background-size":"auto","background-attachment":"scroll","background-type":"","background-media":"","overlay-type":"","overlay-color":"","overlay-opacity":"","overlay-gradient":""},"mobile":{"background-color":"","background-image":"","background-repeat":"repeat","background-position":"center center","background-size":"auto","background-attachment":"scroll","background-type":"","background-media":"","overlay-type":"","overlay-color":"","overlay-opacity":"","overlay-gradient":""}},"ast-content-background-meta":{"desktop":{"background-color":"var(--ast-global-color-5)","background-image":"","background-repeat":"repeat","background-position":"center center","background-size":"auto","background-attachment":"scroll","background-type":"","background-media":"","overlay-type":"","overlay-color":"","overlay-opacity":"","overlay-gradient":""},"tablet":{"background-color":"var(--ast-global-color-5)","background-image":"","background-repeat":"repeat","background-position":"center center","background-size":"auto","background-attachment":"scroll","background-type":"","background-media":"","overlay-type":"","overlay-color":"","overlay-opacity":"","overlay-gradient":""},"mobile":{"background-color":"var(--ast-global-color-5)","background-image":"","background-repeat":"repeat","background-position":"center center","background-size":"auto","background-attachment":"scroll","background-type":"","background-media":"","overlay-type":"","overlay-color":"","overlay-opacity":"","overlay-gradient":""}}},"product_brand":[],"product_cat":[243,275,296],"product_tag":[],"class_list":{"0":"post-7976","1":"product","2":"type-product","3":"status-publish","4":"has-post-thumbnail","6":"product_cat-aumento-del-pene","7":"product_cat-bomba-alargadora-pene","8":"product_cat-novedades","9":"desktop-align-left","10":"tablet-align-left","11":"mobile-align-left","13":"first","14":"instock","15":"sale","16":"shipping-taxable","17":"purchasable","18":"product-type-simple"},"_links":{"self":[{"href":"https:\/\/chibolita.es\/index.php\/wp-json\/wp\/v2\/product\/7976","targetHints":{"allow":["GET"]}}],"collection":[{"href":"https:\/\/chibolita.es\/index.php\/wp-json\/wp\/v2\/product"}],"about":[{"href":"https:\/\/chibolita.es\/index.php\/wp-json\/wp\/v2\/types\/product"}],"replies":[{"embeddable":true,"href":"https:\/\/chibolita.es\/index.php\/wp-json\/wp\/v2\/comments?post=7976"}],"wp:featuredmedia":[{"embeddable":true,"href":"https:\/\/chibolita.es\/index.php\/wp-json\/wp\/v2\/media\/7978"}],"wp:attachment":[{"href":"https:\/\/chibolita.es\/index.php\/wp-json\/wp\/v2\/media?parent=7976"}],"wp:term":[{"taxonomy":"product_brand","embeddable":true,"href":"https:\/\/chibolita.es\/index.php\/wp-json\/wp\/v2\/product_brand?post=7976"},{"taxonomy":"product_cat","embeddable":true,"href":"https:\/\/chibolita.es\/index.php\/wp-json\/wp\/v2\/product_cat?post=7976"},{"taxonomy":"product_tag","embeddable":true,"href":"https:\/\/chibolita.es\/index.php\/wp-json\/wp\/v2\/product_tag?post=7976"}],"curies":[{"name":"wp","href":"https:\/\/api.w.org\/{rel}","templated":true}]}}