{"id":7966,"date":"2023-07-03T21:36:25","date_gmt":"2023-07-03T21:36:25","guid":{"rendered":"https:\/\/chibolita.es\/?post_type=product&#038;p=7966"},"modified":"2023-07-03T21:37:06","modified_gmt":"2023-07-03T21:37:06","slug":"secretplay-apolo-perfume-de-hombre-con-feromonas","status":"publish","type":"product","link":"https:\/\/chibolita.es\/index.php\/product\/secretplay-apolo-perfume-de-hombre-con-feromonas\/","title":{"rendered":"SECRETPLAY APOLO PERFUME DE HOMBRE CON FEROMONAS"},"content":{"rendered":"<p>La gama de perfumes con atrayente sexual de trufa que Secret Play ha desarrollado despierta en la persona una irresistible necesidad de contacto er\u00f3tico. Las part\u00edculas de feromonas biol\u00f3gicas estimulan el deseo sexual de forma natural a trav\u00e9s del aroma; Una atracci\u00f3n irresistible para su pareja.<\/p>\n<p>Nuestra fragancia m\u00e1s varonil con notas amaderadas.<\/p>\n<ul>\n<li>Envase con sistema \u00abSpray\u00bb<\/li>\n<li>F\u00e1cil Aplicaci\u00f3n<\/li>\n<li>Capacidad: 50 ml<\/li>\n<li>Producto cosm\u00e9tico s\u00f3lo para uso externo<\/li>\n<li>Aroma: Notas amaderadas<\/li>\n<li>No testado en animales<\/li>\n<li>Para hombre<\/li>\n<li>Hecho en Espa\u00f1a<\/li>\n<\/ul>\n","protected":false},"excerpt":{"rendered":"<p>La gama de perfumes con atrayente sexual de trufa que Secret Play ha desarrollado despierta en la persona una irresistible necesidad de contacto er\u00f3tico. Las part\u00edculas de feromonas biol\u00f3gicas estimulan el deseo sexual de forma natural a trav\u00e9s del aroma; Una atracci\u00f3n irresistible para su pareja. Nuestra fragancia m\u00e1s varonil con notas amaderadas. Envase con [&hellip;]<\/p>\n","protected":false},"featured_media":7967,"comment_status":"open","ping_status":"closed","template":"","meta":{"_eb_attr":"","site-sidebar-layout":"default","site-content-layout":"default","ast-site-content-layout":"default","site-content-style":"default","site-sidebar-style":"default","ast-global-header-display":"","ast-banner-title-visibility":"","ast-main-header-display":"","ast-hfb-above-header-display":"","ast-hfb-below-header-display":"","ast-hfb-mobile-header-display":"","site-post-title":"","ast-breadcrumbs-content":"","ast-featured-img":"","footer-sml-layout":"","ast-disable-related-posts":"","theme-transparent-header-meta":"default","adv-header-id-meta":"","stick-header-meta":"","header-above-stick-meta":"","header-main-stick-meta":"","header-below-stick-meta":"","astra-migrate-meta-layouts":"default","ast-page-background-enabled":"default","ast-page-background-meta":{"desktop":{"background-color":"var(--ast-global-color-4)","background-image":"","background-repeat":"repeat","background-position":"center center","background-size":"auto","background-attachment":"scroll","background-type":"","background-media":"","overlay-type":"","overlay-color":"","overlay-opacity":"","overlay-gradient":""},"tablet":{"background-color":"","background-image":"","background-repeat":"repeat","background-position":"center center","background-size":"auto","background-attachment":"scroll","background-type":"","background-media":"","overlay-type":"","overlay-color":"","overlay-opacity":"","overlay-gradient":""},"mobile":{"background-color":"","background-image":"","background-repeat":"repeat","background-position":"center center","background-size":"auto","background-attachment":"scroll","background-type":"","background-media":"","overlay-type":"","overlay-color":"","overlay-opacity":"","overlay-gradient":""}},"ast-content-background-meta":{"desktop":{"background-color":"var(--ast-global-color-5)","background-image":"","background-repeat":"repeat","background-position":"center center","background-size":"auto","background-attachment":"scroll","background-type":"","background-media":"","overlay-type":"","overlay-color":"","overlay-opacity":"","overlay-gradient":""},"tablet":{"background-color":"var(--ast-global-color-5)","background-image":"","background-repeat":"repeat","background-position":"center center","background-size":"auto","background-attachment":"scroll","background-type":"","background-media":"","overlay-type":"","overlay-color":"","overlay-opacity":"","overlay-gradient":""},"mobile":{"background-color":"var(--ast-global-color-5)","background-image":"","background-repeat":"repeat","background-position":"center center","background-size":"auto","background-attachment":"scroll","background-type":"","background-media":"","overlay-type":"","overlay-color":"","overlay-opacity":"","overlay-gradient":""}}},"product_brand":[],"product_cat":[293],"product_tag":[],"class_list":{"0":"post-7966","1":"product","2":"type-product","3":"status-publish","4":"has-post-thumbnail","6":"product_cat-perfumes-de-feromonas","7":"desktop-align-left","8":"tablet-align-left","9":"mobile-align-left","11":"first","12":"instock","13":"sale","14":"shipping-taxable","15":"purchasable","16":"product-type-simple"},"_links":{"self":[{"href":"https:\/\/chibolita.es\/index.php\/wp-json\/wp\/v2\/product\/7966","targetHints":{"allow":["GET"]}}],"collection":[{"href":"https:\/\/chibolita.es\/index.php\/wp-json\/wp\/v2\/product"}],"about":[{"href":"https:\/\/chibolita.es\/index.php\/wp-json\/wp\/v2\/types\/product"}],"replies":[{"embeddable":true,"href":"https:\/\/chibolita.es\/index.php\/wp-json\/wp\/v2\/comments?post=7966"}],"wp:featuredmedia":[{"embeddable":true,"href":"https:\/\/chibolita.es\/index.php\/wp-json\/wp\/v2\/media\/7967"}],"wp:attachment":[{"href":"https:\/\/chibolita.es\/index.php\/wp-json\/wp\/v2\/media?parent=7966"}],"wp:term":[{"taxonomy":"product_brand","embeddable":true,"href":"https:\/\/chibolita.es\/index.php\/wp-json\/wp\/v2\/product_brand?post=7966"},{"taxonomy":"product_cat","embeddable":true,"href":"https:\/\/chibolita.es\/index.php\/wp-json\/wp\/v2\/product_cat?post=7966"},{"taxonomy":"product_tag","embeddable":true,"href":"https:\/\/chibolita.es\/index.php\/wp-json\/wp\/v2\/product_tag?post=7966"}],"curies":[{"name":"wp","href":"https:\/\/api.w.org\/{rel}","templated":true}]}}