{"id":7927,"date":"2023-06-28T07:34:31","date_gmt":"2023-06-28T07:34:31","guid":{"rendered":"https:\/\/chibolita.es\/?post_type=product&#038;p=7927"},"modified":"2023-06-28T07:34:50","modified_gmt":"2023-06-28T07:34:50","slug":"be-wicked-hannah-body-talla-xl","status":"publish","type":"product","link":"https:\/\/chibolita.es\/index.php\/product\/be-wicked-hannah-body-talla-xl\/","title":{"rendered":"BE WICKED HANNAH BODY &#8211; TALLA XL"},"content":{"rendered":"<p>Un body fuera de lo com\u00fan. En la parte de la cintura, un cintur\u00f3n ancho de seda en negro mate. Por debajo, encaje negro semi transparente con un patr\u00f3n de flores acabado en tanga y con una parte de atr\u00e1s muy sexy. La parte del pecho, rejilla fina en beig y flores en negro, cuenta con unos tirantes finos y ajustables, dejando toda la espalda abierta.<\/p>\n<p>Caracter\u00edsticas:<\/p>\n<ul>\n<li>Tallas XL<\/li>\n<li>Lavado a mano, no usar lavadora<\/li>\n<li>Cierres de broche<\/li>\n<li>No planchar ni usar lavado en seco<\/li>\n<li>Tirantes ajustables<\/li>\n<\/ul>\n","protected":false},"excerpt":{"rendered":"<p>Un body fuera de lo com\u00fan. En la parte de la cintura, un cintur\u00f3n ancho de seda en negro mate. Por debajo, encaje negro semi transparente con un patr\u00f3n de flores acabado en tanga y con una parte de atr\u00e1s muy sexy. La parte del pecho, rejilla fina en beig y flores en negro, cuenta [&hellip;]<\/p>\n","protected":false},"featured_media":7925,"comment_status":"open","ping_status":"closed","template":"","meta":{"_eb_attr":"","site-sidebar-layout":"default","site-content-layout":"default","ast-site-content-layout":"default","site-content-style":"default","site-sidebar-style":"default","ast-global-header-display":"","ast-banner-title-visibility":"","ast-main-header-display":"","ast-hfb-above-header-display":"","ast-hfb-below-header-display":"","ast-hfb-mobile-header-display":"","site-post-title":"","ast-breadcrumbs-content":"","ast-featured-img":"","footer-sml-layout":"","ast-disable-related-posts":"","theme-transparent-header-meta":"default","adv-header-id-meta":"","stick-header-meta":"","header-above-stick-meta":"","header-main-stick-meta":"","header-below-stick-meta":"","astra-migrate-meta-layouts":"default","ast-page-background-enabled":"default","ast-page-background-meta":{"desktop":{"background-color":"var(--ast-global-color-4)","background-image":"","background-repeat":"repeat","background-position":"center center","background-size":"auto","background-attachment":"scroll","background-type":"","background-media":"","overlay-type":"","overlay-color":"","overlay-opacity":"","overlay-gradient":""},"tablet":{"background-color":"","background-image":"","background-repeat":"repeat","background-position":"center center","background-size":"auto","background-attachment":"scroll","background-type":"","background-media":"","overlay-type":"","overlay-color":"","overlay-opacity":"","overlay-gradient":""},"mobile":{"background-color":"","background-image":"","background-repeat":"repeat","background-position":"center center","background-size":"auto","background-attachment":"scroll","background-type":"","background-media":"","overlay-type":"","overlay-color":"","overlay-opacity":"","overlay-gradient":""}},"ast-content-background-meta":{"desktop":{"background-color":"var(--ast-global-color-5)","background-image":"","background-repeat":"repeat","background-position":"center center","background-size":"auto","background-attachment":"scroll","background-type":"","background-media":"","overlay-type":"","overlay-color":"","overlay-opacity":"","overlay-gradient":""},"tablet":{"background-color":"var(--ast-global-color-5)","background-image":"","background-repeat":"repeat","background-position":"center center","background-size":"auto","background-attachment":"scroll","background-type":"","background-media":"","overlay-type":"","overlay-color":"","overlay-opacity":"","overlay-gradient":""},"mobile":{"background-color":"var(--ast-global-color-5)","background-image":"","background-repeat":"repeat","background-position":"center center","background-size":"auto","background-attachment":"scroll","background-type":"","background-media":"","overlay-type":"","overlay-color":"","overlay-opacity":"","overlay-gradient":""}}},"product_brand":[],"product_cat":[285,290],"product_tag":[],"class_list":{"0":"post-7927","1":"product","2":"type-product","3":"status-publish","4":"has-post-thumbnail","6":"product_cat-lenceria","7":"product_cat-tallas-grandes","8":"desktop-align-left","9":"tablet-align-left","10":"mobile-align-left","12":"first","13":"instock","14":"sale","15":"shipping-taxable","16":"purchasable","17":"product-type-simple"},"_links":{"self":[{"href":"https:\/\/chibolita.es\/index.php\/wp-json\/wp\/v2\/product\/7927","targetHints":{"allow":["GET"]}}],"collection":[{"href":"https:\/\/chibolita.es\/index.php\/wp-json\/wp\/v2\/product"}],"about":[{"href":"https:\/\/chibolita.es\/index.php\/wp-json\/wp\/v2\/types\/product"}],"replies":[{"embeddable":true,"href":"https:\/\/chibolita.es\/index.php\/wp-json\/wp\/v2\/comments?post=7927"}],"wp:featuredmedia":[{"embeddable":true,"href":"https:\/\/chibolita.es\/index.php\/wp-json\/wp\/v2\/media\/7925"}],"wp:attachment":[{"href":"https:\/\/chibolita.es\/index.php\/wp-json\/wp\/v2\/media?parent=7927"}],"wp:term":[{"taxonomy":"product_brand","embeddable":true,"href":"https:\/\/chibolita.es\/index.php\/wp-json\/wp\/v2\/product_brand?post=7927"},{"taxonomy":"product_cat","embeddable":true,"href":"https:\/\/chibolita.es\/index.php\/wp-json\/wp\/v2\/product_cat?post=7927"},{"taxonomy":"product_tag","embeddable":true,"href":"https:\/\/chibolita.es\/index.php\/wp-json\/wp\/v2\/product_tag?post=7927"}],"curies":[{"name":"wp","href":"https:\/\/api.w.org\/{rel}","templated":true}]}}