{"id":7895,"date":"2023-06-25T10:17:24","date_gmt":"2023-06-25T10:17:24","guid":{"rendered":"https:\/\/chibolita.es\/?post_type=product&#038;p=7895"},"modified":"2023-07-03T22:06:42","modified_gmt":"2023-07-03T22:06:42","slug":"control-clit-tok-lengua-estimuladora-de-clitoris-recargable","status":"publish","type":"product","link":"https:\/\/chibolita.es\/index.php\/product\/control-clit-tok-lengua-estimuladora-de-clitoris-recargable\/","title":{"rendered":"CONTROL &#8211; CLIT TOK LENGUA ESTIMULADORA DE CL\u00cdTORIS RECARGABLE"},"content":{"rendered":"<p>Clit Tok es una lengua excitante\u00a0que te llevar\u00e1 a una explosi\u00f3n de placer, tanto si la disfrutas en pareja o a solas.<\/p>\n<p>Clit Tok es el nuevo\u00a0estimulador clitoriano recargable\u00a0de Control con una forma que no puedes dejar de probar. Un producto \u00fanico en el mercado gracias a su\u00a0l\u00ednea innovadora y ergon\u00f3mica, Clit Tok se adapta a la perfecci\u00f3n a la vulva estimulando las zonas er\u00f3genas con vibraciones, impulsos y una\u00a0peque\u00f1a esfera que vibra en su interior.<\/p>\n<p><strong>Caracter\u00edsticas:<\/strong><\/p>\n<ul>\n<li>Material: silicona m\u00e9dica.<\/li>\n<li>Uso: zonas er\u00f3genas<\/li>\n<li>Vibraciones:\u00a07 velocidades<\/li>\n<li>Resistente al agua: tambi\u00e9n sumergible<\/li>\n<li>Bateria: litio. Recarga USB<\/li>\n<\/ul>\n","protected":false},"excerpt":{"rendered":"<p>Clit Tok es una lengua excitante\u00a0que te llevar\u00e1 a una explosi\u00f3n de placer, tanto si la disfrutas en pareja o a solas. Clit Tok es el nuevo\u00a0estimulador clitoriano recargable\u00a0de Control con una forma que no puedes dejar de probar. Un producto \u00fanico en el mercado gracias a su\u00a0l\u00ednea innovadora y ergon\u00f3mica, Clit Tok se adapta [&hellip;]<\/p>\n","protected":false},"featured_media":7896,"comment_status":"open","ping_status":"closed","template":"","meta":{"_eb_attr":"","site-sidebar-layout":"default","site-content-layout":"default","ast-site-content-layout":"default","site-content-style":"default","site-sidebar-style":"default","ast-global-header-display":"","ast-banner-title-visibility":"","ast-main-header-display":"","ast-hfb-above-header-display":"","ast-hfb-below-header-display":"","ast-hfb-mobile-header-display":"","site-post-title":"","ast-breadcrumbs-content":"","ast-featured-img":"","footer-sml-layout":"","ast-disable-related-posts":"","theme-transparent-header-meta":"default","adv-header-id-meta":"","stick-header-meta":"","header-above-stick-meta":"","header-main-stick-meta":"","header-below-stick-meta":"","astra-migrate-meta-layouts":"default","ast-page-background-enabled":"default","ast-page-background-meta":{"desktop":{"background-color":"var(--ast-global-color-4)","background-image":"","background-repeat":"repeat","background-position":"center center","background-size":"auto","background-attachment":"scroll","background-type":"","background-media":"","overlay-type":"","overlay-color":"","overlay-opacity":"","overlay-gradient":""},"tablet":{"background-color":"","background-image":"","background-repeat":"repeat","background-position":"center center","background-size":"auto","background-attachment":"scroll","background-type":"","background-media":"","overlay-type":"","overlay-color":"","overlay-opacity":"","overlay-gradient":""},"mobile":{"background-color":"","background-image":"","background-repeat":"repeat","background-position":"center center","background-size":"auto","background-attachment":"scroll","background-type":"","background-media":"","overlay-type":"","overlay-color":"","overlay-opacity":"","overlay-gradient":""}},"ast-content-background-meta":{"desktop":{"background-color":"var(--ast-global-color-5)","background-image":"","background-repeat":"repeat","background-position":"center center","background-size":"auto","background-attachment":"scroll","background-type":"","background-media":"","overlay-type":"","overlay-color":"","overlay-opacity":"","overlay-gradient":""},"tablet":{"background-color":"var(--ast-global-color-5)","background-image":"","background-repeat":"repeat","background-position":"center center","background-size":"auto","background-attachment":"scroll","background-type":"","background-media":"","overlay-type":"","overlay-color":"","overlay-opacity":"","overlay-gradient":""},"mobile":{"background-color":"var(--ast-global-color-5)","background-image":"","background-repeat":"repeat","background-position":"center center","background-size":"auto","background-attachment":"scroll","background-type":"","background-media":"","overlay-type":"","overlay-color":"","overlay-opacity":"","overlay-gradient":""}}},"product_brand":[],"product_cat":[260,296,263],"product_tag":[],"class_list":{"0":"post-7895","1":"product","2":"type-product","3":"status-publish","4":"has-post-thumbnail","6":"product_cat-dildos-y-vibradores","7":"product_cat-novedades","8":"product_cat-vibradores-lay-on-clitoris","9":"desktop-align-left","10":"tablet-align-left","11":"mobile-align-left","13":"first","14":"instock","15":"sale","16":"shipping-taxable","17":"purchasable","18":"product-type-simple"},"_links":{"self":[{"href":"https:\/\/chibolita.es\/index.php\/wp-json\/wp\/v2\/product\/7895","targetHints":{"allow":["GET"]}}],"collection":[{"href":"https:\/\/chibolita.es\/index.php\/wp-json\/wp\/v2\/product"}],"about":[{"href":"https:\/\/chibolita.es\/index.php\/wp-json\/wp\/v2\/types\/product"}],"replies":[{"embeddable":true,"href":"https:\/\/chibolita.es\/index.php\/wp-json\/wp\/v2\/comments?post=7895"}],"wp:featuredmedia":[{"embeddable":true,"href":"https:\/\/chibolita.es\/index.php\/wp-json\/wp\/v2\/media\/7896"}],"wp:attachment":[{"href":"https:\/\/chibolita.es\/index.php\/wp-json\/wp\/v2\/media?parent=7895"}],"wp:term":[{"taxonomy":"product_brand","embeddable":true,"href":"https:\/\/chibolita.es\/index.php\/wp-json\/wp\/v2\/product_brand?post=7895"},{"taxonomy":"product_cat","embeddable":true,"href":"https:\/\/chibolita.es\/index.php\/wp-json\/wp\/v2\/product_cat?post=7895"},{"taxonomy":"product_tag","embeddable":true,"href":"https:\/\/chibolita.es\/index.php\/wp-json\/wp\/v2\/product_tag?post=7895"}],"curies":[{"name":"wp","href":"https:\/\/api.w.org\/{rel}","templated":true}]}}