{"id":7884,"date":"2023-06-22T22:01:40","date_gmt":"2023-06-22T22:01:40","guid":{"rendered":"https:\/\/chibolita.es\/?post_type=product&#038;p=7884"},"modified":"2023-06-22T22:07:12","modified_gmt":"2023-06-22T22:07:12","slug":"eye-of-love-matchmaker-black-diamond-perfume-feromonas-para-ella-30ml","status":"publish","type":"product","link":"https:\/\/chibolita.es\/index.php\/product\/eye-of-love-matchmaker-black-diamond-perfume-feromonas-para-ella-30ml\/","title":{"rendered":"EYE OF LOVE &#8211; MATCHMAKER BLACK DIAMOND PERFUME FEROMONAS PARA ELLA 30ML"},"content":{"rendered":"<p>Elegante frasco de colonia de feromonas con un dise\u00f1o sofisticado y muy ligero pensado para atraer a Ella.<\/p>\n<p>La fragancia posee un aroma a mezcla audaz de cedro, grosella negra y lim\u00f3n. Con unos tonos sutiles de roble, \u00e1mbar blanco y almizcle. Muy suave y dulce, virilidad y atracci\u00f3n irrestistible son sin\u00f3nimos del perfume Matchmaker.<\/p>\n<p>Aplicar en cuello y mu\u00f1ecas y su mayor efecto se encuentra a unos 30 minutos despu\u00e9s de su aplicaci\u00f3n. Aplicar tantas veces como se desee y es totalmente apto para un uso diario. Viene presentado en un bonito packaging y en un discreto y ligero envase formato viaje de vidrio con vaporizador de 10 ml.<\/p>\n<p>Caracter\u00edsticas principales:<\/p>\n<ul>\n<li>Colonia de feromonas pensado para atraer a Ella.<\/li>\n<li>Aroma dulce y suave.<\/li>\n<li>Aplicar en cuello y mu\u00f1ecas.<\/li>\n<li>Efecto pasados los 30 minutos.<\/li>\n<li>Aplicar tantas veces como se desee.<\/li>\n<li>De uso diario.<\/li>\n<li>Envase de vidrio con vaporizador.<\/li>\n<li>Dise\u00f1o del envase en formato discreto de viaje.<\/li>\n<li>Presentado en un bonito packaging.<\/li>\n<li>Envase de 10 ml.<\/li>\n<\/ul>\n<p>\u00bfBuscas encontrar tu pr\u00f3ximo match?<\/p>\n<p>Conoce a tu nuevo match. Creada en colaboraci\u00f3n con Millionaire Matchmaker Patti Stanger, esta fragancia es una mezcla audaz de cedro, grosella negra y lim\u00f3n.<\/p>\n<p>Tonos de fondo de roble, \u00e1mbar blanco y almizcle, tan encantadores y \u00fanicos como la persona que usa la fragancia. Irresistiblemente sexy, el frasco es un llamativo y hermoso diamante de cristal.<\/p>\n","protected":false},"excerpt":{"rendered":"<p>Elegante frasco de colonia de feromonas con un dise\u00f1o sofisticado y muy ligero pensado para atraer a Ella. La fragancia posee un aroma a mezcla audaz de cedro, grosella negra y lim\u00f3n. Con unos tonos sutiles de roble, \u00e1mbar blanco y almizcle. Muy suave y dulce, virilidad y atracci\u00f3n irrestistible son sin\u00f3nimos del perfume Matchmaker. [&hellip;]<\/p>\n","protected":false},"featured_media":7887,"comment_status":"open","ping_status":"closed","template":"","meta":{"_eb_attr":"","site-sidebar-layout":"default","site-content-layout":"default","ast-site-content-layout":"default","site-content-style":"default","site-sidebar-style":"default","ast-global-header-display":"","ast-banner-title-visibility":"","ast-main-header-display":"","ast-hfb-above-header-display":"","ast-hfb-below-header-display":"","ast-hfb-mobile-header-display":"","site-post-title":"","ast-breadcrumbs-content":"","ast-featured-img":"","footer-sml-layout":"","ast-disable-related-posts":"","theme-transparent-header-meta":"default","adv-header-id-meta":"","stick-header-meta":"","header-above-stick-meta":"","header-main-stick-meta":"","header-below-stick-meta":"","astra-migrate-meta-layouts":"default","ast-page-background-enabled":"default","ast-page-background-meta":{"desktop":{"background-color":"var(--ast-global-color-4)","background-image":"","background-repeat":"repeat","background-position":"center center","background-size":"auto","background-attachment":"scroll","background-type":"","background-media":"","overlay-type":"","overlay-color":"","overlay-opacity":"","overlay-gradient":""},"tablet":{"background-color":"","background-image":"","background-repeat":"repeat","background-position":"center center","background-size":"auto","background-attachment":"scroll","background-type":"","background-media":"","overlay-type":"","overlay-color":"","overlay-opacity":"","overlay-gradient":""},"mobile":{"background-color":"","background-image":"","background-repeat":"repeat","background-position":"center center","background-size":"auto","background-attachment":"scroll","background-type":"","background-media":"","overlay-type":"","overlay-color":"","overlay-opacity":"","overlay-gradient":""}},"ast-content-background-meta":{"desktop":{"background-color":"var(--ast-global-color-5)","background-image":"","background-repeat":"repeat","background-position":"center center","background-size":"auto","background-attachment":"scroll","background-type":"","background-media":"","overlay-type":"","overlay-color":"","overlay-opacity":"","overlay-gradient":""},"tablet":{"background-color":"var(--ast-global-color-5)","background-image":"","background-repeat":"repeat","background-position":"center center","background-size":"auto","background-attachment":"scroll","background-type":"","background-media":"","overlay-type":"","overlay-color":"","overlay-opacity":"","overlay-gradient":""},"mobile":{"background-color":"var(--ast-global-color-5)","background-image":"","background-repeat":"repeat","background-position":"center center","background-size":"auto","background-attachment":"scroll","background-type":"","background-media":"","overlay-type":"","overlay-color":"","overlay-opacity":"","overlay-gradient":""}}},"product_brand":[],"product_cat":[293],"product_tag":[],"class_list":{"0":"post-7884","1":"product","2":"type-product","3":"status-publish","4":"has-post-thumbnail","6":"product_cat-perfumes-de-feromonas","7":"desktop-align-left","8":"tablet-align-left","9":"mobile-align-left","11":"first","12":"instock","13":"sale","14":"shipping-taxable","15":"purchasable","16":"product-type-simple"},"_links":{"self":[{"href":"https:\/\/chibolita.es\/index.php\/wp-json\/wp\/v2\/product\/7884","targetHints":{"allow":["GET"]}}],"collection":[{"href":"https:\/\/chibolita.es\/index.php\/wp-json\/wp\/v2\/product"}],"about":[{"href":"https:\/\/chibolita.es\/index.php\/wp-json\/wp\/v2\/types\/product"}],"replies":[{"embeddable":true,"href":"https:\/\/chibolita.es\/index.php\/wp-json\/wp\/v2\/comments?post=7884"}],"wp:featuredmedia":[{"embeddable":true,"href":"https:\/\/chibolita.es\/index.php\/wp-json\/wp\/v2\/media\/7887"}],"wp:attachment":[{"href":"https:\/\/chibolita.es\/index.php\/wp-json\/wp\/v2\/media?parent=7884"}],"wp:term":[{"taxonomy":"product_brand","embeddable":true,"href":"https:\/\/chibolita.es\/index.php\/wp-json\/wp\/v2\/product_brand?post=7884"},{"taxonomy":"product_cat","embeddable":true,"href":"https:\/\/chibolita.es\/index.php\/wp-json\/wp\/v2\/product_cat?post=7884"},{"taxonomy":"product_tag","embeddable":true,"href":"https:\/\/chibolita.es\/index.php\/wp-json\/wp\/v2\/product_tag?post=7884"}],"curies":[{"name":"wp","href":"https:\/\/api.w.org\/{rel}","templated":true}]}}