{"id":7864,"date":"2023-06-22T21:30:06","date_gmt":"2023-06-22T21:30:06","guid":{"rendered":"https:\/\/chibolita.es\/?post_type=product&#038;p=7864"},"modified":"2023-06-22T21:30:44","modified_gmt":"2023-06-22T21:30:44","slug":"secretplay-afrodita-perfume-sensual-femenino-50-ml","status":"publish","type":"product","link":"https:\/\/chibolita.es\/index.php\/product\/secretplay-afrodita-perfume-sensual-femenino-50-ml\/","title":{"rendered":"SECRETPLAY AFRODITA PERFUME SENSUAL FEMENINO 50 ML"},"content":{"rendered":"<p>El perfume sensual femenino Afrodita, con atrayente sexual natural extra\u00eddo de la trufa, resalta tu atractivo, aumenta tu confianza y te convierte en una persona m\u00e1s excitante, seductora y deseada a los ojos de los dem\u00e1s. Las part\u00edculas biol\u00f3gicas de la trufa, con su aroma, estimulan el deseo sexual de forma natural: una atracci\u00f3n irresistible para cualquiera.<\/p>\n<p>MODO DE EMPLEO: El perfume puede ser pulverizado en lugares o prendas, o bien aplicado directamente sobre la piel en las zonas habituales.<\/p>\n<p>PRECAUCIONES: No mezclar con ning\u00fan otro perfume o colonia. Producto cosm\u00e9tico de uso s\u00f3lo externo. No utilizar en caso de hipersensibilidad o alergia a alguno de los ingredientes. En caso de irritaci\u00f3n suspender el uso. No ingerir. No aplicar sobre el \u00e1rea de los ojos o heridas. Mantener fuera del alcance de los ni\u00f1os. Conservar en un lugar fresco, seco y alejado de la luz solar.<\/p>\n<ul>\n<li>Envase con sistema \u00abSpray\u00bb<\/li>\n<li>F\u00e1cil Aplicaci\u00f3n<\/li>\n<li>Capacidad: 50 ml<\/li>\n<li>Producto cosm\u00e9tico s\u00f3lo para uso externo<\/li>\n<li>Aroma a caramelo dulce<\/li>\n<li>No testado en animales<\/li>\n<li>Para mujer<\/li>\n<li>Hecho en Espa\u00f1a<\/li>\n<\/ul>\n","protected":false},"excerpt":{"rendered":"<p>El perfume sensual femenino Afrodita, con atrayente sexual natural extra\u00eddo de la trufa, resalta tu atractivo, aumenta tu confianza y te convierte en una persona m\u00e1s excitante, seductora y deseada a los ojos de los dem\u00e1s. Las part\u00edculas biol\u00f3gicas de la trufa, con su aroma, estimulan el deseo sexual de forma natural: una atracci\u00f3n irresistible [&hellip;]<\/p>\n","protected":false},"featured_media":7865,"comment_status":"open","ping_status":"closed","template":"","meta":{"_eb_attr":"","site-sidebar-layout":"default","site-content-layout":"default","ast-site-content-layout":"default","site-content-style":"default","site-sidebar-style":"default","ast-global-header-display":"","ast-banner-title-visibility":"","ast-main-header-display":"","ast-hfb-above-header-display":"","ast-hfb-below-header-display":"","ast-hfb-mobile-header-display":"","site-post-title":"","ast-breadcrumbs-content":"","ast-featured-img":"","footer-sml-layout":"","ast-disable-related-posts":"","theme-transparent-header-meta":"default","adv-header-id-meta":"","stick-header-meta":"","header-above-stick-meta":"","header-main-stick-meta":"","header-below-stick-meta":"","astra-migrate-meta-layouts":"default","ast-page-background-enabled":"default","ast-page-background-meta":{"desktop":{"background-color":"var(--ast-global-color-4)","background-image":"","background-repeat":"repeat","background-position":"center center","background-size":"auto","background-attachment":"scroll","background-type":"","background-media":"","overlay-type":"","overlay-color":"","overlay-opacity":"","overlay-gradient":""},"tablet":{"background-color":"","background-image":"","background-repeat":"repeat","background-position":"center center","background-size":"auto","background-attachment":"scroll","background-type":"","background-media":"","overlay-type":"","overlay-color":"","overlay-opacity":"","overlay-gradient":""},"mobile":{"background-color":"","background-image":"","background-repeat":"repeat","background-position":"center center","background-size":"auto","background-attachment":"scroll","background-type":"","background-media":"","overlay-type":"","overlay-color":"","overlay-opacity":"","overlay-gradient":""}},"ast-content-background-meta":{"desktop":{"background-color":"var(--ast-global-color-5)","background-image":"","background-repeat":"repeat","background-position":"center center","background-size":"auto","background-attachment":"scroll","background-type":"","background-media":"","overlay-type":"","overlay-color":"","overlay-opacity":"","overlay-gradient":""},"tablet":{"background-color":"var(--ast-global-color-5)","background-image":"","background-repeat":"repeat","background-position":"center center","background-size":"auto","background-attachment":"scroll","background-type":"","background-media":"","overlay-type":"","overlay-color":"","overlay-opacity":"","overlay-gradient":""},"mobile":{"background-color":"var(--ast-global-color-5)","background-image":"","background-repeat":"repeat","background-position":"center center","background-size":"auto","background-attachment":"scroll","background-type":"","background-media":"","overlay-type":"","overlay-color":"","overlay-opacity":"","overlay-gradient":""}}},"product_brand":[],"product_cat":[293],"product_tag":[],"class_list":{"0":"post-7864","1":"product","2":"type-product","3":"status-publish","4":"has-post-thumbnail","6":"product_cat-perfumes-de-feromonas","7":"desktop-align-left","8":"tablet-align-left","9":"mobile-align-left","11":"first","12":"instock","13":"sale","14":"shipping-taxable","15":"purchasable","16":"product-type-simple"},"_links":{"self":[{"href":"https:\/\/chibolita.es\/index.php\/wp-json\/wp\/v2\/product\/7864","targetHints":{"allow":["GET"]}}],"collection":[{"href":"https:\/\/chibolita.es\/index.php\/wp-json\/wp\/v2\/product"}],"about":[{"href":"https:\/\/chibolita.es\/index.php\/wp-json\/wp\/v2\/types\/product"}],"replies":[{"embeddable":true,"href":"https:\/\/chibolita.es\/index.php\/wp-json\/wp\/v2\/comments?post=7864"}],"wp:featuredmedia":[{"embeddable":true,"href":"https:\/\/chibolita.es\/index.php\/wp-json\/wp\/v2\/media\/7865"}],"wp:attachment":[{"href":"https:\/\/chibolita.es\/index.php\/wp-json\/wp\/v2\/media?parent=7864"}],"wp:term":[{"taxonomy":"product_brand","embeddable":true,"href":"https:\/\/chibolita.es\/index.php\/wp-json\/wp\/v2\/product_brand?post=7864"},{"taxonomy":"product_cat","embeddable":true,"href":"https:\/\/chibolita.es\/index.php\/wp-json\/wp\/v2\/product_cat?post=7864"},{"taxonomy":"product_tag","embeddable":true,"href":"https:\/\/chibolita.es\/index.php\/wp-json\/wp\/v2\/product_tag?post=7864"}],"curies":[{"name":"wp","href":"https:\/\/api.w.org\/{rel}","templated":true}]}}