{"id":7801,"date":"2023-06-20T07:29:55","date_gmt":"2023-06-20T07:29:55","guid":{"rendered":"https:\/\/chibolita.es\/?post_type=product&#038;p=7801"},"modified":"2023-06-20T07:31:18","modified_gmt":"2023-06-20T07:31:18","slug":"cici-beauty-premium-silicone-egg-vibrator-remote-control","status":"publish","type":"product","link":"https:\/\/chibolita.es\/index.php\/product\/cici-beauty-premium-silicone-egg-vibrator-remote-control\/","title":{"rendered":"CICI BEAUTY PREMIUM SILICONE EGG VIBRATOR REMOTE CONTROL"},"content":{"rendered":"<p>CICI BEAUTY EGG; Muy probablemente, el huevo Vibrador Control Remoto m\u00e1s Potente en el Mercado \u00bfPero qu\u00e9 diferencia Cici Beauty \u00a0Egg del resto? Vibraciones de gran alcance muy potentes y profundas especialmente focalizadas al Punto G, el resultado son orgasmos m\u00e1s extremadamente m\u00e1s intensos.<\/p>\n<p>ESCULPIDO PARA TU PLACER descubre los orgasmos por estimulaci\u00f3n del punto G<\/p>\n<p>Disfruta de sensaciones intensas y descubre nuevas formas de auto placer con el estimulador de punto Cici Beauty EGG. Deja que fluya dentro de ti como si tu amante te proporcionara el placer m\u00e1s ilustrado y goza de un intenso orgasmo del punto G insoportablemente placentero. Sucumbe a su dise\u00f1o impecable y cabalga las olas del placer cuando te apetezca.<\/p>\n<p>EXTREMADAMENTE SILENCIOSO &#8211; El nivel de sonido m\u00e1s alto de 55dB te permite usarlo en cualquier lugar, en cualquier momento de forma totalmente discreta.<\/p>\n<p>CONTROL REMOTO<\/p>\n<p>Con el pr\u00e1ctico mando a distancia, pod\u00e9is controlar c\u00f3modamente la vibraci\u00f3n y decidir qui\u00e9n de vosotros puede llevar las riendas seg\u00fan vuestro estado de \u00e1nimo. Para aventuras salvajes y juegos previos emocionantes, las mujeres tambi\u00e9n pueden usar el vibrador en sus bragas y dejar que su pareja las sorprenda<\/p>\n<p>El alcance del mando a distancia suministrado es de 10 metros.<\/p>\n<p>Conoce CICI BEAUTY EGG<\/p>\n<p>Mejora tu vida sexual y fomenta tu autoestima con un huevo vibrador silencioso pero potente. Disfruta de un placer infinito en cualquier momento y en cualquier lugar<\/p>\n<p>C\u00f3mo jugar<\/p>\n<p>CICI BEAUTY EGG se introduce en la vagina durante el sexo y se concentra en el punto G. Un poco de lubricante waterfeel a base de agua har\u00e1 que las sensaciones sean a\u00fan mejores.<\/p>\n<p>Ergon\u00f3micamente perfecto para el placer.<\/p>\n<p>Utiliz\u00e1ndolo durante el sexo, CICI BEAUTY Egg es ajustable para adaptarse a su cuerpo haciendo sentir las vibraciones hasta el \u00faltimo mil\u00edmetro del punto G. Su forma ergon\u00f3mica es f\u00e1cil de ajustar y permanece en su posici\u00f3n una vez que haya encontrado el ajuste perfecto.<\/p>\n<p>Resistente al agua IPX7<\/p>\n<p>Cici Beauty \u00a0Egg es resistente al agua (IPX7), por lo que es f\u00e1cil de disfrutar en cualquier lugar y sencillo de limpiar.<\/p>\n<p>MATERIALES Y CUIDADOS<\/p>\n<p>La silicona Cici Beauty cuenta con una superficie mate satinada incre\u00edblemente flexible. Resistente al agua (IPX6) y combinado con un pr\u00e1ctico mando ergon\u00f3mico hecho del mismo material con detalles en ABS GOLD resistente a los ara\u00f1azos, los juguetes de Cici Beauty son f\u00e1ciles de limpiar y se mantienen higi\u00e9nicos durante mucho tiempo. El material flexible es maravillosamente resbaladizo y r\u00e1pidamente toma la temperatura corporal. Su vibrador se puede limpiar r\u00e1pida y f\u00e1cilmente con un poco de jab\u00f3n y agua tibia. Para finalizar garantiza una higiene exhaustiva con unas pocas pulverizaciones de limpiador desinfectante para juguetes.<\/p>\n<p>Disfruta de tu juguete tanto como nosotros hemos disfrutado fabric\u00e1ndolo para ti.<\/p>\n<p>LA MARCA CICI BEAUTY<\/p>\n<p>Cici Beauty &#8211; \u00a1mucho m\u00e1s que una marca Europea! Todo comenz\u00f3 con la estimulaci\u00f3n a trav\u00e9s de motores innovadores y materiales \u00fanicos. La marca de bienestar sexual l\u00edder en el mundo ahora enriquece la vida amorosa de m\u00e1s de 200.000 mil de mujeres, hombres y parejas en m\u00e1s de 100 pa\u00edses con una exclusiva gama de productos de \u00faltima generaci\u00f3n. Con caracter\u00edsticas de calidad como silicona de alta calidad, garant\u00eda de 5 a\u00f1os, totalmente prueba de agua (IPX7) y motores potentes, la exitosa marca Europea siempre tiene cuidado de combinar tecnolog\u00eda con un dise\u00f1o excepcional en sus productos. \u00a0Un producto ensamblado en Espa\u00f1a con m\u00e1xima calidad Europea.<\/p>\n<p><strong>Especificaciones:<\/strong><\/p>\n<ul>\n<li>10 modos de vibraci\u00f3n<\/li>\n<li>Motor\u00a0super\u00a0potente<\/li>\n<li>Estimulaci\u00f3n vaginal y del punto G<\/li>\n<li>Control remoto<\/li>\n<li>3.5 cm &#8211; 45 gr<\/li>\n<li>Recargable por USB<\/li>\n<li>Impermeable IPX6<\/li>\n<li>Silicona s\u00faper suave y ABS<\/li>\n<li>Material seguro para el cuerpo<\/li>\n<li>Libre de\u00a0ftalatos<\/li>\n<li><strong>Regalo\u00a0<\/strong>Lubricante WATERFEEL Neutro 6 ml<\/li>\n<\/ul>\n","protected":false},"excerpt":{"rendered":"<p>CICI BEAUTY EGG; Muy probablemente, el huevo Vibrador Control Remoto m\u00e1s Potente en el Mercado \u00bfPero qu\u00e9 diferencia Cici Beauty \u00a0Egg del resto? Vibraciones de gran alcance muy potentes y profundas especialmente focalizadas al Punto G, el resultado son orgasmos m\u00e1s extremadamente m\u00e1s intensos. ESCULPIDO PARA TU PLACER descubre los orgasmos por estimulaci\u00f3n del punto [&hellip;]<\/p>\n","protected":false},"featured_media":7805,"comment_status":"open","ping_status":"closed","template":"","meta":{"_eb_attr":"","site-sidebar-layout":"default","site-content-layout":"default","ast-site-content-layout":"default","site-content-style":"default","site-sidebar-style":"default","ast-global-header-display":"","ast-banner-title-visibility":"","ast-main-header-display":"","ast-hfb-above-header-display":"","ast-hfb-below-header-display":"","ast-hfb-mobile-header-display":"","site-post-title":"","ast-breadcrumbs-content":"","ast-featured-img":"","footer-sml-layout":"","ast-disable-related-posts":"","theme-transparent-header-meta":"default","adv-header-id-meta":"","stick-header-meta":"","header-above-stick-meta":"","header-main-stick-meta":"","header-below-stick-meta":"","astra-migrate-meta-layouts":"default","ast-page-background-enabled":"default","ast-page-background-meta":{"desktop":{"background-color":"var(--ast-global-color-4)","background-image":"","background-repeat":"repeat","background-position":"center center","background-size":"auto","background-attachment":"scroll","background-type":"","background-media":"","overlay-type":"","overlay-color":"","overlay-opacity":"","overlay-gradient":""},"tablet":{"background-color":"","background-image":"","background-repeat":"repeat","background-position":"center center","background-size":"auto","background-attachment":"scroll","background-type":"","background-media":"","overlay-type":"","overlay-color":"","overlay-opacity":"","overlay-gradient":""},"mobile":{"background-color":"","background-image":"","background-repeat":"repeat","background-position":"center center","background-size":"auto","background-attachment":"scroll","background-type":"","background-media":"","overlay-type":"","overlay-color":"","overlay-opacity":"","overlay-gradient":""}},"ast-content-background-meta":{"desktop":{"background-color":"var(--ast-global-color-5)","background-image":"","background-repeat":"repeat","background-position":"center center","background-size":"auto","background-attachment":"scroll","background-type":"","background-media":"","overlay-type":"","overlay-color":"","overlay-opacity":"","overlay-gradient":""},"tablet":{"background-color":"var(--ast-global-color-5)","background-image":"","background-repeat":"repeat","background-position":"center center","background-size":"auto","background-attachment":"scroll","background-type":"","background-media":"","overlay-type":"","overlay-color":"","overlay-opacity":"","overlay-gradient":""},"mobile":{"background-color":"var(--ast-global-color-5)","background-image":"","background-repeat":"repeat","background-position":"center center","background-size":"auto","background-attachment":"scroll","background-type":"","background-media":"","overlay-type":"","overlay-color":"","overlay-opacity":"","overlay-gradient":""}}},"product_brand":[],"product_cat":[260,284],"product_tag":[],"class_list":{"0":"post-7801","1":"product","2":"type-product","3":"status-publish","4":"has-post-thumbnail","6":"product_cat-dildos-y-vibradores","7":"product_cat-huevo-vibrador","8":"desktop-align-left","9":"tablet-align-left","10":"mobile-align-left","12":"first","13":"instock","14":"sale","15":"shipping-taxable","16":"purchasable","17":"product-type-simple"},"_links":{"self":[{"href":"https:\/\/chibolita.es\/index.php\/wp-json\/wp\/v2\/product\/7801","targetHints":{"allow":["GET"]}}],"collection":[{"href":"https:\/\/chibolita.es\/index.php\/wp-json\/wp\/v2\/product"}],"about":[{"href":"https:\/\/chibolita.es\/index.php\/wp-json\/wp\/v2\/types\/product"}],"replies":[{"embeddable":true,"href":"https:\/\/chibolita.es\/index.php\/wp-json\/wp\/v2\/comments?post=7801"}],"wp:featuredmedia":[{"embeddable":true,"href":"https:\/\/chibolita.es\/index.php\/wp-json\/wp\/v2\/media\/7805"}],"wp:attachment":[{"href":"https:\/\/chibolita.es\/index.php\/wp-json\/wp\/v2\/media?parent=7801"}],"wp:term":[{"taxonomy":"product_brand","embeddable":true,"href":"https:\/\/chibolita.es\/index.php\/wp-json\/wp\/v2\/product_brand?post=7801"},{"taxonomy":"product_cat","embeddable":true,"href":"https:\/\/chibolita.es\/index.php\/wp-json\/wp\/v2\/product_cat?post=7801"},{"taxonomy":"product_tag","embeddable":true,"href":"https:\/\/chibolita.es\/index.php\/wp-json\/wp\/v2\/product_tag?post=7801"}],"curies":[{"name":"wp","href":"https:\/\/api.w.org\/{rel}","templated":true}]}}