{"id":7790,"date":"2023-06-19T13:13:59","date_gmt":"2023-06-19T13:13:59","guid":{"rendered":"https:\/\/chibolita.es\/?post_type=product&#038;p=7790"},"modified":"2023-06-19T13:15:18","modified_gmt":"2023-06-19T13:15:18","slug":"obsessive-cordellis-crotchless-teddy-talla-unica","status":"publish","type":"product","link":"https:\/\/chibolita.es\/index.php\/product\/obsessive-cordellis-crotchless-teddy-talla-unica\/","title":{"rendered":"OBSESSIVE &#8211; CORDELLIS CROTCHLESS TEDDY TALLA UNICA"},"content":{"rendered":"<div>\n<p>\u00bfEst\u00e1s buscando lencer\u00eda que deje salir tu racha salvaje? Entonces Cordellis Crotchless Teddy ser\u00e1 la elecci\u00f3n perfecta. Un corte atrevido y detalles tentadores animar\u00e1n a ambos a experimentar. Pru\u00e9balo y si\u00e9ntete sexy y sensual como nunca antes.<\/p>\n<p><strong>Conoce m\u00e1s detalles:<\/strong><\/p>\n<ul>\n<li>Peluche abierto para una experiencia \u00fanica<\/li>\n<li>corte favorecedor\u00a0\u2013 acent\u00faa tu figura<\/li>\n<li>cord\u00f3n brillante\u00a0\u2013 despierta la imaginaci\u00f3n<\/li>\n<li>tejido efecto mojado\u00a0\u2013 har\u00e1 que sea imposible quitarle los ojos de encima<\/li>\n<li>encuadernaciones distintivas que permitir\u00e1n el mejor ajuste<\/li>\n<li>un colgante elegante\u00a0\u2013 intrigante<\/li>\n<li>forro suave para mayor comodidad capa de tejido exterior: 100 % poliuretano; capa de tejido base: 95 % poli\u00e9ster, 5 % elastano; forro: 95 % viscosa, 5 % elastano<\/li>\n<\/ul>\n<p>\u00a1Obsessive significa inspiraci\u00f3n!\u00a0 Elegancia, sensualidad, amor a la costura&#8230;.significa mucho para la mujer, pocos son los adjetivos que pueden calificar a Obsessive, donde una labor de a\u00f1os\u00a0ha\u00a0conseguido unir la mejor relaci\u00f3n calidad-precio.<\/p>\n<\/div>\n<p>\u00a1L\u00edderes mundiales en lencer\u00eda, nadie lo hace mejor!<\/p>\n","protected":false},"excerpt":{"rendered":"<p>\u00bfEst\u00e1s buscando lencer\u00eda que deje salir tu racha salvaje? Entonces Cordellis Crotchless Teddy ser\u00e1 la elecci\u00f3n perfecta. Un corte atrevido y detalles tentadores animar\u00e1n a ambos a experimentar. Pru\u00e9balo y si\u00e9ntete sexy y sensual como nunca antes. Conoce m\u00e1s detalles: Peluche abierto para una experiencia \u00fanica corte favorecedor\u00a0\u2013 acent\u00faa tu figura cord\u00f3n brillante\u00a0\u2013 despierta la [&hellip;]<\/p>\n","protected":false},"featured_media":7794,"comment_status":"open","ping_status":"closed","template":"","meta":{"_eb_attr":"","site-sidebar-layout":"default","site-content-layout":"default","ast-site-content-layout":"default","site-content-style":"default","site-sidebar-style":"default","ast-global-header-display":"","ast-banner-title-visibility":"","ast-main-header-display":"","ast-hfb-above-header-display":"","ast-hfb-below-header-display":"","ast-hfb-mobile-header-display":"","site-post-title":"","ast-breadcrumbs-content":"","ast-featured-img":"","footer-sml-layout":"","ast-disable-related-posts":"","theme-transparent-header-meta":"default","adv-header-id-meta":"","stick-header-meta":"","header-above-stick-meta":"","header-main-stick-meta":"","header-below-stick-meta":"","astra-migrate-meta-layouts":"default","ast-page-background-enabled":"default","ast-page-background-meta":{"desktop":{"background-color":"var(--ast-global-color-4)","background-image":"","background-repeat":"repeat","background-position":"center center","background-size":"auto","background-attachment":"scroll","background-type":"","background-media":"","overlay-type":"","overlay-color":"","overlay-opacity":"","overlay-gradient":""},"tablet":{"background-color":"","background-image":"","background-repeat":"repeat","background-position":"center center","background-size":"auto","background-attachment":"scroll","background-type":"","background-media":"","overlay-type":"","overlay-color":"","overlay-opacity":"","overlay-gradient":""},"mobile":{"background-color":"","background-image":"","background-repeat":"repeat","background-position":"center center","background-size":"auto","background-attachment":"scroll","background-type":"","background-media":"","overlay-type":"","overlay-color":"","overlay-opacity":"","overlay-gradient":""}},"ast-content-background-meta":{"desktop":{"background-color":"var(--ast-global-color-5)","background-image":"","background-repeat":"repeat","background-position":"center center","background-size":"auto","background-attachment":"scroll","background-type":"","background-media":"","overlay-type":"","overlay-color":"","overlay-opacity":"","overlay-gradient":""},"tablet":{"background-color":"var(--ast-global-color-5)","background-image":"","background-repeat":"repeat","background-position":"center center","background-size":"auto","background-attachment":"scroll","background-type":"","background-media":"","overlay-type":"","overlay-color":"","overlay-opacity":"","overlay-gradient":""},"mobile":{"background-color":"var(--ast-global-color-5)","background-image":"","background-repeat":"repeat","background-position":"center center","background-size":"auto","background-attachment":"scroll","background-type":"","background-media":"","overlay-type":"","overlay-color":"","overlay-opacity":"","overlay-gradient":""}}},"product_brand":[],"product_cat":[288,285],"product_tag":[],"class_list":{"0":"post-7790","1":"product","2":"type-product","3":"status-publish","4":"has-post-thumbnail","6":"product_cat-bodystocking","7":"product_cat-lenceria","8":"desktop-align-left","9":"tablet-align-left","10":"mobile-align-left","12":"first","13":"instock","14":"sale","15":"shipping-taxable","16":"purchasable","17":"product-type-simple"},"_links":{"self":[{"href":"https:\/\/chibolita.es\/index.php\/wp-json\/wp\/v2\/product\/7790","targetHints":{"allow":["GET"]}}],"collection":[{"href":"https:\/\/chibolita.es\/index.php\/wp-json\/wp\/v2\/product"}],"about":[{"href":"https:\/\/chibolita.es\/index.php\/wp-json\/wp\/v2\/types\/product"}],"replies":[{"embeddable":true,"href":"https:\/\/chibolita.es\/index.php\/wp-json\/wp\/v2\/comments?post=7790"}],"wp:featuredmedia":[{"embeddable":true,"href":"https:\/\/chibolita.es\/index.php\/wp-json\/wp\/v2\/media\/7794"}],"wp:attachment":[{"href":"https:\/\/chibolita.es\/index.php\/wp-json\/wp\/v2\/media?parent=7790"}],"wp:term":[{"taxonomy":"product_brand","embeddable":true,"href":"https:\/\/chibolita.es\/index.php\/wp-json\/wp\/v2\/product_brand?post=7790"},{"taxonomy":"product_cat","embeddable":true,"href":"https:\/\/chibolita.es\/index.php\/wp-json\/wp\/v2\/product_cat?post=7790"},{"taxonomy":"product_tag","embeddable":true,"href":"https:\/\/chibolita.es\/index.php\/wp-json\/wp\/v2\/product_tag?post=7790"}],"curies":[{"name":"wp","href":"https:\/\/api.w.org\/{rel}","templated":true}]}}