{"id":7787,"date":"2023-06-19T13:12:10","date_gmt":"2023-06-19T13:12:10","guid":{"rendered":"https:\/\/chibolita.es\/?post_type=product&#038;p=7787"},"modified":"2023-06-19T13:13:02","modified_gmt":"2023-06-19T13:13:02","slug":"obsessive-cordellis-esposas-talla-unica","status":"publish","type":"product","link":"https:\/\/chibolita.es\/index.php\/product\/obsessive-cordellis-esposas-talla-unica\/","title":{"rendered":"OBSESSIVE &#8211; CORDELLIS ESPOSAS TALLA \u00daNICA"},"content":{"rendered":"<div>\n<p>\u00bfTe gusta la diversi\u00f3n no convencional? \u00bfEst\u00e1s buscando algo que te proporcione una experiencia \u00fanica y te permita olvidarte de la vida cotidiana por un momento? Complete su look con los pu\u00f1os de Cordellis y experimente de primera mano la alegr\u00eda y la satisfacci\u00f3n que puede brindarle la experimentaci\u00f3n.<\/p>\n<p><strong>Descubre m\u00e1s detalles:<\/strong><\/p>\n<ul>\n<li>esposas con ataduras<\/li>\n<li>un cord\u00f3n fuerte con un tejido claro: estimular\u00e1 tus fantas\u00edas<\/li>\n<li>material brillante \u2013 llama la atenci\u00f3n<\/li>\n<li>muchas maneras de estar atado: encuentra tu favorito<\/li>\n<li>material el\u00e1stico: cuidar\u00e1 de su comodidad capa de tejido exterior: 100 % poliuretano, capa de tejido base: 95 % poli\u00e9ster, 5 % elastano<\/li>\n<\/ul>\n<p>\u00a1Obsessive significa inspiraci\u00f3n!\u00a0 Elegancia, sensualidad, amor a la costura&#8230;.significa mucho para la mujer, pocos son los adjetivos que pueden calificar a Obsessive, donde una labor de a\u00f1os\u00a0ha\u00a0conseguido unir la mejor relaci\u00f3n calidad-precio.<\/p>\n<\/div>\n<p>\u00a1L\u00edderes mundiales en lencer\u00eda, nadie lo hace mejor!<\/p>\n","protected":false},"excerpt":{"rendered":"<p>\u00bfTe gusta la diversi\u00f3n no convencional? \u00bfEst\u00e1s buscando algo que te proporcione una experiencia \u00fanica y te permita olvidarte de la vida cotidiana por un momento? Complete su look con los pu\u00f1os de Cordellis y experimente de primera mano la alegr\u00eda y la satisfacci\u00f3n que puede brindarle la experimentaci\u00f3n. Descubre m\u00e1s detalles: esposas con ataduras [&hellip;]<\/p>\n","protected":false},"featured_media":7789,"comment_status":"open","ping_status":"closed","template":"","meta":{"_eb_attr":"","site-sidebar-layout":"default","site-content-layout":"default","ast-site-content-layout":"default","site-content-style":"default","site-sidebar-style":"default","ast-global-header-display":"","ast-banner-title-visibility":"","ast-main-header-display":"","ast-hfb-above-header-display":"","ast-hfb-below-header-display":"","ast-hfb-mobile-header-display":"","site-post-title":"","ast-breadcrumbs-content":"","ast-featured-img":"","footer-sml-layout":"","ast-disable-related-posts":"","theme-transparent-header-meta":"default","adv-header-id-meta":"","stick-header-meta":"","header-above-stick-meta":"","header-main-stick-meta":"","header-below-stick-meta":"","astra-migrate-meta-layouts":"default","ast-page-background-enabled":"default","ast-page-background-meta":{"desktop":{"background-color":"var(--ast-global-color-4)","background-image":"","background-repeat":"repeat","background-position":"center center","background-size":"auto","background-attachment":"scroll","background-type":"","background-media":"","overlay-type":"","overlay-color":"","overlay-opacity":"","overlay-gradient":""},"tablet":{"background-color":"","background-image":"","background-repeat":"repeat","background-position":"center center","background-size":"auto","background-attachment":"scroll","background-type":"","background-media":"","overlay-type":"","overlay-color":"","overlay-opacity":"","overlay-gradient":""},"mobile":{"background-color":"","background-image":"","background-repeat":"repeat","background-position":"center center","background-size":"auto","background-attachment":"scroll","background-type":"","background-media":"","overlay-type":"","overlay-color":"","overlay-opacity":"","overlay-gradient":""}},"ast-content-background-meta":{"desktop":{"background-color":"var(--ast-global-color-5)","background-image":"","background-repeat":"repeat","background-position":"center center","background-size":"auto","background-attachment":"scroll","background-type":"","background-media":"","overlay-type":"","overlay-color":"","overlay-opacity":"","overlay-gradient":""},"tablet":{"background-color":"var(--ast-global-color-5)","background-image":"","background-repeat":"repeat","background-position":"center center","background-size":"auto","background-attachment":"scroll","background-type":"","background-media":"","overlay-type":"","overlay-color":"","overlay-opacity":"","overlay-gradient":""},"mobile":{"background-color":"var(--ast-global-color-5)","background-image":"","background-repeat":"repeat","background-position":"center center","background-size":"auto","background-attachment":"scroll","background-type":"","background-media":"","overlay-type":"","overlay-color":"","overlay-opacity":"","overlay-gradient":""}}},"product_brand":[],"product_cat":[278,265,15],"product_tag":[],"class_list":{"0":"post-7787","1":"product","2":"type-product","3":"status-publish","4":"has-post-thumbnail","6":"product_cat-esposas-y-latigos","7":"product_cat-fetish-bdsm","8":"product_cat-uncategorized","9":"desktop-align-left","10":"tablet-align-left","11":"mobile-align-left","13":"first","14":"instock","15":"sale","16":"shipping-taxable","17":"purchasable","18":"product-type-simple"},"_links":{"self":[{"href":"https:\/\/chibolita.es\/index.php\/wp-json\/wp\/v2\/product\/7787","targetHints":{"allow":["GET"]}}],"collection":[{"href":"https:\/\/chibolita.es\/index.php\/wp-json\/wp\/v2\/product"}],"about":[{"href":"https:\/\/chibolita.es\/index.php\/wp-json\/wp\/v2\/types\/product"}],"replies":[{"embeddable":true,"href":"https:\/\/chibolita.es\/index.php\/wp-json\/wp\/v2\/comments?post=7787"}],"wp:featuredmedia":[{"embeddable":true,"href":"https:\/\/chibolita.es\/index.php\/wp-json\/wp\/v2\/media\/7789"}],"wp:attachment":[{"href":"https:\/\/chibolita.es\/index.php\/wp-json\/wp\/v2\/media?parent=7787"}],"wp:term":[{"taxonomy":"product_brand","embeddable":true,"href":"https:\/\/chibolita.es\/index.php\/wp-json\/wp\/v2\/product_brand?post=7787"},{"taxonomy":"product_cat","embeddable":true,"href":"https:\/\/chibolita.es\/index.php\/wp-json\/wp\/v2\/product_cat?post=7787"},{"taxonomy":"product_tag","embeddable":true,"href":"https:\/\/chibolita.es\/index.php\/wp-json\/wp\/v2\/product_tag?post=7787"}],"curies":[{"name":"wp","href":"https:\/\/api.w.org\/{rel}","templated":true}]}}