{"id":7782,"date":"2023-06-19T13:10:32","date_gmt":"2023-06-19T13:10:32","guid":{"rendered":"https:\/\/chibolita.es\/?post_type=product&#038;p=7782"},"modified":"2023-06-19T13:11:39","modified_gmt":"2023-06-19T13:11:39","slug":"obsessive-cordellis-2-pcs-set-talla-unica","status":"publish","type":"product","link":"https:\/\/chibolita.es\/index.php\/product\/obsessive-cordellis-2-pcs-set-talla-unica\/","title":{"rendered":"OBSESSIVE &#8211; CORDELLIS 2 PCS SET TALLA UNICA"},"content":{"rendered":"<div>\n<p>\u00bfSue\u00f1as con lencer\u00eda que deje salir tu lado depredador y seductor? Aseg\u00farese de revisar el conjunto de Cordellis. El corte inusual combinado con la tela brillante le brindar\u00e1 comodidad y una apariencia \u00fanica. Atr\u00e9vete a ser un poco salvaje y sorpr\u00e9ndete\u2026<\/p>\n<p><strong>Conoce m\u00e1s detalles:<\/strong><\/p>\n<ul>\n<li>brasier y tanga\u00a0\u2013 un conjunto \u00fanico<\/li>\n<li>brillante\u00a0aspecto mojado\u00a0tejido\u00a0\u2013 es dif\u00edcil quitarle los ojos de encima<\/li>\n<li>cord\u00f3n con tejido transparente\u00a0\u2013 fomenta las aplicaciones no convencionales<\/li>\n<li>corte c\u00f3modo\u00a0\u2013 asegurar\u00e1 un ajuste perfecto<\/li>\n<li>colgante llamativo<\/li>\n<li>material agradable con un forro que garantizar\u00e1 el m\u00e1ximo confort capa de tejido exterior: 100 % poliuretano; capa de tejido base: 95 % poli\u00e9ster, 5 % elastano;\u00a0forro: 95 % viscosa, 5 % elastano<\/li>\n<\/ul>\n<p>\u00a1Obsessive significa inspiraci\u00f3n!\u00a0 Elegancia, sensualidad, amor a la costura&#8230;.significa mucho para la mujer, pocos son los adjetivos que pueden calificar a Obsessive, donde una labor de a\u00f1os\u00a0ha\u00a0conseguido unir la mejor relaci\u00f3n calidad-precio.<\/p>\n<\/div>\n<p>\u00a1L\u00edderes mundiales en lencer\u00eda, nadie lo hace mejor!<\/p>\n","protected":false},"excerpt":{"rendered":"<p>\u00bfSue\u00f1as con lencer\u00eda que deje salir tu lado depredador y seductor? Aseg\u00farese de revisar el conjunto de Cordellis. El corte inusual combinado con la tela brillante le brindar\u00e1 comodidad y una apariencia \u00fanica. Atr\u00e9vete a ser un poco salvaje y sorpr\u00e9ndete\u2026 Conoce m\u00e1s detalles: brasier y tanga\u00a0\u2013 un conjunto \u00fanico brillante\u00a0aspecto mojado\u00a0tejido\u00a0\u2013 es dif\u00edcil quitarle [&hellip;]<\/p>\n","protected":false},"featured_media":7786,"comment_status":"open","ping_status":"closed","template":"","meta":{"_eb_attr":"","site-sidebar-layout":"default","site-content-layout":"default","ast-site-content-layout":"default","site-content-style":"default","site-sidebar-style":"default","ast-global-header-display":"","ast-banner-title-visibility":"","ast-main-header-display":"","ast-hfb-above-header-display":"","ast-hfb-below-header-display":"","ast-hfb-mobile-header-display":"","site-post-title":"","ast-breadcrumbs-content":"","ast-featured-img":"","footer-sml-layout":"","ast-disable-related-posts":"","theme-transparent-header-meta":"default","adv-header-id-meta":"","stick-header-meta":"","header-above-stick-meta":"","header-main-stick-meta":"","header-below-stick-meta":"","astra-migrate-meta-layouts":"default","ast-page-background-enabled":"default","ast-page-background-meta":{"desktop":{"background-color":"var(--ast-global-color-4)","background-image":"","background-repeat":"repeat","background-position":"center center","background-size":"auto","background-attachment":"scroll","background-type":"","background-media":"","overlay-type":"","overlay-color":"","overlay-opacity":"","overlay-gradient":""},"tablet":{"background-color":"","background-image":"","background-repeat":"repeat","background-position":"center center","background-size":"auto","background-attachment":"scroll","background-type":"","background-media":"","overlay-type":"","overlay-color":"","overlay-opacity":"","overlay-gradient":""},"mobile":{"background-color":"","background-image":"","background-repeat":"repeat","background-position":"center center","background-size":"auto","background-attachment":"scroll","background-type":"","background-media":"","overlay-type":"","overlay-color":"","overlay-opacity":"","overlay-gradient":""}},"ast-content-background-meta":{"desktop":{"background-color":"var(--ast-global-color-5)","background-image":"","background-repeat":"repeat","background-position":"center center","background-size":"auto","background-attachment":"scroll","background-type":"","background-media":"","overlay-type":"","overlay-color":"","overlay-opacity":"","overlay-gradient":""},"tablet":{"background-color":"var(--ast-global-color-5)","background-image":"","background-repeat":"repeat","background-position":"center center","background-size":"auto","background-attachment":"scroll","background-type":"","background-media":"","overlay-type":"","overlay-color":"","overlay-opacity":"","overlay-gradient":""},"mobile":{"background-color":"var(--ast-global-color-5)","background-image":"","background-repeat":"repeat","background-position":"center center","background-size":"auto","background-attachment":"scroll","background-type":"","background-media":"","overlay-type":"","overlay-color":"","overlay-opacity":"","overlay-gradient":""}}},"product_brand":[],"product_cat":[289,285],"product_tag":[],"class_list":{"0":"post-7782","1":"product","2":"type-product","3":"status-publish","4":"has-post-thumbnail","6":"product_cat-conjuntos-varias-piezas","7":"product_cat-lenceria","8":"desktop-align-left","9":"tablet-align-left","10":"mobile-align-left","12":"first","13":"instock","14":"sale","15":"shipping-taxable","16":"purchasable","17":"product-type-simple"},"_links":{"self":[{"href":"https:\/\/chibolita.es\/index.php\/wp-json\/wp\/v2\/product\/7782","targetHints":{"allow":["GET"]}}],"collection":[{"href":"https:\/\/chibolita.es\/index.php\/wp-json\/wp\/v2\/product"}],"about":[{"href":"https:\/\/chibolita.es\/index.php\/wp-json\/wp\/v2\/types\/product"}],"replies":[{"embeddable":true,"href":"https:\/\/chibolita.es\/index.php\/wp-json\/wp\/v2\/comments?post=7782"}],"wp:featuredmedia":[{"embeddable":true,"href":"https:\/\/chibolita.es\/index.php\/wp-json\/wp\/v2\/media\/7786"}],"wp:attachment":[{"href":"https:\/\/chibolita.es\/index.php\/wp-json\/wp\/v2\/media?parent=7782"}],"wp:term":[{"taxonomy":"product_brand","embeddable":true,"href":"https:\/\/chibolita.es\/index.php\/wp-json\/wp\/v2\/product_brand?post=7782"},{"taxonomy":"product_cat","embeddable":true,"href":"https:\/\/chibolita.es\/index.php\/wp-json\/wp\/v2\/product_cat?post=7782"},{"taxonomy":"product_tag","embeddable":true,"href":"https:\/\/chibolita.es\/index.php\/wp-json\/wp\/v2\/product_tag?post=7782"}],"curies":[{"name":"wp","href":"https:\/\/api.w.org\/{rel}","templated":true}]}}