{"id":7772,"date":"2023-06-19T13:03:52","date_gmt":"2023-06-19T13:03:52","guid":{"rendered":"https:\/\/chibolita.es\/?post_type=product&#038;p=7772"},"modified":"2023-06-19T13:07:42","modified_gmt":"2023-06-19T13:07:42","slug":"obsessive-darkessia-stockings-s-m","status":"publish","type":"product","link":"https:\/\/chibolita.es\/index.php\/product\/obsessive-darkessia-stockings-s-m\/","title":{"rendered":"OBSESSIVE &#8211; DARKESSIA STOCKINGS S\/M"},"content":{"rendered":"<div>\n<p>Si buscas algo picante para resaltar tu aspecto depredador, tenemos buenas noticias: lo acabas de encontrar. La combinaci\u00f3n de las atemporales medias de rejilla con un material similar al cuero en forma de sexys medias Darkessia har\u00e1 que sea dif\u00edcil quitarte la vista de encima. \u00bfTe atrever\u00e1s?<\/p>\n<p><strong>Conoce m\u00e1s detalles:<\/strong><\/p>\n<ul>\n<li>sensuales medias negras<\/li>\n<li>con un liguero har\u00e1n un d\u00fao perfecto, ya que no son autosuficientes<\/li>\n<li>un acabado negro en la parte superior imitando a la piel\u00a0\u2013\u00a0un detalle tentador<\/li>\n<li>tejido el\u00e1stico\u00a0\u2013\u00a0garantiza un ajuste perfecto banda: capa de tejido exterior: 100 % poliuretano; capa de tejido base: 95 % poli\u00e9ster, 5 % elastano; malla: 88 % poliamida, 12 % elastano<\/li>\n<\/ul>\n<p>\u00a1Obsessive significa inspiraci\u00f3n!\u00a0 Elegancia, sensualidad, amor a la costura&#8230;.significa mucho para la mujer, pocos son los adjetivos que pueden calificar a Obsessive, donde una labor de a\u00f1os\u00a0ha\u00a0conseguido unir la mejor relaci\u00f3n calidad-precio.<\/p>\n<\/div>\n<p>\u00a1L\u00edderes mundiales en lencer\u00eda, nadie lo hace mejor!<\/p>\n","protected":false},"excerpt":{"rendered":"<p>Si buscas algo picante para resaltar tu aspecto depredador, tenemos buenas noticias: lo acabas de encontrar. La combinaci\u00f3n de las atemporales medias de rejilla con un material similar al cuero en forma de sexys medias Darkessia har\u00e1 que sea dif\u00edcil quitarte la vista de encima. \u00bfTe atrever\u00e1s? Conoce m\u00e1s detalles: sensuales medias negras con un [&hellip;]<\/p>\n","protected":false},"featured_media":7775,"comment_status":"open","ping_status":"closed","template":"","meta":{"_eb_attr":"","site-sidebar-layout":"default","site-content-layout":"default","ast-site-content-layout":"default","site-content-style":"default","site-sidebar-style":"default","ast-global-header-display":"","ast-banner-title-visibility":"","ast-main-header-display":"","ast-hfb-above-header-display":"","ast-hfb-below-header-display":"","ast-hfb-mobile-header-display":"","site-post-title":"","ast-breadcrumbs-content":"","ast-featured-img":"","footer-sml-layout":"","ast-disable-related-posts":"","theme-transparent-header-meta":"default","adv-header-id-meta":"","stick-header-meta":"","header-above-stick-meta":"","header-main-stick-meta":"","header-below-stick-meta":"","astra-migrate-meta-layouts":"default","ast-page-background-enabled":"default","ast-page-background-meta":{"desktop":{"background-color":"var(--ast-global-color-4)","background-image":"","background-repeat":"repeat","background-position":"center center","background-size":"auto","background-attachment":"scroll","background-type":"","background-media":"","overlay-type":"","overlay-color":"","overlay-opacity":"","overlay-gradient":""},"tablet":{"background-color":"","background-image":"","background-repeat":"repeat","background-position":"center center","background-size":"auto","background-attachment":"scroll","background-type":"","background-media":"","overlay-type":"","overlay-color":"","overlay-opacity":"","overlay-gradient":""},"mobile":{"background-color":"","background-image":"","background-repeat":"repeat","background-position":"center center","background-size":"auto","background-attachment":"scroll","background-type":"","background-media":"","overlay-type":"","overlay-color":"","overlay-opacity":"","overlay-gradient":""}},"ast-content-background-meta":{"desktop":{"background-color":"var(--ast-global-color-5)","background-image":"","background-repeat":"repeat","background-position":"center center","background-size":"auto","background-attachment":"scroll","background-type":"","background-media":"","overlay-type":"","overlay-color":"","overlay-opacity":"","overlay-gradient":""},"tablet":{"background-color":"var(--ast-global-color-5)","background-image":"","background-repeat":"repeat","background-position":"center center","background-size":"auto","background-attachment":"scroll","background-type":"","background-media":"","overlay-type":"","overlay-color":"","overlay-opacity":"","overlay-gradient":""},"mobile":{"background-color":"var(--ast-global-color-5)","background-image":"","background-repeat":"repeat","background-position":"center center","background-size":"auto","background-attachment":"scroll","background-type":"","background-media":"","overlay-type":"","overlay-color":"","overlay-opacity":"","overlay-gradient":""}}},"product_brand":[],"product_cat":[292,285],"product_tag":[],"class_list":{"0":"post-7772","1":"product","2":"type-product","3":"status-publish","4":"has-post-thumbnail","6":"product_cat-complementos-lenceria","7":"product_cat-lenceria","8":"desktop-align-left","9":"tablet-align-left","10":"mobile-align-left","12":"first","13":"instock","14":"sale","15":"shipping-taxable","16":"purchasable","17":"product-type-simple"},"_links":{"self":[{"href":"https:\/\/chibolita.es\/index.php\/wp-json\/wp\/v2\/product\/7772","targetHints":{"allow":["GET"]}}],"collection":[{"href":"https:\/\/chibolita.es\/index.php\/wp-json\/wp\/v2\/product"}],"about":[{"href":"https:\/\/chibolita.es\/index.php\/wp-json\/wp\/v2\/types\/product"}],"replies":[{"embeddable":true,"href":"https:\/\/chibolita.es\/index.php\/wp-json\/wp\/v2\/comments?post=7772"}],"wp:featuredmedia":[{"embeddable":true,"href":"https:\/\/chibolita.es\/index.php\/wp-json\/wp\/v2\/media\/7775"}],"wp:attachment":[{"href":"https:\/\/chibolita.es\/index.php\/wp-json\/wp\/v2\/media?parent=7772"}],"wp:term":[{"taxonomy":"product_brand","embeddable":true,"href":"https:\/\/chibolita.es\/index.php\/wp-json\/wp\/v2\/product_brand?post=7772"},{"taxonomy":"product_cat","embeddable":true,"href":"https:\/\/chibolita.es\/index.php\/wp-json\/wp\/v2\/product_cat?post=7772"},{"taxonomy":"product_tag","embeddable":true,"href":"https:\/\/chibolita.es\/index.php\/wp-json\/wp\/v2\/product_tag?post=7772"}],"curies":[{"name":"wp","href":"https:\/\/api.w.org\/{rel}","templated":true}]}}