{"id":7721,"date":"2023-06-10T18:28:05","date_gmt":"2023-06-10T18:28:05","guid":{"rendered":"https:\/\/chibolita.es\/?post_type=product&#038;p=7721"},"modified":"2023-06-10T18:30:08","modified_gmt":"2023-06-10T18:30:08","slug":"mega-penis-plus-90-caps","status":"publish","type":"product","link":"https:\/\/chibolita.es\/index.php\/product\/mega-penis-plus-90-caps\/","title":{"rendered":"MEGA PENIS PLUS 90 CAPS"},"content":{"rendered":"<div><span>Mega Penis Plus Pills son c\u00e1psulas naturales fabricadas con tecnolog\u00eda especial, producto 100% natural y cl\u00ednicamente probado para agrandar el pene masculino.<\/span><\/div>\n<div><\/div>\n<div><span>F\u00f3rmula de hierbas 100% naturales<\/span><\/div>\n<div><span>El aumento del flujo sangu\u00edneo har\u00e1 que sus erecciones sean m\u00e1s dif\u00edciles<\/span><\/div>\n<div><span>Pene m\u00e1s grande y grueso hasta 2 pulgadas (depende de cada persona)<\/span><\/div>\n<div><span>Resultados r\u00e1pidos y mejores resultados con el uso continuado<\/span><\/div>\n<div><span>sin efectos secundarios<\/span><\/div>\n<div><\/div>\n<div><span>Instrucciones de dosificaci\u00f3n: Tomar 1 c\u00e1psula 2 veces al d\u00eda con alg\u00fan l\u00edquido, el uso recomendado es de 4 meses<\/span><\/div>\n<div><span>Envase: 90 c\u00e1psulas<\/span><\/div>\n","protected":false},"excerpt":{"rendered":"<p>Mega Penis Plus Pills son c\u00e1psulas naturales fabricadas con tecnolog\u00eda especial, producto 100% natural y cl\u00ednicamente probado para agrandar el pene masculino. F\u00f3rmula de hierbas 100% naturales El aumento del flujo sangu\u00edneo har\u00e1 que sus erecciones sean m\u00e1s dif\u00edciles Pene m\u00e1s grande y grueso hasta 2 pulgadas (depende de cada persona) Resultados r\u00e1pidos y mejores [&hellip;]<\/p>\n","protected":false},"featured_media":7722,"comment_status":"open","ping_status":"closed","template":"","meta":{"_eb_attr":"","site-sidebar-layout":"default","site-content-layout":"default","ast-site-content-layout":"default","site-content-style":"default","site-sidebar-style":"default","ast-global-header-display":"","ast-banner-title-visibility":"","ast-main-header-display":"","ast-hfb-above-header-display":"","ast-hfb-below-header-display":"","ast-hfb-mobile-header-display":"","site-post-title":"","ast-breadcrumbs-content":"","ast-featured-img":"","footer-sml-layout":"","ast-disable-related-posts":"","theme-transparent-header-meta":"default","adv-header-id-meta":"","stick-header-meta":"","header-above-stick-meta":"","header-main-stick-meta":"","header-below-stick-meta":"","astra-migrate-meta-layouts":"default","ast-page-background-enabled":"default","ast-page-background-meta":{"desktop":{"background-color":"var(--ast-global-color-4)","background-image":"","background-repeat":"repeat","background-position":"center center","background-size":"auto","background-attachment":"scroll","background-type":"","background-media":"","overlay-type":"","overlay-color":"","overlay-opacity":"","overlay-gradient":""},"tablet":{"background-color":"","background-image":"","background-repeat":"repeat","background-position":"center center","background-size":"auto","background-attachment":"scroll","background-type":"","background-media":"","overlay-type":"","overlay-color":"","overlay-opacity":"","overlay-gradient":""},"mobile":{"background-color":"","background-image":"","background-repeat":"repeat","background-position":"center center","background-size":"auto","background-attachment":"scroll","background-type":"","background-media":"","overlay-type":"","overlay-color":"","overlay-opacity":"","overlay-gradient":""}},"ast-content-background-meta":{"desktop":{"background-color":"var(--ast-global-color-5)","background-image":"","background-repeat":"repeat","background-position":"center center","background-size":"auto","background-attachment":"scroll","background-type":"","background-media":"","overlay-type":"","overlay-color":"","overlay-opacity":"","overlay-gradient":""},"tablet":{"background-color":"var(--ast-global-color-5)","background-image":"","background-repeat":"repeat","background-position":"center center","background-size":"auto","background-attachment":"scroll","background-type":"","background-media":"","overlay-type":"","overlay-color":"","overlay-opacity":"","overlay-gradient":""},"mobile":{"background-color":"var(--ast-global-color-5)","background-image":"","background-repeat":"repeat","background-position":"center center","background-size":"auto","background-attachment":"scroll","background-type":"","background-media":"","overlay-type":"","overlay-color":"","overlay-opacity":"","overlay-gradient":""}}},"product_brand":[],"product_cat":[243,244],"product_tag":[],"class_list":{"0":"post-7721","1":"product","2":"type-product","3":"status-publish","4":"has-post-thumbnail","6":"product_cat-aumento-del-pene","7":"product_cat-pastillas-para-agrandar-el-pene","8":"desktop-align-left","9":"tablet-align-left","10":"mobile-align-left","12":"first","13":"instock","14":"shipping-taxable","15":"purchasable","16":"product-type-simple"},"_links":{"self":[{"href":"https:\/\/chibolita.es\/index.php\/wp-json\/wp\/v2\/product\/7721","targetHints":{"allow":["GET"]}}],"collection":[{"href":"https:\/\/chibolita.es\/index.php\/wp-json\/wp\/v2\/product"}],"about":[{"href":"https:\/\/chibolita.es\/index.php\/wp-json\/wp\/v2\/types\/product"}],"replies":[{"embeddable":true,"href":"https:\/\/chibolita.es\/index.php\/wp-json\/wp\/v2\/comments?post=7721"}],"wp:featuredmedia":[{"embeddable":true,"href":"https:\/\/chibolita.es\/index.php\/wp-json\/wp\/v2\/media\/7722"}],"wp:attachment":[{"href":"https:\/\/chibolita.es\/index.php\/wp-json\/wp\/v2\/media?parent=7721"}],"wp:term":[{"taxonomy":"product_brand","embeddable":true,"href":"https:\/\/chibolita.es\/index.php\/wp-json\/wp\/v2\/product_brand?post=7721"},{"taxonomy":"product_cat","embeddable":true,"href":"https:\/\/chibolita.es\/index.php\/wp-json\/wp\/v2\/product_cat?post=7721"},{"taxonomy":"product_tag","embeddable":true,"href":"https:\/\/chibolita.es\/index.php\/wp-json\/wp\/v2\/product_tag?post=7721"}],"curies":[{"name":"wp","href":"https:\/\/api.w.org\/{rel}","templated":true}]}}