{"id":7713,"date":"2023-06-08T19:03:42","date_gmt":"2023-06-08T19:03:42","guid":{"rendered":"https:\/\/chibolita.es\/?post_type=product&#038;p=7713"},"modified":"2023-06-08T19:06:30","modified_gmt":"2023-06-08T19:06:30","slug":"mia-sicilia-triple-placer-besa-lame-vibra","status":"publish","type":"product","link":"https:\/\/chibolita.es\/index.php\/product\/mia-sicilia-triple-placer-besa-lame-vibra\/","title":{"rendered":"MIA &#8211; SICILIA TRIPLE PLACER BESA-LAME-VIBRA"},"content":{"rendered":"<p>MIA SICILIA\u2122 es un estimulador de cl\u00edtoris preciso para uso externo que te permite disfrutar de m\u00faltiples orgasmos las veces que quieras. Los vibradores tradicionales podr\u00edan insensibilizar la zona alrededor del cl\u00edtoris y, la mayor\u00eda de las veces, evitan que puedas experimentar m\u00faltiples orgasmos. Gracias a su forma exclusiva como una boca REAL, su lengua suave y flexible y a su movimiento el\u00edptico revolucionario, MIA SICILIA\u2122 te permite alcanzar el cl\u00edmax con una precisi\u00f3n inigualable. Es perfecto para la estimulaci\u00f3n a solas o un juego discreto en pareja y permite un enfoque vers\u00e1til al autoplacer.<\/p>\n<p>1 &#8211; PRECISI\u00d3N ABSOLUTA<\/p>\n<p>Forma \u00fanica de boca real con estimulador lengua suave y flexible en forma de punto ayuda a dirigir las oscilaciones para estimular cualquier zona er\u00f3gena meticulosamente.<\/p>\n<p>2 \u2013 DIEZ POTENTES MODOS DE VIBRACI\u00d3N Y DIEZ MODOS DE ESTIMULACI\u00d3N CON LENGUA<\/p>\n<p>MIA SICILIA\u2122 \u00a0posee diez patrones de vibraci\u00f3n con distintas intensidades que van desde un suave murmullo a pulsos muy excitantes. Otros 10 modos de movimiento lengua que alcanza el climax de dioses.<\/p>\n<p>3 &#8211; MOVIMIENTO EL\u00cdPTICO<\/p>\n<p>Un movimiento el\u00edptico para una sensaci\u00f3n \u00fanica completamente nueva. La reinvenci\u00f3n de los orgasmos tal y como los conocemos.<\/p>\n<p>4 &#8211; SILICONA EXTRASUAVE<\/p>\n<p>Silicona de alta calidad ultrasuave, muy agradable al tacto. El dise\u00f1o cl\u00e1sico con silicona biocompatible de MIA te ofrece un placer altamente gratificante e higi\u00e9nico.<\/p>\n<p>MIA SICILIA\u2122 es un innovador vibrador de cl\u00edtoris de uso externo que proporciona nuevas sensaciones al cl\u00edtoris y a otras zonas er\u00f3genas para poder disfrutar de m\u00faltiples orgasmos, a diferencia de los vibradores convencionales que suelen insensibilizar la zona alrededor del cl\u00edtoris. Gracias al movimiento de simulaci\u00f3n real TONGUE, realiza un movimiento el\u00edptico constante, mientras que la punta suave y flexible estimula con una precisi\u00f3n absoluta. Tiene una forma muy original y contiene diez modos de placer con intensidades variables. MIA SICILIA\u2122 \u00a0es perfecto para las personas o parejas que desean experimentar un tipo de orgasmo distinto.<\/p>\n<ul>\n<li>Materiales; Silicona biocompatible<\/li>\n<li>Acabado: suave<\/li>\n<li>Peso:\u00a0\u00a0\u00a0\u00a0\u00a0\u00a0 196 g<\/li>\n<li>Bater\u00eda:\u00a0\u00a0 Li-Ion 520 mAh 3,7 V<\/li>\n<li>Carga:\u00a0\u00a0\u00a0\u00a0 hasta 2 horas a 5,0 V 500 mA<\/li>\n<li>Tiempo de uso:\u00a0\u00a0\u00a0\u00a0\u00a0\u00a0 60 minutos como m\u00ednimo<\/li>\n<li>Nivel m\u00e1x. de ruido:\u00a0\u00a0\u00a0\u00a0\u00a0\u00a0\u00a0 60 dB<\/li>\n<li>Lubricante recomendado, Waterfeel a base de agua o marca Aqua.<\/li>\n<\/ul>\n<p>MATERIALES Y CUIDADOS<\/p>\n<p>La silicona MIA cuenta con silicona 100%\u00a0 libre de phalatos , incre\u00edblemente flexible. Resistente al agua (IPX6) y combinado con un pr\u00e1ctico mando ergon\u00f3mico hecho del mismo material, los juguetes de MIA son f\u00e1ciles de limpiar y se mantienen higi\u00e9nicos durante mucho tiempo. El material flexible es maravillosamente resbaladizo y r\u00e1pidamente toma la temperatura corporal. Su vibrador se puede limpiar r\u00e1pida y f\u00e1cilmente con un poco de jab\u00f3n y agua tibia. Para finalizar garantiza una higiene exhaustiva con unas pocas pulverizaciones de limpiador desinfectante para juguetes.<\/p>\n<p>Disfruta de tu juguete tanto como nosotros hemos disfrutado fabric\u00e1ndolo para ti.<\/p>\n<p>LA MARCA MIA<\/p>\n<p>MIA &#8211; \u00a1mucho m\u00e1s que una marca Europea! Todo comenz\u00f3 con la estimulaci\u00f3n a trav\u00e9s de motores innovadores y materiales \u00fanicos. La marca de bienestar sexual l\u00edder en el mundo ahora enriquece la vida amorosa de m\u00e1s de 200.000 mil de mujeres, hombres y parejas en m\u00e1s de 100 pa\u00edses con una exclusiva gama de productos de \u00faltima generaci\u00f3n. Con caracter\u00edsticas de calidad como silicona de alta calidad, garant\u00eda de 5 a\u00f1os, totalmente prueba de agua (IPX7) y motores potentes, la exitosa marca Europea siempre tiene cuidado de combinar tecnolog\u00eda con un dise\u00f1o excepcional en sus productos.\u00a0 Un producto ensamblado en Espa\u00f1a con m\u00e1xima calidad Europea.<\/p>\n","protected":false},"excerpt":{"rendered":"<p>MIA SICILIA\u2122 es un estimulador de cl\u00edtoris preciso para uso externo que te permite disfrutar de m\u00faltiples orgasmos las veces que quieras. Los vibradores tradicionales podr\u00edan insensibilizar la zona alrededor del cl\u00edtoris y, la mayor\u00eda de las veces, evitan que puedas experimentar m\u00faltiples orgasmos. Gracias a su forma exclusiva como una boca REAL, su lengua [&hellip;]<\/p>\n","protected":false},"featured_media":7715,"comment_status":"open","ping_status":"closed","template":"","meta":{"_eb_attr":"","site-sidebar-layout":"default","site-content-layout":"default","ast-site-content-layout":"default","site-content-style":"default","site-sidebar-style":"default","ast-global-header-display":"","ast-banner-title-visibility":"","ast-main-header-display":"","ast-hfb-above-header-display":"","ast-hfb-below-header-display":"","ast-hfb-mobile-header-display":"","site-post-title":"","ast-breadcrumbs-content":"","ast-featured-img":"","footer-sml-layout":"","ast-disable-related-posts":"","theme-transparent-header-meta":"default","adv-header-id-meta":"","stick-header-meta":"","header-above-stick-meta":"","header-main-stick-meta":"","header-below-stick-meta":"","astra-migrate-meta-layouts":"default","ast-page-background-enabled":"default","ast-page-background-meta":{"desktop":{"background-color":"var(--ast-global-color-4)","background-image":"","background-repeat":"repeat","background-position":"center center","background-size":"auto","background-attachment":"scroll","background-type":"","background-media":"","overlay-type":"","overlay-color":"","overlay-opacity":"","overlay-gradient":""},"tablet":{"background-color":"","background-image":"","background-repeat":"repeat","background-position":"center center","background-size":"auto","background-attachment":"scroll","background-type":"","background-media":"","overlay-type":"","overlay-color":"","overlay-opacity":"","overlay-gradient":""},"mobile":{"background-color":"","background-image":"","background-repeat":"repeat","background-position":"center center","background-size":"auto","background-attachment":"scroll","background-type":"","background-media":"","overlay-type":"","overlay-color":"","overlay-opacity":"","overlay-gradient":""}},"ast-content-background-meta":{"desktop":{"background-color":"var(--ast-global-color-5)","background-image":"","background-repeat":"repeat","background-position":"center center","background-size":"auto","background-attachment":"scroll","background-type":"","background-media":"","overlay-type":"","overlay-color":"","overlay-opacity":"","overlay-gradient":""},"tablet":{"background-color":"var(--ast-global-color-5)","background-image":"","background-repeat":"repeat","background-position":"center center","background-size":"auto","background-attachment":"scroll","background-type":"","background-media":"","overlay-type":"","overlay-color":"","overlay-opacity":"","overlay-gradient":""},"mobile":{"background-color":"var(--ast-global-color-5)","background-image":"","background-repeat":"repeat","background-position":"center center","background-size":"auto","background-attachment":"scroll","background-type":"","background-media":"","overlay-type":"","overlay-color":"","overlay-opacity":"","overlay-gradient":""}}},"product_brand":[],"product_cat":[260,15,263],"product_tag":[],"class_list":{"0":"post-7713","1":"product","2":"type-product","3":"status-publish","4":"has-post-thumbnail","6":"product_cat-dildos-y-vibradores","7":"product_cat-uncategorized","8":"product_cat-vibradores-lay-on-clitoris","9":"desktop-align-left","10":"tablet-align-left","11":"mobile-align-left","13":"first","14":"instock","15":"sale","16":"shipping-taxable","17":"purchasable","18":"product-type-simple"},"_links":{"self":[{"href":"https:\/\/chibolita.es\/index.php\/wp-json\/wp\/v2\/product\/7713","targetHints":{"allow":["GET"]}}],"collection":[{"href":"https:\/\/chibolita.es\/index.php\/wp-json\/wp\/v2\/product"}],"about":[{"href":"https:\/\/chibolita.es\/index.php\/wp-json\/wp\/v2\/types\/product"}],"replies":[{"embeddable":true,"href":"https:\/\/chibolita.es\/index.php\/wp-json\/wp\/v2\/comments?post=7713"}],"wp:featuredmedia":[{"embeddable":true,"href":"https:\/\/chibolita.es\/index.php\/wp-json\/wp\/v2\/media\/7715"}],"wp:attachment":[{"href":"https:\/\/chibolita.es\/index.php\/wp-json\/wp\/v2\/media?parent=7713"}],"wp:term":[{"taxonomy":"product_brand","embeddable":true,"href":"https:\/\/chibolita.es\/index.php\/wp-json\/wp\/v2\/product_brand?post=7713"},{"taxonomy":"product_cat","embeddable":true,"href":"https:\/\/chibolita.es\/index.php\/wp-json\/wp\/v2\/product_cat?post=7713"},{"taxonomy":"product_tag","embeddable":true,"href":"https:\/\/chibolita.es\/index.php\/wp-json\/wp\/v2\/product_tag?post=7713"}],"curies":[{"name":"wp","href":"https:\/\/api.w.org\/{rel}","templated":true}]}}