{"id":7705,"date":"2023-06-07T23:19:54","date_gmt":"2023-06-07T23:19:54","guid":{"rendered":"https:\/\/chibolita.es\/?post_type=product&#038;p=7705"},"modified":"2024-02-10T17:12:43","modified_gmt":"2024-02-10T17:12:43","slug":"cantha-s-drops-gotas-de-amor-15-ml","status":"publish","type":"product","link":"https:\/\/chibolita.es\/index.php\/product\/cantha-s-drops-gotas-de-amor-15-ml\/","title":{"rendered":"CANTHA S-DROPS GOTAS DE AMOR 15 ML"},"content":{"rendered":"<p>Cantha S-Drops son gotas energ\u00e9ticas que incrementan de forma natural tu energ\u00eda sexual Las gotas contienen, entre otras cosas, L-arginina y, gracias a la Vitamina C, mejoran el rendimiento sexual al activar la energ\u00eda natural del organismo, que hace despertar m\u00e1s deseo. Con Cantha S-Drops aumenta la tensi\u00f3n er\u00f3tica y el placer sexual.<\/p>\n<ul>\n<li>Siente m\u00e1s potencia sexual y m\u00e1s placer.<\/li>\n<li>La vitamina C activa la energ\u00eda natural del organismo.<\/li>\n<li>La vitamina C mejora la condici\u00f3n f\u00edsica.<\/li>\n<\/ul>\n<p><strong>C\u00f3mo funciona<\/strong><\/p>\n<p>Este vigorizante mejora de forma natural el rendimiento sexual. Las gotas se absorben f\u00e1cil y r\u00e1pidamente por el cuerpo y mejoran el impulso sexual. La f\u00f3rmula equilibrada utiliza las propiedades de la Vitamina C. La vitamina C favorece el buen funcionamiento del sistema nervioso y regula el metabolismo energ\u00e9tico del cuerpo humano. Esto puede mejorar la resistencia y la energ\u00eda sexual, lo que permite disfrutar de relaciones sexuales m\u00e1s intensas.<\/p>\n<p><strong>Contenido<\/strong><\/p>\n<p>15 ml<\/p>\n<p><strong>Informaci\u00f3n adicional<\/strong><\/p>\n<p>Es un suplemento alimenticio a base de L-Arginina y vitamina C. Un suplemento alimenticio no debe utilizarse como sustituto de una dieta variada y equilibrada y un estilo de vida saludable. Mantener fuera del alcance de los ni\u00f1os. Guardar en un lugar fresco y seco.<\/p>\n<p><strong>Ingredientes<\/strong><\/p>\n<p>Ingredientes en 3 ml: agua, 40,5 mg L-arginina**, 15 mg vitamina C (L-\u00e1cido asc\u00f3rbico) (18,75% IR*), conservantes: E211, E202. *IR = Ingestas de referencia. **IR no establecido.<\/p>\n<p><strong>Uso<\/strong><\/p>\n<p>Colocar 3 ml (15 gotas) debajo de la lengua antes de tragar, aproximadamente 30 minutos antes del efecto deseado. No tomar m\u00e1s de 3 ml en 24 horas. No sobrepasar la dosis diaria recomendada.<\/p>\n<p>* Este producto contiene una etiqueta con instrucciones facilitadas en los siguientes idiomas: \/en\/de\/fr\/es\/it\/pt\/nl\/<\/p>\n","protected":false},"excerpt":{"rendered":"<p>Cantha S-Drops son gotas energ\u00e9ticas que incrementan de forma natural tu energ\u00eda sexual Las gotas contienen, entre otras cosas, L-arginina y, gracias a la Vitamina C, mejoran el rendimiento sexual al activar la energ\u00eda natural del organismo, que hace despertar m\u00e1s deseo. Con Cantha S-Drops aumenta la tensi\u00f3n er\u00f3tica y el placer sexual. Siente m\u00e1s [&hellip;]<\/p>\n","protected":false},"featured_media":7706,"comment_status":"open","ping_status":"closed","template":"","meta":{"_eb_attr":"","site-sidebar-layout":"default","site-content-layout":"default","ast-site-content-layout":"default","site-content-style":"default","site-sidebar-style":"default","ast-global-header-display":"","ast-banner-title-visibility":"","ast-main-header-display":"","ast-hfb-above-header-display":"","ast-hfb-below-header-display":"","ast-hfb-mobile-header-display":"","site-post-title":"","ast-breadcrumbs-content":"","ast-featured-img":"","footer-sml-layout":"","ast-disable-related-posts":"","theme-transparent-header-meta":"default","adv-header-id-meta":"","stick-header-meta":"","header-above-stick-meta":"","header-main-stick-meta":"","header-below-stick-meta":"","astra-migrate-meta-layouts":"default","ast-page-background-enabled":"default","ast-page-background-meta":{"desktop":{"background-color":"var(--ast-global-color-4)","background-image":"","background-repeat":"repeat","background-position":"center center","background-size":"auto","background-attachment":"scroll","background-type":"","background-media":"","overlay-type":"","overlay-color":"","overlay-opacity":"","overlay-gradient":""},"tablet":{"background-color":"","background-image":"","background-repeat":"repeat","background-position":"center center","background-size":"auto","background-attachment":"scroll","background-type":"","background-media":"","overlay-type":"","overlay-color":"","overlay-opacity":"","overlay-gradient":""},"mobile":{"background-color":"","background-image":"","background-repeat":"repeat","background-position":"center center","background-size":"auto","background-attachment":"scroll","background-type":"","background-media":"","overlay-type":"","overlay-color":"","overlay-opacity":"","overlay-gradient":""}},"ast-content-background-meta":{"desktop":{"background-color":"var(--ast-global-color-5)","background-image":"","background-repeat":"repeat","background-position":"center center","background-size":"auto","background-attachment":"scroll","background-type":"","background-media":"","overlay-type":"","overlay-color":"","overlay-opacity":"","overlay-gradient":""},"tablet":{"background-color":"var(--ast-global-color-5)","background-image":"","background-repeat":"repeat","background-position":"center center","background-size":"auto","background-attachment":"scroll","background-type":"","background-media":"","overlay-type":"","overlay-color":"","overlay-opacity":"","overlay-gradient":""},"mobile":{"background-color":"var(--ast-global-color-5)","background-image":"","background-repeat":"repeat","background-position":"center center","background-size":"auto","background-attachment":"scroll","background-type":"","background-media":"","overlay-type":"","overlay-color":"","overlay-opacity":"","overlay-gradient":""}}},"product_brand":[],"product_cat":[230,291],"product_tag":[],"class_list":{"0":"post-7705","1":"product","2":"type-product","3":"status-publish","4":"has-post-thumbnail","6":"product_cat-farmacia","7":"product_cat-gotas-de-amor","8":"desktop-align-left","9":"tablet-align-left","10":"mobile-align-left","12":"first","13":"instock","14":"shipping-taxable","15":"purchasable","16":"product-type-simple"},"_links":{"self":[{"href":"https:\/\/chibolita.es\/index.php\/wp-json\/wp\/v2\/product\/7705","targetHints":{"allow":["GET"]}}],"collection":[{"href":"https:\/\/chibolita.es\/index.php\/wp-json\/wp\/v2\/product"}],"about":[{"href":"https:\/\/chibolita.es\/index.php\/wp-json\/wp\/v2\/types\/product"}],"replies":[{"embeddable":true,"href":"https:\/\/chibolita.es\/index.php\/wp-json\/wp\/v2\/comments?post=7705"}],"wp:featuredmedia":[{"embeddable":true,"href":"https:\/\/chibolita.es\/index.php\/wp-json\/wp\/v2\/media\/7706"}],"wp:attachment":[{"href":"https:\/\/chibolita.es\/index.php\/wp-json\/wp\/v2\/media?parent=7705"}],"wp:term":[{"taxonomy":"product_brand","embeddable":true,"href":"https:\/\/chibolita.es\/index.php\/wp-json\/wp\/v2\/product_brand?post=7705"},{"taxonomy":"product_cat","embeddable":true,"href":"https:\/\/chibolita.es\/index.php\/wp-json\/wp\/v2\/product_cat?post=7705"},{"taxonomy":"product_tag","embeddable":true,"href":"https:\/\/chibolita.es\/index.php\/wp-json\/wp\/v2\/product_tag?post=7705"}],"curies":[{"name":"wp","href":"https:\/\/api.w.org\/{rel}","templated":true}]}}