{"id":7695,"date":"2023-06-07T23:13:51","date_gmt":"2023-06-07T23:13:51","guid":{"rendered":"https:\/\/chibolita.es\/?post_type=product&#038;p=7695"},"modified":"2024-02-10T17:11:17","modified_gmt":"2024-02-10T17:11:17","slug":"spanish-fly-manzana-fresh","status":"publish","type":"product","link":"https:\/\/chibolita.es\/index.php\/product\/spanish-fly-manzana-fresh\/","title":{"rendered":"SPANISH FLY MANZANA FRESH"},"content":{"rendered":"<p>El fresco sabor de manzana, del pl\u00e1tano o del ar\u00e1ndano \u00bfse puede pensar a estas dulces sensaciones sin que est\u00e9n dentro de una tarta? \u00bfO eres un fan de la cola?.<\/p>\n<p>Experim\u00e9ntalo haci\u00e9ndolo con todos los sentidos.<\/p>\n<p>Ahora gozar es doble con el Spanish Fly. Este legendario filtro del amor que desde hace siglos es famoso por su nombre y como estimulador de la lujuria; este producto as\u00ed popular est\u00e1 ahora disponible en 10 distintas fragancias.<\/p>\n<p>Estos sabores estimulan a\u00fan m\u00e1s el deseo y el transporte tuyo y de tu pareja dando una atm\u00f3sfera paradis\u00edaca y a\u00f1adiendo lujuria a ambos.<\/p>\n<ul>\n<li>Sabor: Manzana<\/li>\n<\/ul>\n<p>Nuevo look y nueva confecci\u00f3n.<\/p>\n<p>Elige ahora tu sabor preferido: caramelo, fresca manzana, chocolate, mix de ar\u00e1ndano, placer de pi\u00f1a, sue\u00f1o de fresa, rom\u00e1ntica frambuesa, kiwi tropical, pl\u00e1tano del atardecer y cola.<\/p>\n<p>Dosificaci\u00f3n: Aplicar 1 ml (5 a 7 gotas) bajo de la lengua, aproximadamente 30 minutos antes de la actividad sexual. No apliques m\u00e1s de 2 veces en 24 horas.<\/p>\n<p>Ingredientes: Por 1 ml: L-Arginine (13 mg), Vitamina C (4,7 mg).<\/p>\n<p>Envase de 15 ml.<\/p>\n<p>Este producto ha sido registro en la Conserjeria de Salud\u00a0 y Bienestar Social de la Junta de Andalucia, con el registro sanitario numero<a title=\"Call via PCCommunicator\">\u00a026.0013522<\/a>\/SE (International Dreamlove S.l.)\u00a0 y entrada 623\/33782, sometido al plan de trabilidad que marca la<a href=\"http:\/\/www.aesan.msc.es\/\">\u00a0Agencia Espa\u00f1ola de Seguridad Alimentaria\u00a0<\/a>en materia de complementos alimenticios.<\/p>\n<p>* Este producto contiene una etiqueta con instrucciones facilitadas en los siguientes idiomas: \/en\/de\/fr\/es\/it\/nl\/<\/p>\n","protected":false},"excerpt":{"rendered":"<p>El fresco sabor de manzana, del pl\u00e1tano o del ar\u00e1ndano \u00bfse puede pensar a estas dulces sensaciones sin que est\u00e9n dentro de una tarta? \u00bfO eres un fan de la cola?. Experim\u00e9ntalo haci\u00e9ndolo con todos los sentidos. Ahora gozar es doble con el Spanish Fly. Este legendario filtro del amor que desde hace siglos es [&hellip;]<\/p>\n","protected":false},"featured_media":7696,"comment_status":"open","ping_status":"closed","template":"","meta":{"_eb_attr":"","site-sidebar-layout":"default","site-content-layout":"default","ast-site-content-layout":"default","site-content-style":"default","site-sidebar-style":"default","ast-global-header-display":"","ast-banner-title-visibility":"","ast-main-header-display":"","ast-hfb-above-header-display":"","ast-hfb-below-header-display":"","ast-hfb-mobile-header-display":"","site-post-title":"","ast-breadcrumbs-content":"","ast-featured-img":"","footer-sml-layout":"","ast-disable-related-posts":"","theme-transparent-header-meta":"default","adv-header-id-meta":"","stick-header-meta":"","header-above-stick-meta":"","header-main-stick-meta":"","header-below-stick-meta":"","astra-migrate-meta-layouts":"default","ast-page-background-enabled":"default","ast-page-background-meta":{"desktop":{"background-color":"var(--ast-global-color-4)","background-image":"","background-repeat":"repeat","background-position":"center center","background-size":"auto","background-attachment":"scroll","background-type":"","background-media":"","overlay-type":"","overlay-color":"","overlay-opacity":"","overlay-gradient":""},"tablet":{"background-color":"","background-image":"","background-repeat":"repeat","background-position":"center center","background-size":"auto","background-attachment":"scroll","background-type":"","background-media":"","overlay-type":"","overlay-color":"","overlay-opacity":"","overlay-gradient":""},"mobile":{"background-color":"","background-image":"","background-repeat":"repeat","background-position":"center center","background-size":"auto","background-attachment":"scroll","background-type":"","background-media":"","overlay-type":"","overlay-color":"","overlay-opacity":"","overlay-gradient":""}},"ast-content-background-meta":{"desktop":{"background-color":"var(--ast-global-color-5)","background-image":"","background-repeat":"repeat","background-position":"center center","background-size":"auto","background-attachment":"scroll","background-type":"","background-media":"","overlay-type":"","overlay-color":"","overlay-opacity":"","overlay-gradient":""},"tablet":{"background-color":"var(--ast-global-color-5)","background-image":"","background-repeat":"repeat","background-position":"center center","background-size":"auto","background-attachment":"scroll","background-type":"","background-media":"","overlay-type":"","overlay-color":"","overlay-opacity":"","overlay-gradient":""},"mobile":{"background-color":"var(--ast-global-color-5)","background-image":"","background-repeat":"repeat","background-position":"center center","background-size":"auto","background-attachment":"scroll","background-type":"","background-media":"","overlay-type":"","overlay-color":"","overlay-opacity":"","overlay-gradient":""}}},"product_brand":[],"product_cat":[230,291],"product_tag":[],"class_list":{"0":"post-7695","1":"product","2":"type-product","3":"status-publish","4":"has-post-thumbnail","6":"product_cat-farmacia","7":"product_cat-gotas-de-amor","8":"desktop-align-left","9":"tablet-align-left","10":"mobile-align-left","12":"first","13":"instock","14":"shipping-taxable","15":"purchasable","16":"product-type-simple"},"_links":{"self":[{"href":"https:\/\/chibolita.es\/index.php\/wp-json\/wp\/v2\/product\/7695","targetHints":{"allow":["GET"]}}],"collection":[{"href":"https:\/\/chibolita.es\/index.php\/wp-json\/wp\/v2\/product"}],"about":[{"href":"https:\/\/chibolita.es\/index.php\/wp-json\/wp\/v2\/types\/product"}],"replies":[{"embeddable":true,"href":"https:\/\/chibolita.es\/index.php\/wp-json\/wp\/v2\/comments?post=7695"}],"wp:featuredmedia":[{"embeddable":true,"href":"https:\/\/chibolita.es\/index.php\/wp-json\/wp\/v2\/media\/7696"}],"wp:attachment":[{"href":"https:\/\/chibolita.es\/index.php\/wp-json\/wp\/v2\/media?parent=7695"}],"wp:term":[{"taxonomy":"product_brand","embeddable":true,"href":"https:\/\/chibolita.es\/index.php\/wp-json\/wp\/v2\/product_brand?post=7695"},{"taxonomy":"product_cat","embeddable":true,"href":"https:\/\/chibolita.es\/index.php\/wp-json\/wp\/v2\/product_cat?post=7695"},{"taxonomy":"product_tag","embeddable":true,"href":"https:\/\/chibolita.es\/index.php\/wp-json\/wp\/v2\/product_tag?post=7695"}],"curies":[{"name":"wp","href":"https:\/\/api.w.org\/{rel}","templated":true}]}}