{"id":7689,"date":"2023-06-07T23:05:58","date_gmt":"2023-06-07T23:05:58","guid":{"rendered":"https:\/\/chibolita.es\/?post_type=product&#038;p=7689"},"modified":"2024-02-10T17:11:17","modified_gmt":"2024-02-10T17:11:17","slug":"xpower-sperm-volume-capsulas-aumento-esperma-60-cap","status":"publish","type":"product","link":"https:\/\/chibolita.es\/index.php\/product\/xpower-sperm-volume-capsulas-aumento-esperma-60-cap\/","title":{"rendered":"XPOWER SPERM VOLUME CAPSULAS AUMENTO ESPERMA 60 CAP"},"content":{"rendered":"<p>Sperm Volume Caps de la nueva gama XPOWER es un complemento alimenticio natural dise\u00f1ado para aumentar el volumen de espermatozoides y as\u00ed aumentar la intensidad de los orgasmos.<\/p>\n<p>Sus ingredientes naturales como el azafr\u00e1n mejoran el movimiento de los espermatozoides. Almendra, astr\u00e1galo y maca aumentan el volumen de espermatozoides. Un mayor volumen de espermatozoides intensifica los orgasmos y aumenta el placer sexual.<\/p>\n<p>Nuestros c\u00e1psulas de volumen de esperma aumentan la cantidad de espermatozoides, y por lo tanto intensifican el placer durante el orgasmo.<\/p>\n<ul>\n<li>Ayudan a aumentar la cantidad de espermatozoides.<\/li>\n<li>60 c\u00e1psulas<\/li>\n<li>son la soluci\u00f3n perfecta para los hombres que quieren aumentar su volumen de espermatozoides y experimentar un orgasmo m\u00e1s intenso.<\/li>\n<li>Prunus Amygdalus aumenta el volumen de espermatozoides<\/li>\n<li>Tribulus ayuda a aumentar los niveles de testosterona.<\/li>\n<li>El azafr\u00e1n estimula la capacidad de los espermatozoides para moverse espont\u00e1neamente<\/li>\n<\/ul>\n<p>Direcci\u00f3n de uso:<\/p>\n<ul>\n<li>2 c\u00e1psulas al d\u00eda con un vaso grande de agua<\/li>\n<\/ul>\n<p>Complemento alimenticio. No se puede sustituir por una dieta variada y equilibrada. Para ser tomado como parte de un estilo de vida saludable. Mantener fuera del alcance de los ni\u00f1os. No exceda la dosis diaria recomendada. Producto exclusivo para hombres adultos. No recomendado para ni\u00f1os, adolescentes, mujeres embarazadas o lactantes, mujeres con antecedentes personales o familiares de c\u00e1ncer de mama y personas en terapias antihipertensivas, antidiab\u00e9ticas o antidepresivas.<\/p>\n","protected":false},"excerpt":{"rendered":"<p>Sperm Volume Caps de la nueva gama XPOWER es un complemento alimenticio natural dise\u00f1ado para aumentar el volumen de espermatozoides y as\u00ed aumentar la intensidad de los orgasmos. Sus ingredientes naturales como el azafr\u00e1n mejoran el movimiento de los espermatozoides. Almendra, astr\u00e1galo y maca aumentan el volumen de espermatozoides. Un mayor volumen de espermatozoides intensifica [&hellip;]<\/p>\n","protected":false},"featured_media":7690,"comment_status":"open","ping_status":"closed","template":"","meta":{"_eb_attr":"","site-sidebar-layout":"default","site-content-layout":"default","ast-site-content-layout":"default","site-content-style":"default","site-sidebar-style":"default","ast-global-header-display":"","ast-banner-title-visibility":"","ast-main-header-display":"","ast-hfb-above-header-display":"","ast-hfb-below-header-display":"","ast-hfb-mobile-header-display":"","site-post-title":"","ast-breadcrumbs-content":"","ast-featured-img":"","footer-sml-layout":"","ast-disable-related-posts":"","theme-transparent-header-meta":"default","adv-header-id-meta":"","stick-header-meta":"","header-above-stick-meta":"","header-main-stick-meta":"","header-below-stick-meta":"","astra-migrate-meta-layouts":"default","ast-page-background-enabled":"default","ast-page-background-meta":{"desktop":{"background-color":"var(--ast-global-color-4)","background-image":"","background-repeat":"repeat","background-position":"center center","background-size":"auto","background-attachment":"scroll","background-type":"","background-media":"","overlay-type":"","overlay-color":"","overlay-opacity":"","overlay-gradient":""},"tablet":{"background-color":"","background-image":"","background-repeat":"repeat","background-position":"center center","background-size":"auto","background-attachment":"scroll","background-type":"","background-media":"","overlay-type":"","overlay-color":"","overlay-opacity":"","overlay-gradient":""},"mobile":{"background-color":"","background-image":"","background-repeat":"repeat","background-position":"center center","background-size":"auto","background-attachment":"scroll","background-type":"","background-media":"","overlay-type":"","overlay-color":"","overlay-opacity":"","overlay-gradient":""}},"ast-content-background-meta":{"desktop":{"background-color":"var(--ast-global-color-5)","background-image":"","background-repeat":"repeat","background-position":"center center","background-size":"auto","background-attachment":"scroll","background-type":"","background-media":"","overlay-type":"","overlay-color":"","overlay-opacity":"","overlay-gradient":""},"tablet":{"background-color":"var(--ast-global-color-5)","background-image":"","background-repeat":"repeat","background-position":"center center","background-size":"auto","background-attachment":"scroll","background-type":"","background-media":"","overlay-type":"","overlay-color":"","overlay-opacity":"","overlay-gradient":""},"mobile":{"background-color":"var(--ast-global-color-5)","background-image":"","background-repeat":"repeat","background-position":"center center","background-size":"auto","background-attachment":"scroll","background-type":"","background-media":"","overlay-type":"","overlay-color":"","overlay-opacity":"","overlay-gradient":""}}},"product_brand":[],"product_cat":[235,230],"product_tag":[],"class_list":{"0":"post-7689","1":"product","2":"type-product","3":"status-publish","4":"has-post-thumbnail","6":"product_cat-aumentador-volumen-semen","7":"product_cat-farmacia","8":"desktop-align-left","9":"tablet-align-left","10":"mobile-align-left","12":"first","13":"instock","14":"sale","15":"shipping-taxable","16":"purchasable","17":"product-type-simple"},"_links":{"self":[{"href":"https:\/\/chibolita.es\/index.php\/wp-json\/wp\/v2\/product\/7689","targetHints":{"allow":["GET"]}}],"collection":[{"href":"https:\/\/chibolita.es\/index.php\/wp-json\/wp\/v2\/product"}],"about":[{"href":"https:\/\/chibolita.es\/index.php\/wp-json\/wp\/v2\/types\/product"}],"replies":[{"embeddable":true,"href":"https:\/\/chibolita.es\/index.php\/wp-json\/wp\/v2\/comments?post=7689"}],"wp:featuredmedia":[{"embeddable":true,"href":"https:\/\/chibolita.es\/index.php\/wp-json\/wp\/v2\/media\/7690"}],"wp:attachment":[{"href":"https:\/\/chibolita.es\/index.php\/wp-json\/wp\/v2\/media?parent=7689"}],"wp:term":[{"taxonomy":"product_brand","embeddable":true,"href":"https:\/\/chibolita.es\/index.php\/wp-json\/wp\/v2\/product_brand?post=7689"},{"taxonomy":"product_cat","embeddable":true,"href":"https:\/\/chibolita.es\/index.php\/wp-json\/wp\/v2\/product_cat?post=7689"},{"taxonomy":"product_tag","embeddable":true,"href":"https:\/\/chibolita.es\/index.php\/wp-json\/wp\/v2\/product_tag?post=7689"}],"curies":[{"name":"wp","href":"https:\/\/api.w.org\/{rel}","templated":true}]}}