{"id":7561,"date":"2023-06-01T21:35:13","date_gmt":"2023-06-01T21:35:13","guid":{"rendered":"https:\/\/chibolita.es\/?post_type=product&#038;p=7561"},"modified":"2023-06-01T21:36:36","modified_gmt":"2023-06-01T21:36:36","slug":"obsessive-sugestina-set-tres-piezas-l-xl","status":"publish","type":"product","link":"https:\/\/chibolita.es\/index.php\/product\/obsessive-sugestina-set-tres-piezas-l-xl\/","title":{"rendered":"OBSESSIVE &#8211; SUGESTINA SET TRES PIEZAS L\/XL"},"content":{"rendered":"<p>Oh, va a hacer calor &#8230; La temperatura aumentar\u00e1 gracias a Sugestina: te garantizar\u00e1 una acentuaci\u00f3n excepcional de las caderas y un \u00e9nfasis tentador de los senos. Tu nuevo set favorito es un patr\u00f3n floral aterciopelado de color burdeos con la adici\u00f3n de negro. La audaz combinaci\u00f3n de correas junto con la sensual gargantilla a\u00f1aden a\u00fan m\u00e1s sabor. \u00a1Una verdadera bomba sexual!<\/p>\n<p>Echa un vistazo a m\u00e1s detalles:<\/p>\n<ul>\n<li>Sujetador de encajes, panties\u00a0y choker\u00a0conectados con el liguero mediante una correa<\/li>\n<li>Gargantilla con cuello de encaje: correas ajustables para los hombros y cierre de sujetador multietapa para un ajuste perfecto<\/li>\n<li>Liguero ajustable que enfatiza las caderas<\/li>\n<li>Tanga sexy con un recorte<\/li>\n<li>Correas el\u00e1sticas que se ajustan perfectamente al cuerpo: decoran todo el conjunto creando una combinaci\u00f3n geom\u00e9trica<\/li>\n<li>Patr\u00f3n aterciopelado<\/li>\n<li>Material agradable al tacto (94% poliamida, 6% elastano)<\/li>\n<\/ul>\n<p>\u00a1Obsessive significa inspiraci\u00f3n en la mujer!\u00a0 Elegancia, sensualidad, amor a la costura&#8230;.significa mucho para la mujer, pocos son los adjetivos que pueden calificar a Obsessive, donde una labor de a\u00f1os han conseguido unir la mejor relaci\u00f3n calidad-precio.<\/p>\n<p>\u00a1L\u00edderes mundiales en lencer\u00eda, nadie lo hace mejor!<\/p>\n","protected":false},"excerpt":{"rendered":"<p>Oh, va a hacer calor &#8230; La temperatura aumentar\u00e1 gracias a Sugestina: te garantizar\u00e1 una acentuaci\u00f3n excepcional de las caderas y un \u00e9nfasis tentador de los senos. Tu nuevo set favorito es un patr\u00f3n floral aterciopelado de color burdeos con la adici\u00f3n de negro. La audaz combinaci\u00f3n de correas junto con la sensual gargantilla a\u00f1aden [&hellip;]<\/p>\n","protected":false},"featured_media":7564,"comment_status":"open","ping_status":"closed","template":"","meta":{"_eb_attr":"","site-sidebar-layout":"default","site-content-layout":"default","ast-site-content-layout":"default","site-content-style":"default","site-sidebar-style":"default","ast-global-header-display":"","ast-banner-title-visibility":"","ast-main-header-display":"","ast-hfb-above-header-display":"","ast-hfb-below-header-display":"","ast-hfb-mobile-header-display":"","site-post-title":"","ast-breadcrumbs-content":"","ast-featured-img":"","footer-sml-layout":"","ast-disable-related-posts":"","theme-transparent-header-meta":"default","adv-header-id-meta":"","stick-header-meta":"","header-above-stick-meta":"","header-main-stick-meta":"","header-below-stick-meta":"","astra-migrate-meta-layouts":"default","ast-page-background-enabled":"default","ast-page-background-meta":{"desktop":{"background-color":"var(--ast-global-color-4)","background-image":"","background-repeat":"repeat","background-position":"center center","background-size":"auto","background-attachment":"scroll","background-type":"","background-media":"","overlay-type":"","overlay-color":"","overlay-opacity":"","overlay-gradient":""},"tablet":{"background-color":"","background-image":"","background-repeat":"repeat","background-position":"center center","background-size":"auto","background-attachment":"scroll","background-type":"","background-media":"","overlay-type":"","overlay-color":"","overlay-opacity":"","overlay-gradient":""},"mobile":{"background-color":"","background-image":"","background-repeat":"repeat","background-position":"center center","background-size":"auto","background-attachment":"scroll","background-type":"","background-media":"","overlay-type":"","overlay-color":"","overlay-opacity":"","overlay-gradient":""}},"ast-content-background-meta":{"desktop":{"background-color":"var(--ast-global-color-5)","background-image":"","background-repeat":"repeat","background-position":"center center","background-size":"auto","background-attachment":"scroll","background-type":"","background-media":"","overlay-type":"","overlay-color":"","overlay-opacity":"","overlay-gradient":""},"tablet":{"background-color":"var(--ast-global-color-5)","background-image":"","background-repeat":"repeat","background-position":"center center","background-size":"auto","background-attachment":"scroll","background-type":"","background-media":"","overlay-type":"","overlay-color":"","overlay-opacity":"","overlay-gradient":""},"mobile":{"background-color":"var(--ast-global-color-5)","background-image":"","background-repeat":"repeat","background-position":"center center","background-size":"auto","background-attachment":"scroll","background-type":"","background-media":"","overlay-type":"","overlay-color":"","overlay-opacity":"","overlay-gradient":""}}},"product_brand":[],"product_cat":[289,285],"product_tag":[],"class_list":{"0":"post-7561","1":"product","2":"type-product","3":"status-publish","4":"has-post-thumbnail","6":"product_cat-conjuntos-varias-piezas","7":"product_cat-lenceria","8":"desktop-align-left","9":"tablet-align-left","10":"mobile-align-left","12":"first","13":"instock","14":"sale","15":"shipping-taxable","16":"purchasable","17":"product-type-simple"},"_links":{"self":[{"href":"https:\/\/chibolita.es\/index.php\/wp-json\/wp\/v2\/product\/7561","targetHints":{"allow":["GET"]}}],"collection":[{"href":"https:\/\/chibolita.es\/index.php\/wp-json\/wp\/v2\/product"}],"about":[{"href":"https:\/\/chibolita.es\/index.php\/wp-json\/wp\/v2\/types\/product"}],"replies":[{"embeddable":true,"href":"https:\/\/chibolita.es\/index.php\/wp-json\/wp\/v2\/comments?post=7561"}],"wp:featuredmedia":[{"embeddable":true,"href":"https:\/\/chibolita.es\/index.php\/wp-json\/wp\/v2\/media\/7564"}],"wp:attachment":[{"href":"https:\/\/chibolita.es\/index.php\/wp-json\/wp\/v2\/media?parent=7561"}],"wp:term":[{"taxonomy":"product_brand","embeddable":true,"href":"https:\/\/chibolita.es\/index.php\/wp-json\/wp\/v2\/product_brand?post=7561"},{"taxonomy":"product_cat","embeddable":true,"href":"https:\/\/chibolita.es\/index.php\/wp-json\/wp\/v2\/product_cat?post=7561"},{"taxonomy":"product_tag","embeddable":true,"href":"https:\/\/chibolita.es\/index.php\/wp-json\/wp\/v2\/product_tag?post=7561"}],"curies":[{"name":"wp","href":"https:\/\/api.w.org\/{rel}","templated":true}]}}