{"id":7436,"date":"2023-05-25T22:37:25","date_gmt":"2023-05-25T22:37:25","guid":{"rendered":"https:\/\/chibolita.es\/?post_type=product&#038;p=7436"},"modified":"2023-05-25T22:38:26","modified_gmt":"2023-05-25T22:38:26","slug":"queen-lingerie-bodystocking-cuello-halter-s-l","status":"publish","type":"product","link":"https:\/\/chibolita.es\/index.php\/product\/queen-lingerie-bodystocking-cuello-halter-s-l\/","title":{"rendered":"QUEEN LINGERIE BODYSTOCKING CUELLO HALTER S-L"},"content":{"rendered":"<p>Una reina debe vestir como una reina y para que puedas vivir noches de gloria de forma sexy, aqu\u00ed tienes esta fabulosa pieza de lencer\u00eda\u00a0\u00fanica. Un estilo seductor que\u00a0te convierte en pura seducci\u00f3n. La marca Queen Lingerie significa un nuevo estilo de seducci\u00f3n y pasi\u00f3n para momentos inolvidables<\/p>\n<p>Caracter\u00edsticas:<\/p>\n<ul>\n<li>Sensual bodystocking cuello halter<\/li>\n<li>Sexys transparencias y encajes.\u00a0No\u00a0da lugar a la imaginaci\u00f3n<\/li>\n<li>Genial dise\u00f1o<\/li>\n<li>Material el\u00e1stico<\/li>\n<li>Presentaci\u00f3n en caja<\/li>\n<li>Composici\u00f3n: 88% nylon \/ 12% spandex<\/li>\n<li>Talla: S-L<\/li>\n<\/ul>\n<p>Los mejores dise\u00f1os, elegancia y sensualidad con Queen Lingerie \u00a1Te sentir\u00e1s como la reina que\u00a0eres!<\/p>\n","protected":false},"excerpt":{"rendered":"<p>Una reina debe vestir como una reina y para que puedas vivir noches de gloria de forma sexy, aqu\u00ed tienes esta fabulosa pieza de lencer\u00eda\u00a0\u00fanica. Un estilo seductor que\u00a0te convierte en pura seducci\u00f3n. La marca Queen Lingerie significa un nuevo estilo de seducci\u00f3n y pasi\u00f3n para momentos inolvidables Caracter\u00edsticas: Sensual bodystocking cuello halter Sexys transparencias [&hellip;]<\/p>\n","protected":false},"featured_media":7438,"comment_status":"open","ping_status":"closed","template":"","meta":{"_eb_attr":"","site-sidebar-layout":"default","site-content-layout":"default","ast-site-content-layout":"default","site-content-style":"default","site-sidebar-style":"default","ast-global-header-display":"","ast-banner-title-visibility":"","ast-main-header-display":"","ast-hfb-above-header-display":"","ast-hfb-below-header-display":"","ast-hfb-mobile-header-display":"","site-post-title":"","ast-breadcrumbs-content":"","ast-featured-img":"","footer-sml-layout":"","ast-disable-related-posts":"","theme-transparent-header-meta":"default","adv-header-id-meta":"","stick-header-meta":"","header-above-stick-meta":"","header-main-stick-meta":"","header-below-stick-meta":"","astra-migrate-meta-layouts":"default","ast-page-background-enabled":"default","ast-page-background-meta":{"desktop":{"background-color":"var(--ast-global-color-4)","background-image":"","background-repeat":"repeat","background-position":"center center","background-size":"auto","background-attachment":"scroll","background-type":"","background-media":"","overlay-type":"","overlay-color":"","overlay-opacity":"","overlay-gradient":""},"tablet":{"background-color":"","background-image":"","background-repeat":"repeat","background-position":"center center","background-size":"auto","background-attachment":"scroll","background-type":"","background-media":"","overlay-type":"","overlay-color":"","overlay-opacity":"","overlay-gradient":""},"mobile":{"background-color":"","background-image":"","background-repeat":"repeat","background-position":"center center","background-size":"auto","background-attachment":"scroll","background-type":"","background-media":"","overlay-type":"","overlay-color":"","overlay-opacity":"","overlay-gradient":""}},"ast-content-background-meta":{"desktop":{"background-color":"var(--ast-global-color-5)","background-image":"","background-repeat":"repeat","background-position":"center center","background-size":"auto","background-attachment":"scroll","background-type":"","background-media":"","overlay-type":"","overlay-color":"","overlay-opacity":"","overlay-gradient":""},"tablet":{"background-color":"var(--ast-global-color-5)","background-image":"","background-repeat":"repeat","background-position":"center center","background-size":"auto","background-attachment":"scroll","background-type":"","background-media":"","overlay-type":"","overlay-color":"","overlay-opacity":"","overlay-gradient":""},"mobile":{"background-color":"var(--ast-global-color-5)","background-image":"","background-repeat":"repeat","background-position":"center center","background-size":"auto","background-attachment":"scroll","background-type":"","background-media":"","overlay-type":"","overlay-color":"","overlay-opacity":"","overlay-gradient":""}}},"product_brand":[],"product_cat":[288,285],"product_tag":[],"class_list":{"0":"post-7436","1":"product","2":"type-product","3":"status-publish","4":"has-post-thumbnail","6":"product_cat-bodystocking","7":"product_cat-lenceria","8":"desktop-align-left","9":"tablet-align-left","10":"mobile-align-left","12":"first","13":"instock","14":"sale","15":"shipping-taxable","16":"purchasable","17":"product-type-simple"},"_links":{"self":[{"href":"https:\/\/chibolita.es\/index.php\/wp-json\/wp\/v2\/product\/7436","targetHints":{"allow":["GET"]}}],"collection":[{"href":"https:\/\/chibolita.es\/index.php\/wp-json\/wp\/v2\/product"}],"about":[{"href":"https:\/\/chibolita.es\/index.php\/wp-json\/wp\/v2\/types\/product"}],"replies":[{"embeddable":true,"href":"https:\/\/chibolita.es\/index.php\/wp-json\/wp\/v2\/comments?post=7436"}],"wp:featuredmedia":[{"embeddable":true,"href":"https:\/\/chibolita.es\/index.php\/wp-json\/wp\/v2\/media\/7438"}],"wp:attachment":[{"href":"https:\/\/chibolita.es\/index.php\/wp-json\/wp\/v2\/media?parent=7436"}],"wp:term":[{"taxonomy":"product_brand","embeddable":true,"href":"https:\/\/chibolita.es\/index.php\/wp-json\/wp\/v2\/product_brand?post=7436"},{"taxonomy":"product_cat","embeddable":true,"href":"https:\/\/chibolita.es\/index.php\/wp-json\/wp\/v2\/product_cat?post=7436"},{"taxonomy":"product_tag","embeddable":true,"href":"https:\/\/chibolita.es\/index.php\/wp-json\/wp\/v2\/product_tag?post=7436"}],"curies":[{"name":"wp","href":"https:\/\/api.w.org\/{rel}","templated":true}]}}