{"id":7240,"date":"2023-05-25T20:06:38","date_gmt":"2023-05-25T20:06:38","guid":{"rendered":"https:\/\/chibolita.es\/?post_type=product&#038;p=7240"},"modified":"2023-05-25T20:08:52","modified_gmt":"2023-05-25T20:08:52","slug":"bye-bra-mineral-oil-push-up-pads-talla-c-d","status":"publish","type":"product","link":"https:\/\/chibolita.es\/index.php\/product\/bye-bra-mineral-oil-push-up-pads-talla-c-d\/","title":{"rendered":"BYE BRA MINERAL OIL PUSH UP PADS TALLA A\/B"},"content":{"rendered":"<p>Las almohadillas de aceite mineral Bye Bra est\u00e1n dise\u00f1adas para darle un efecto push-up de aspecto natural y encajar en la mayor\u00eda de los sujetadores. Debido a la calidez del cuerpo, las almohadillas de aceite se adaptar\u00e1n\u00a0hacia su propia forma natural y crear\u00e1n la inmersi\u00f3n perfecta<\/p>\n<p>Instrucciones<\/p>\n<p>Aplica los anuncios push-up de aceite mineral de sujetador de adi\u00f3s debajo de tus pechos o col\u00f3calos en los bolsillos de tu sujetador. Ajuste las almohadillas push-up mineral\u00a0hasta que est\u00e9n colocadas uniformemente y cree el efecto que desee<\/p>\n<ul>\n<li>Reutilizable<\/li>\n<li>Inmersi\u00f3n natural<\/li>\n<li>Bordes suaves<\/li>\n<li>C\u00f3modo<\/li>\n<\/ul>\n","protected":false},"excerpt":{"rendered":"<p>Las almohadillas de aceite mineral Bye Bra est\u00e1n dise\u00f1adas para darle un efecto push-up de aspecto natural y encajar en la mayor\u00eda de los sujetadores. Debido a la calidez del cuerpo, las almohadillas de aceite se adaptar\u00e1n\u00a0hacia su propia forma natural y crear\u00e1n la inmersi\u00f3n perfecta Instrucciones Aplica los anuncios push-up de aceite mineral de [&hellip;]<\/p>\n","protected":false},"featured_media":7243,"comment_status":"open","ping_status":"closed","template":"","meta":{"_eb_attr":"","site-sidebar-layout":"default","site-content-layout":"default","ast-site-content-layout":"default","site-content-style":"default","site-sidebar-style":"default","ast-global-header-display":"","ast-banner-title-visibility":"","ast-main-header-display":"","ast-hfb-above-header-display":"","ast-hfb-below-header-display":"","ast-hfb-mobile-header-display":"","site-post-title":"","ast-breadcrumbs-content":"","ast-featured-img":"","footer-sml-layout":"","ast-disable-related-posts":"","theme-transparent-header-meta":"default","adv-header-id-meta":"","stick-header-meta":"","header-above-stick-meta":"","header-main-stick-meta":"","header-below-stick-meta":"","astra-migrate-meta-layouts":"default","ast-page-background-enabled":"default","ast-page-background-meta":{"desktop":{"background-color":"var(--ast-global-color-4)","background-image":"","background-repeat":"repeat","background-position":"center center","background-size":"auto","background-attachment":"scroll","background-type":"","background-media":"","overlay-type":"","overlay-color":"","overlay-opacity":"","overlay-gradient":""},"tablet":{"background-color":"","background-image":"","background-repeat":"repeat","background-position":"center center","background-size":"auto","background-attachment":"scroll","background-type":"","background-media":"","overlay-type":"","overlay-color":"","overlay-opacity":"","overlay-gradient":""},"mobile":{"background-color":"","background-image":"","background-repeat":"repeat","background-position":"center center","background-size":"auto","background-attachment":"scroll","background-type":"","background-media":"","overlay-type":"","overlay-color":"","overlay-opacity":"","overlay-gradient":""}},"ast-content-background-meta":{"desktop":{"background-color":"var(--ast-global-color-5)","background-image":"","background-repeat":"repeat","background-position":"center center","background-size":"auto","background-attachment":"scroll","background-type":"","background-media":"","overlay-type":"","overlay-color":"","overlay-opacity":"","overlay-gradient":""},"tablet":{"background-color":"var(--ast-global-color-5)","background-image":"","background-repeat":"repeat","background-position":"center center","background-size":"auto","background-attachment":"scroll","background-type":"","background-media":"","overlay-type":"","overlay-color":"","overlay-opacity":"","overlay-gradient":""},"mobile":{"background-color":"var(--ast-global-color-5)","background-image":"","background-repeat":"repeat","background-position":"center center","background-size":"auto","background-attachment":"scroll","background-type":"","background-media":"","overlay-type":"","overlay-color":"","overlay-opacity":"","overlay-gradient":""}}},"product_brand":[],"product_cat":[15,285,286],"product_tag":[],"class_list":{"0":"post-7240","1":"product","2":"type-product","3":"status-publish","4":"has-post-thumbnail","6":"product_cat-uncategorized","7":"product_cat-lenceria","8":"product_cat-sujetadores","9":"desktop-align-left","10":"tablet-align-left","11":"mobile-align-left","13":"first","14":"instock","15":"shipping-taxable","16":"purchasable","17":"product-type-simple"},"_links":{"self":[{"href":"https:\/\/chibolita.es\/index.php\/wp-json\/wp\/v2\/product\/7240","targetHints":{"allow":["GET"]}}],"collection":[{"href":"https:\/\/chibolita.es\/index.php\/wp-json\/wp\/v2\/product"}],"about":[{"href":"https:\/\/chibolita.es\/index.php\/wp-json\/wp\/v2\/types\/product"}],"replies":[{"embeddable":true,"href":"https:\/\/chibolita.es\/index.php\/wp-json\/wp\/v2\/comments?post=7240"}],"wp:featuredmedia":[{"embeddable":true,"href":"https:\/\/chibolita.es\/index.php\/wp-json\/wp\/v2\/media\/7243"}],"wp:attachment":[{"href":"https:\/\/chibolita.es\/index.php\/wp-json\/wp\/v2\/media?parent=7240"}],"wp:term":[{"taxonomy":"product_brand","embeddable":true,"href":"https:\/\/chibolita.es\/index.php\/wp-json\/wp\/v2\/product_brand?post=7240"},{"taxonomy":"product_cat","embeddable":true,"href":"https:\/\/chibolita.es\/index.php\/wp-json\/wp\/v2\/product_cat?post=7240"},{"taxonomy":"product_tag","embeddable":true,"href":"https:\/\/chibolita.es\/index.php\/wp-json\/wp\/v2\/product_tag?post=7240"}],"curies":[{"name":"wp","href":"https:\/\/api.w.org\/{rel}","templated":true}]}}