{"id":7204,"date":"2023-05-25T07:10:21","date_gmt":"2023-05-25T07:10:21","guid":{"rendered":"https:\/\/chibolita.es\/?post_type=product&#038;p=7204"},"modified":"2023-05-25T07:22:59","modified_gmt":"2023-05-25T07:22:59","slug":"intt-aceite-de-masaje-vegano-dulce-con-sabor-a-coco-relajante","status":"publish","type":"product","link":"https:\/\/chibolita.es\/index.php\/product\/intt-aceite-de-masaje-vegano-dulce-con-sabor-a-coco-relajante\/","title":{"rendered":"INTT &#8211; ACEITE DE MASAJE VEGANO DULCE CON SABOR A COCO RELAJANTE"},"content":{"rendered":"<p>Massage Oil Vegan Coconut de INTT es un aceite de masaje con aroma a dulce coco muy deslizante que deja la piel aterciopelada para un masaje corporal relajante o er\u00f3tico.<\/p>\n<p>La f\u00f3rmula est\u00e1 enriquecida con aceite de almendras dulces y aceite de girasol, propiedades hidratantes con acci\u00f3n calmante y reparadoras. Ayuda tambi\u00e9n a aumentar la elasticidad de la piel y mantenerla sana y suave.<\/p>\n<p>Es un producto totalmente vegano y viene en un pr\u00e1ctico envase de 150 ml.<\/p>\n<p>Caracter\u00edsticas principales:<\/p>\n<ul>\n<li>Aceite de masaje.<\/li>\n<li>A\u00f1ade aroma a dulce coco.<\/li>\n<li>Ideal para masajes corporales.<\/li>\n<li>Deja la piel suave y es muy deslizante.<\/li>\n<li>Propiedades hidratantes.<\/li>\n<li>Con acci\u00f3n calmante, reparadora y elastizante.<\/li>\n<li>Aplicar la cantidad deseada sin l\u00edmite.<\/li>\n<li>Vegano.<\/li>\n<li>Envase de 150 ml.<\/li>\n<\/ul>\n","protected":false},"excerpt":{"rendered":"<p>Massage Oil Vegan Coconut de INTT es un aceite de masaje con aroma a dulce coco muy deslizante que deja la piel aterciopelada para un masaje corporal relajante o er\u00f3tico. La f\u00f3rmula est\u00e1 enriquecida con aceite de almendras dulces y aceite de girasol, propiedades hidratantes con acci\u00f3n calmante y reparadoras. Ayuda tambi\u00e9n a aumentar la [&hellip;]<\/p>\n","protected":false},"featured_media":7205,"comment_status":"open","ping_status":"closed","template":"","meta":{"_eb_attr":"","site-sidebar-layout":"default","site-content-layout":"default","ast-site-content-layout":"default","site-content-style":"default","site-sidebar-style":"default","ast-global-header-display":"","ast-banner-title-visibility":"","ast-main-header-display":"","ast-hfb-above-header-display":"","ast-hfb-below-header-display":"","ast-hfb-mobile-header-display":"","site-post-title":"","ast-breadcrumbs-content":"","ast-featured-img":"","footer-sml-layout":"","ast-disable-related-posts":"","theme-transparent-header-meta":"default","adv-header-id-meta":"","stick-header-meta":"","header-above-stick-meta":"","header-main-stick-meta":"","header-below-stick-meta":"","astra-migrate-meta-layouts":"default","ast-page-background-enabled":"default","ast-page-background-meta":{"desktop":{"background-color":"var(--ast-global-color-4)","background-image":"","background-repeat":"repeat","background-position":"center center","background-size":"auto","background-attachment":"scroll","background-type":"","background-media":"","overlay-type":"","overlay-color":"","overlay-opacity":"","overlay-gradient":""},"tablet":{"background-color":"","background-image":"","background-repeat":"repeat","background-position":"center center","background-size":"auto","background-attachment":"scroll","background-type":"","background-media":"","overlay-type":"","overlay-color":"","overlay-opacity":"","overlay-gradient":""},"mobile":{"background-color":"","background-image":"","background-repeat":"repeat","background-position":"center center","background-size":"auto","background-attachment":"scroll","background-type":"","background-media":"","overlay-type":"","overlay-color":"","overlay-opacity":"","overlay-gradient":""}},"ast-content-background-meta":{"desktop":{"background-color":"var(--ast-global-color-5)","background-image":"","background-repeat":"repeat","background-position":"center center","background-size":"auto","background-attachment":"scroll","background-type":"","background-media":"","overlay-type":"","overlay-color":"","overlay-opacity":"","overlay-gradient":""},"tablet":{"background-color":"var(--ast-global-color-5)","background-image":"","background-repeat":"repeat","background-position":"center center","background-size":"auto","background-attachment":"scroll","background-type":"","background-media":"","overlay-type":"","overlay-color":"","overlay-opacity":"","overlay-gradient":""},"mobile":{"background-color":"var(--ast-global-color-5)","background-image":"","background-repeat":"repeat","background-position":"center center","background-size":"auto","background-attachment":"scroll","background-type":"","background-media":"","overlay-type":"","overlay-color":"","overlay-opacity":"","overlay-gradient":""}}},"product_brand":[],"product_cat":[280,15],"product_tag":[],"class_list":{"0":"post-7204","1":"product","2":"type-product","3":"status-publish","4":"has-post-thumbnail","6":"product_cat-masajes-y-cuidados-corporales","7":"product_cat-uncategorized","8":"desktop-align-left","9":"tablet-align-left","10":"mobile-align-left","12":"first","13":"instock","14":"shipping-taxable","15":"purchasable","16":"product-type-simple"},"_links":{"self":[{"href":"https:\/\/chibolita.es\/index.php\/wp-json\/wp\/v2\/product\/7204","targetHints":{"allow":["GET"]}}],"collection":[{"href":"https:\/\/chibolita.es\/index.php\/wp-json\/wp\/v2\/product"}],"about":[{"href":"https:\/\/chibolita.es\/index.php\/wp-json\/wp\/v2\/types\/product"}],"replies":[{"embeddable":true,"href":"https:\/\/chibolita.es\/index.php\/wp-json\/wp\/v2\/comments?post=7204"}],"wp:featuredmedia":[{"embeddable":true,"href":"https:\/\/chibolita.es\/index.php\/wp-json\/wp\/v2\/media\/7205"}],"wp:attachment":[{"href":"https:\/\/chibolita.es\/index.php\/wp-json\/wp\/v2\/media?parent=7204"}],"wp:term":[{"taxonomy":"product_brand","embeddable":true,"href":"https:\/\/chibolita.es\/index.php\/wp-json\/wp\/v2\/product_brand?post=7204"},{"taxonomy":"product_cat","embeddable":true,"href":"https:\/\/chibolita.es\/index.php\/wp-json\/wp\/v2\/product_cat?post=7204"},{"taxonomy":"product_tag","embeddable":true,"href":"https:\/\/chibolita.es\/index.php\/wp-json\/wp\/v2\/product_tag?post=7204"}],"curies":[{"name":"wp","href":"https:\/\/api.w.org\/{rel}","templated":true}]}}