{"id":7186,"date":"2023-05-24T22:57:50","date_gmt":"2023-05-24T22:57:50","guid":{"rendered":"https:\/\/chibolita.es\/?post_type=product&#038;p=7186"},"modified":"2023-05-24T22:59:18","modified_gmt":"2023-05-24T22:59:18","slug":"coquette-chic-desire-choker-cuero-vegano-slave","status":"publish","type":"product","link":"https:\/\/chibolita.es\/index.php\/product\/coquette-chic-desire-choker-cuero-vegano-slave\/","title":{"rendered":"COQUETTE CHIC DESIRE CHOKER CUERO VEGANO &#8211; SLAVE"},"content":{"rendered":"<p>\u00a1Descubre Coquette\u00a0Chic Desire Shokers!\u00a0 El perfecto complemento para tus momentos fetish o tus accesorios de lencer\u00eda.<\/p>\n<p>Un complemento que no te puede faltar es un buen collar. Completa cualquier look con este collar negro o a\u00f1ade una correa y ll\u00e9vatelo a tu lado m\u00e1s dark. \u00a0Es totalmente ajustable gracias a sus corchetes.<\/p>\n<p>Saca tu lado m\u00e1s canalla con este collar de inspiraci\u00f3n BDSM. El complemento para todos tus looks atrevidos y tus sesiones bondage. No dejes que su tama\u00f1o te enga\u00f1e ser\u00e1 la pieza principal de tu conjunto.<\/p>\n<p>Pi\u00e9rdete entre las encrucijadas de Coquette\u00a0Chic Desire Accesories y descubre el lugar donde tus dos mundos, el que muestras y el que escondes, se funden en uno \u00bfTe atreves a entrar?<\/p>\n<ul>\n<li>Fabricado en material 100% pu leather vegano<\/li>\n<li>Talla \u00danica.<\/li>\n<\/ul>\n","protected":false},"excerpt":{"rendered":"<p>\u00a1Descubre Coquette\u00a0Chic Desire Shokers!\u00a0 El perfecto complemento para tus momentos fetish o tus accesorios de lencer\u00eda. Un complemento que no te puede faltar es un buen collar. Completa cualquier look con este collar negro o a\u00f1ade una correa y ll\u00e9vatelo a tu lado m\u00e1s dark. \u00a0Es totalmente ajustable gracias a sus corchetes. Saca tu lado [&hellip;]<\/p>\n","protected":false},"featured_media":7189,"comment_status":"open","ping_status":"closed","template":"","meta":{"_eb_attr":"","site-sidebar-layout":"default","site-content-layout":"default","ast-site-content-layout":"default","site-content-style":"default","site-sidebar-style":"default","ast-global-header-display":"","ast-banner-title-visibility":"","ast-main-header-display":"","ast-hfb-above-header-display":"","ast-hfb-below-header-display":"","ast-hfb-mobile-header-display":"","site-post-title":"","ast-breadcrumbs-content":"","ast-featured-img":"","footer-sml-layout":"","ast-disable-related-posts":"","theme-transparent-header-meta":"default","adv-header-id-meta":"","stick-header-meta":"","header-above-stick-meta":"","header-main-stick-meta":"","header-below-stick-meta":"","astra-migrate-meta-layouts":"default","ast-page-background-enabled":"default","ast-page-background-meta":{"desktop":{"background-color":"var(--ast-global-color-4)","background-image":"","background-repeat":"repeat","background-position":"center center","background-size":"auto","background-attachment":"scroll","background-type":"","background-media":"","overlay-type":"","overlay-color":"","overlay-opacity":"","overlay-gradient":""},"tablet":{"background-color":"","background-image":"","background-repeat":"repeat","background-position":"center center","background-size":"auto","background-attachment":"scroll","background-type":"","background-media":"","overlay-type":"","overlay-color":"","overlay-opacity":"","overlay-gradient":""},"mobile":{"background-color":"","background-image":"","background-repeat":"repeat","background-position":"center center","background-size":"auto","background-attachment":"scroll","background-type":"","background-media":"","overlay-type":"","overlay-color":"","overlay-opacity":"","overlay-gradient":""}},"ast-content-background-meta":{"desktop":{"background-color":"var(--ast-global-color-5)","background-image":"","background-repeat":"repeat","background-position":"center center","background-size":"auto","background-attachment":"scroll","background-type":"","background-media":"","overlay-type":"","overlay-color":"","overlay-opacity":"","overlay-gradient":""},"tablet":{"background-color":"var(--ast-global-color-5)","background-image":"","background-repeat":"repeat","background-position":"center center","background-size":"auto","background-attachment":"scroll","background-type":"","background-media":"","overlay-type":"","overlay-color":"","overlay-opacity":"","overlay-gradient":""},"mobile":{"background-color":"var(--ast-global-color-5)","background-image":"","background-repeat":"repeat","background-position":"center center","background-size":"auto","background-attachment":"scroll","background-type":"","background-media":"","overlay-type":"","overlay-color":"","overlay-opacity":"","overlay-gradient":""}}},"product_brand":[],"product_cat":[265,279],"product_tag":[],"class_list":{"0":"post-7186","1":"product","2":"type-product","3":"status-publish","4":"has-post-thumbnail","6":"product_cat-fetish-bdsm","7":"product_cat-mascaras-collar-cuerdas","8":"desktop-align-left","9":"tablet-align-left","10":"mobile-align-left","12":"first","13":"instock","14":"sale","15":"shipping-taxable","16":"purchasable","17":"product-type-simple"},"_links":{"self":[{"href":"https:\/\/chibolita.es\/index.php\/wp-json\/wp\/v2\/product\/7186","targetHints":{"allow":["GET"]}}],"collection":[{"href":"https:\/\/chibolita.es\/index.php\/wp-json\/wp\/v2\/product"}],"about":[{"href":"https:\/\/chibolita.es\/index.php\/wp-json\/wp\/v2\/types\/product"}],"replies":[{"embeddable":true,"href":"https:\/\/chibolita.es\/index.php\/wp-json\/wp\/v2\/comments?post=7186"}],"wp:featuredmedia":[{"embeddable":true,"href":"https:\/\/chibolita.es\/index.php\/wp-json\/wp\/v2\/media\/7189"}],"wp:attachment":[{"href":"https:\/\/chibolita.es\/index.php\/wp-json\/wp\/v2\/media?parent=7186"}],"wp:term":[{"taxonomy":"product_brand","embeddable":true,"href":"https:\/\/chibolita.es\/index.php\/wp-json\/wp\/v2\/product_brand?post=7186"},{"taxonomy":"product_cat","embeddable":true,"href":"https:\/\/chibolita.es\/index.php\/wp-json\/wp\/v2\/product_cat?post=7186"},{"taxonomy":"product_tag","embeddable":true,"href":"https:\/\/chibolita.es\/index.php\/wp-json\/wp\/v2\/product_tag?post=7186"}],"curies":[{"name":"wp","href":"https:\/\/api.w.org\/{rel}","templated":true}]}}