{"id":7183,"date":"2023-05-24T22:55:41","date_gmt":"2023-05-24T22:55:41","guid":{"rendered":"https:\/\/chibolita.es\/?post_type=product&#038;p=7183"},"modified":"2023-05-24T22:56:53","modified_gmt":"2023-05-24T22:56:53","slug":"fetish-submissive-antifaz-cuero-vegano-ii-con-forro-de-nopreno","status":"publish","type":"product","link":"https:\/\/chibolita.es\/index.php\/product\/fetish-submissive-antifaz-cuero-vegano-ii-con-forro-de-nopreno\/","title":{"rendered":"FETISH SUBMISSIVE ANTIFAZ CUERO VEGANO II CON FORRO DE NOPRENO"},"content":{"rendered":"<div>FETISH SUBMISIVE M\u00e1scara cuero vegano el\u00e1stica perfecta para tus juegos de bondage.<\/div>\n<div><\/div>\n<div>\u00bfPor qu\u00e9 usar una m\u00e1scara en el juego bdsm?<\/div>\n<div>Significa en el c\u00f3digo sexual: \u00a1V\u00e9ndame los ojos! Es cuando la m\u00e1scara se convierte en la \u00fanica fuerza controladora detr\u00e1s de la sexualidad de una persona.<\/div>\n<div><\/div>\n<div>Ponle este antifaz Fetish Submisive a tu amante para darle un toque misterioso e interesante al momento. Induce a tu amante a un estado de oscuridad que potencie su apetito sexual.<\/div>\n<div>Este antifaz se sujeta con una c\u00f3moda tira de tela el\u00e1stica. Hecho de cuero vegano.<\/div>\n<ul>\n<li>Fabricado en material; Neopreno, Metal libre de niquel y Cuero vegano.<\/li>\n<\/ul>\n<div>\u00a1La colecci\u00f3n Fetish Submisive es la perfecta para el BDSM, calidad y resistencia aptas para cualquier juego!<\/div>\n<div>100% Ajustable.<\/div>\n","protected":false},"excerpt":{"rendered":"<p>FETISH SUBMISIVE M\u00e1scara cuero vegano el\u00e1stica perfecta para tus juegos de bondage. \u00bfPor qu\u00e9 usar una m\u00e1scara en el juego bdsm? Significa en el c\u00f3digo sexual: \u00a1V\u00e9ndame los ojos! Es cuando la m\u00e1scara se convierte en la \u00fanica fuerza controladora detr\u00e1s de la sexualidad de una persona. Ponle este antifaz Fetish Submisive a tu amante [&hellip;]<\/p>\n","protected":false},"featured_media":7185,"comment_status":"open","ping_status":"closed","template":"","meta":{"_eb_attr":"","site-sidebar-layout":"default","site-content-layout":"default","ast-site-content-layout":"default","site-content-style":"default","site-sidebar-style":"default","ast-global-header-display":"","ast-banner-title-visibility":"","ast-main-header-display":"","ast-hfb-above-header-display":"","ast-hfb-below-header-display":"","ast-hfb-mobile-header-display":"","site-post-title":"","ast-breadcrumbs-content":"","ast-featured-img":"","footer-sml-layout":"","ast-disable-related-posts":"","theme-transparent-header-meta":"default","adv-header-id-meta":"","stick-header-meta":"","header-above-stick-meta":"","header-main-stick-meta":"","header-below-stick-meta":"","astra-migrate-meta-layouts":"default","ast-page-background-enabled":"default","ast-page-background-meta":{"desktop":{"background-color":"var(--ast-global-color-4)","background-image":"","background-repeat":"repeat","background-position":"center center","background-size":"auto","background-attachment":"scroll","background-type":"","background-media":"","overlay-type":"","overlay-color":"","overlay-opacity":"","overlay-gradient":""},"tablet":{"background-color":"","background-image":"","background-repeat":"repeat","background-position":"center center","background-size":"auto","background-attachment":"scroll","background-type":"","background-media":"","overlay-type":"","overlay-color":"","overlay-opacity":"","overlay-gradient":""},"mobile":{"background-color":"","background-image":"","background-repeat":"repeat","background-position":"center center","background-size":"auto","background-attachment":"scroll","background-type":"","background-media":"","overlay-type":"","overlay-color":"","overlay-opacity":"","overlay-gradient":""}},"ast-content-background-meta":{"desktop":{"background-color":"var(--ast-global-color-5)","background-image":"","background-repeat":"repeat","background-position":"center center","background-size":"auto","background-attachment":"scroll","background-type":"","background-media":"","overlay-type":"","overlay-color":"","overlay-opacity":"","overlay-gradient":""},"tablet":{"background-color":"var(--ast-global-color-5)","background-image":"","background-repeat":"repeat","background-position":"center center","background-size":"auto","background-attachment":"scroll","background-type":"","background-media":"","overlay-type":"","overlay-color":"","overlay-opacity":"","overlay-gradient":""},"mobile":{"background-color":"var(--ast-global-color-5)","background-image":"","background-repeat":"repeat","background-position":"center center","background-size":"auto","background-attachment":"scroll","background-type":"","background-media":"","overlay-type":"","overlay-color":"","overlay-opacity":"","overlay-gradient":""}}},"product_brand":[],"product_cat":[265,279,15],"product_tag":[],"class_list":{"0":"post-7183","1":"product","2":"type-product","3":"status-publish","4":"has-post-thumbnail","6":"product_cat-fetish-bdsm","7":"product_cat-mascaras-collar-cuerdas","8":"product_cat-uncategorized","9":"desktop-align-left","10":"tablet-align-left","11":"mobile-align-left","13":"first","14":"instock","15":"sale","16":"shipping-taxable","17":"purchasable","18":"product-type-simple"},"_links":{"self":[{"href":"https:\/\/chibolita.es\/index.php\/wp-json\/wp\/v2\/product\/7183","targetHints":{"allow":["GET"]}}],"collection":[{"href":"https:\/\/chibolita.es\/index.php\/wp-json\/wp\/v2\/product"}],"about":[{"href":"https:\/\/chibolita.es\/index.php\/wp-json\/wp\/v2\/types\/product"}],"replies":[{"embeddable":true,"href":"https:\/\/chibolita.es\/index.php\/wp-json\/wp\/v2\/comments?post=7183"}],"wp:featuredmedia":[{"embeddable":true,"href":"https:\/\/chibolita.es\/index.php\/wp-json\/wp\/v2\/media\/7185"}],"wp:attachment":[{"href":"https:\/\/chibolita.es\/index.php\/wp-json\/wp\/v2\/media?parent=7183"}],"wp:term":[{"taxonomy":"product_brand","embeddable":true,"href":"https:\/\/chibolita.es\/index.php\/wp-json\/wp\/v2\/product_brand?post=7183"},{"taxonomy":"product_cat","embeddable":true,"href":"https:\/\/chibolita.es\/index.php\/wp-json\/wp\/v2\/product_cat?post=7183"},{"taxonomy":"product_tag","embeddable":true,"href":"https:\/\/chibolita.es\/index.php\/wp-json\/wp\/v2\/product_tag?post=7183"}],"curies":[{"name":"wp","href":"https:\/\/api.w.org\/{rel}","templated":true}]}}