{"id":7121,"date":"2023-05-21T09:30:58","date_gmt":"2023-05-21T09:30:58","guid":{"rendered":"https:\/\/chibolita.es\/?post_type=product&#038;p=7121"},"modified":"2023-05-21T09:44:56","modified_gmt":"2023-05-21T09:44:56","slug":"tardenoche-bengi-estmulador-de-braguita-control-remoto-silicona-liquida-unibody","status":"publish","type":"product","link":"https:\/\/chibolita.es\/index.php\/product\/tardenoche-bengi-estmulador-de-braguita-control-remoto-silicona-liquida-unibody\/","title":{"rendered":"TARDENOCHE BENGI ESTMULADOR DE BRAGUITA CONTROL REMOTO SILICONA L\u00cdQUIDA UNIBODY"},"content":{"rendered":"<p>En Tardenoche lo hemos vuelto ha hacer, Bengi, un estimulador de braguita con el que te volver\u00e1s loca de placer.<\/p>\n<p>Bengi es una estimulador de braguita, pero no te creas que es igual a los que est\u00e1s acostumbrada, ni mucho menos, \u00bfquieres saber por qu\u00e9? Te lo contamos.<\/p>\n<ul>\n<li>Bengi cuenta con una forma ergon\u00f3mica, alargada, m\u00e1s ancha en un lado que en el otro para abarcar toda la superficie.<\/li>\n<li>Como no pod\u00eda ser menos, cuenta con silicona l\u00edquida de la m\u00e1s alta calidad, suave y sedosa.<\/li>\n<li>Bengi es Unibody, lo que significa un cuerpo completo, sin fisuras, marcas o juntas, es decir, sin molestias y solamente placer al alcance de tu mano.<\/li>\n<li>Su cuerpo es flexible, si si, lo has le\u00eddo bien, su centro es flexible para que puedas sentarte y disfrutar de un d\u00eda relativamente normal\u2026 ya me entiendes.<\/li>\n<\/ul>\n<p>Pero seguimos, podr\u00e1s controlar las 10 potentes vibraciones de Benji con su control remoto inal\u00e1mbrico, ideal para que puedas disfrutar a solas o para que le des el control a tu pareja y disfrutes sin restricciones.<\/p>\n<p>Para una m\u00e1xima comodidad, Benji est\u00e1 imantado, es decir, cuenta con una peque\u00f1a solapa en la parte ancha que se quita para poner en la otra parte de la ropa interior. Es un im\u00e1n potente, para que puedas moverte sin temer que se mueva o se caiga, lleves la ropa que lleves.<\/p>\n<p>Es recargable por USB e impermeable, solo tendr\u00e1s que pensar donde y cuando lo vas a utilizar esta vez. Recuerda limpiar adecuadamente tu juguete con jab\u00f3n neutro y agua y secarlo bien para maximizar su vida \u00fatil y utilizar tu lubricante a base de agua favorito para una experiencia extra h\u00fameda.<\/p>\n<p>Caracter\u00edsticas:<\/p>\n<ul>\n<li>Silicona l\u00edquida premium<\/li>\n<li>Unibody \u2013 sin marcas o juntas<\/li>\n<li>10 funciones de vibraci\u00f3n<\/li>\n<li>Con control remoto<\/li>\n<li>Uni\u00f3n por potentes imanes<\/li>\n<li>Forma ergon\u00f3mica<\/li>\n<li>Materiales flexibles<\/li>\n<li>Recargable por USB<\/li>\n<li>Medidas del estimulador: 9.3 cm x 5.4 cm<\/li>\n<\/ul>\n","protected":false},"excerpt":{"rendered":"<p>En Tardenoche lo hemos vuelto ha hacer, Bengi, un estimulador de braguita con el que te volver\u00e1s loca de placer. Bengi es una estimulador de braguita, pero no te creas que es igual a los que est\u00e1s acostumbrada, ni mucho menos, \u00bfquieres saber por qu\u00e9? Te lo contamos. Bengi cuenta con una forma ergon\u00f3mica, alargada, [&hellip;]<\/p>\n","protected":false},"featured_media":7123,"comment_status":"open","ping_status":"closed","template":"","meta":{"_eb_attr":"","site-sidebar-layout":"default","site-content-layout":"default","ast-site-content-layout":"default","site-content-style":"default","site-sidebar-style":"default","ast-global-header-display":"","ast-banner-title-visibility":"","ast-main-header-display":"","ast-hfb-above-header-display":"","ast-hfb-below-header-display":"","ast-hfb-mobile-header-display":"","site-post-title":"","ast-breadcrumbs-content":"","ast-featured-img":"","footer-sml-layout":"","ast-disable-related-posts":"","theme-transparent-header-meta":"default","adv-header-id-meta":"","stick-header-meta":"","header-above-stick-meta":"","header-main-stick-meta":"","header-below-stick-meta":"","astra-migrate-meta-layouts":"default","ast-page-background-enabled":"default","ast-page-background-meta":{"desktop":{"background-color":"var(--ast-global-color-4)","background-image":"","background-repeat":"repeat","background-position":"center center","background-size":"auto","background-attachment":"scroll","background-type":"","background-media":"","overlay-type":"","overlay-color":"","overlay-opacity":"","overlay-gradient":""},"tablet":{"background-color":"","background-image":"","background-repeat":"repeat","background-position":"center center","background-size":"auto","background-attachment":"scroll","background-type":"","background-media":"","overlay-type":"","overlay-color":"","overlay-opacity":"","overlay-gradient":""},"mobile":{"background-color":"","background-image":"","background-repeat":"repeat","background-position":"center center","background-size":"auto","background-attachment":"scroll","background-type":"","background-media":"","overlay-type":"","overlay-color":"","overlay-opacity":"","overlay-gradient":""}},"ast-content-background-meta":{"desktop":{"background-color":"var(--ast-global-color-5)","background-image":"","background-repeat":"repeat","background-position":"center center","background-size":"auto","background-attachment":"scroll","background-type":"","background-media":"","overlay-type":"","overlay-color":"","overlay-opacity":"","overlay-gradient":""},"tablet":{"background-color":"var(--ast-global-color-5)","background-image":"","background-repeat":"repeat","background-position":"center center","background-size":"auto","background-attachment":"scroll","background-type":"","background-media":"","overlay-type":"","overlay-color":"","overlay-opacity":"","overlay-gradient":""},"mobile":{"background-color":"var(--ast-global-color-5)","background-image":"","background-repeat":"repeat","background-position":"center center","background-size":"auto","background-attachment":"scroll","background-type":"","background-media":"","overlay-type":"","overlay-color":"","overlay-opacity":"","overlay-gradient":""}}},"product_brand":[],"product_cat":[260,15,262,263],"product_tag":[],"class_list":{"0":"post-7121","1":"product","2":"type-product","3":"status-publish","4":"has-post-thumbnail","6":"product_cat-dildos-y-vibradores","7":"product_cat-uncategorized","8":"product_cat-vibradores","9":"product_cat-vibradores-lay-on-clitoris","10":"desktop-align-left","11":"tablet-align-left","12":"mobile-align-left","14":"first","15":"instock","16":"sale","17":"shipping-taxable","18":"purchasable","19":"product-type-simple"},"_links":{"self":[{"href":"https:\/\/chibolita.es\/index.php\/wp-json\/wp\/v2\/product\/7121","targetHints":{"allow":["GET"]}}],"collection":[{"href":"https:\/\/chibolita.es\/index.php\/wp-json\/wp\/v2\/product"}],"about":[{"href":"https:\/\/chibolita.es\/index.php\/wp-json\/wp\/v2\/types\/product"}],"replies":[{"embeddable":true,"href":"https:\/\/chibolita.es\/index.php\/wp-json\/wp\/v2\/comments?post=7121"}],"wp:featuredmedia":[{"embeddable":true,"href":"https:\/\/chibolita.es\/index.php\/wp-json\/wp\/v2\/media\/7123"}],"wp:attachment":[{"href":"https:\/\/chibolita.es\/index.php\/wp-json\/wp\/v2\/media?parent=7121"}],"wp:term":[{"taxonomy":"product_brand","embeddable":true,"href":"https:\/\/chibolita.es\/index.php\/wp-json\/wp\/v2\/product_brand?post=7121"},{"taxonomy":"product_cat","embeddable":true,"href":"https:\/\/chibolita.es\/index.php\/wp-json\/wp\/v2\/product_cat?post=7121"},{"taxonomy":"product_tag","embeddable":true,"href":"https:\/\/chibolita.es\/index.php\/wp-json\/wp\/v2\/product_tag?post=7121"}],"curies":[{"name":"wp","href":"https:\/\/api.w.org\/{rel}","templated":true}]}}