{"id":7118,"date":"2023-05-21T09:28:24","date_gmt":"2023-05-21T09:28:24","guid":{"rendered":"https:\/\/chibolita.es\/?post_type=product&#038;p=7118"},"modified":"2023-05-21T09:29:14","modified_gmt":"2023-05-21T09:29:14","slug":"latetobed-viblips-estimulador-pintalabios-negro","status":"publish","type":"product","link":"https:\/\/chibolita.es\/index.php\/product\/latetobed-viblips-estimulador-pintalabios-negro\/","title":{"rendered":"LATETOBED VIBLIPS ESTIMULADOR PINTALABIOS NEGRO"},"content":{"rendered":"<p>Disfruta como, donde y cuando quieras con Viblips, el nuevo y divertido juguete de Fun Vibes.<\/p>\n<p>Viblips es un estimulador con una forma muy peculiar, nada m\u00e1s y nada menos que una barra de labios. Este dise\u00f1o ha sido pensado y creado para que puedas llev\u00e1rtelo donde quieras y usarlo cuando quieras.<\/p>\n<p>Pero como no todo es la apariencia, Viblips cuenta con una \u00fanica vibraci\u00f3n que te dejar\u00e1 sin habla. Esta potente vibraci\u00f3n es muy sencilla de utilizar, solamente tendr\u00e1s que girar su tapa giratoria situada en la base y comenzar a disfrutar.<\/p>\n<p>Util\u00edzalo para la masturbaci\u00f3n, para un masaje er\u00f3tico o para a\u00f1adir m\u00e1s sensaciones a tus relaciones, nunca est\u00e1 dem\u00e1s a\u00f1adir a un amigo extra.<\/p>\n<p>Recuerda limpiar adecuadamente tu juguete con un limpiador de juguetes (F-843) y agua tibia y secarlo bien para maximizar su vida \u00fatil. Utiliza tu lubricante a base de agua favorito (N-506) para una experiencia extra h\u00fameda.<\/p>\n<p>Caracter\u00edsticas:<\/p>\n<ul>\n<li>1 modo de vibraci\u00f3n<\/li>\n<li>Potente vibraci\u00f3n<\/li>\n<li>F\u00e1cil uso<\/li>\n<li>Materiales de alta calidad<\/li>\n<li>Dise\u00f1o discreto<\/li>\n<li>1 pila AA (no incluida)<\/li>\n<li>Recomendamos el uso de un lubricante a base de agua<\/li>\n<li>Medidas: 9.5 cm x 2.6 cm<\/li>\n<\/ul>\n","protected":false},"excerpt":{"rendered":"<p>Disfruta como, donde y cuando quieras con Viblips, el nuevo y divertido juguete de Fun Vibes. Viblips es un estimulador con una forma muy peculiar, nada m\u00e1s y nada menos que una barra de labios. Este dise\u00f1o ha sido pensado y creado para que puedas llev\u00e1rtelo donde quieras y usarlo cuando quieras. Pero como no [&hellip;]<\/p>\n","protected":false},"featured_media":7120,"comment_status":"open","ping_status":"closed","template":"","meta":{"_eb_attr":"","site-sidebar-layout":"default","site-content-layout":"default","ast-site-content-layout":"default","site-content-style":"default","site-sidebar-style":"default","ast-global-header-display":"","ast-banner-title-visibility":"","ast-main-header-display":"","ast-hfb-above-header-display":"","ast-hfb-below-header-display":"","ast-hfb-mobile-header-display":"","site-post-title":"","ast-breadcrumbs-content":"","ast-featured-img":"","footer-sml-layout":"","ast-disable-related-posts":"","theme-transparent-header-meta":"default","adv-header-id-meta":"","stick-header-meta":"","header-above-stick-meta":"","header-main-stick-meta":"","header-below-stick-meta":"","astra-migrate-meta-layouts":"default","ast-page-background-enabled":"default","ast-page-background-meta":{"desktop":{"background-color":"var(--ast-global-color-4)","background-image":"","background-repeat":"repeat","background-position":"center center","background-size":"auto","background-attachment":"scroll","background-type":"","background-media":"","overlay-type":"","overlay-color":"","overlay-opacity":"","overlay-gradient":""},"tablet":{"background-color":"","background-image":"","background-repeat":"repeat","background-position":"center center","background-size":"auto","background-attachment":"scroll","background-type":"","background-media":"","overlay-type":"","overlay-color":"","overlay-opacity":"","overlay-gradient":""},"mobile":{"background-color":"","background-image":"","background-repeat":"repeat","background-position":"center center","background-size":"auto","background-attachment":"scroll","background-type":"","background-media":"","overlay-type":"","overlay-color":"","overlay-opacity":"","overlay-gradient":""}},"ast-content-background-meta":{"desktop":{"background-color":"var(--ast-global-color-5)","background-image":"","background-repeat":"repeat","background-position":"center center","background-size":"auto","background-attachment":"scroll","background-type":"","background-media":"","overlay-type":"","overlay-color":"","overlay-opacity":"","overlay-gradient":""},"tablet":{"background-color":"var(--ast-global-color-5)","background-image":"","background-repeat":"repeat","background-position":"center center","background-size":"auto","background-attachment":"scroll","background-type":"","background-media":"","overlay-type":"","overlay-color":"","overlay-opacity":"","overlay-gradient":""},"mobile":{"background-color":"var(--ast-global-color-5)","background-image":"","background-repeat":"repeat","background-position":"center center","background-size":"auto","background-attachment":"scroll","background-type":"","background-media":"","overlay-type":"","overlay-color":"","overlay-opacity":"","overlay-gradient":""}}},"product_brand":[],"product_cat":[260,15,263],"product_tag":[],"class_list":{"0":"post-7118","1":"product","2":"type-product","3":"status-publish","4":"has-post-thumbnail","6":"product_cat-dildos-y-vibradores","7":"product_cat-uncategorized","8":"product_cat-vibradores-lay-on-clitoris","9":"desktop-align-left","10":"tablet-align-left","11":"mobile-align-left","13":"first","14":"instock","15":"shipping-taxable","16":"purchasable","17":"product-type-simple"},"_links":{"self":[{"href":"https:\/\/chibolita.es\/index.php\/wp-json\/wp\/v2\/product\/7118","targetHints":{"allow":["GET"]}}],"collection":[{"href":"https:\/\/chibolita.es\/index.php\/wp-json\/wp\/v2\/product"}],"about":[{"href":"https:\/\/chibolita.es\/index.php\/wp-json\/wp\/v2\/types\/product"}],"replies":[{"embeddable":true,"href":"https:\/\/chibolita.es\/index.php\/wp-json\/wp\/v2\/comments?post=7118"}],"wp:featuredmedia":[{"embeddable":true,"href":"https:\/\/chibolita.es\/index.php\/wp-json\/wp\/v2\/media\/7120"}],"wp:attachment":[{"href":"https:\/\/chibolita.es\/index.php\/wp-json\/wp\/v2\/media?parent=7118"}],"wp:term":[{"taxonomy":"product_brand","embeddable":true,"href":"https:\/\/chibolita.es\/index.php\/wp-json\/wp\/v2\/product_brand?post=7118"},{"taxonomy":"product_cat","embeddable":true,"href":"https:\/\/chibolita.es\/index.php\/wp-json\/wp\/v2\/product_cat?post=7118"},{"taxonomy":"product_tag","embeddable":true,"href":"https:\/\/chibolita.es\/index.php\/wp-json\/wp\/v2\/product_tag?post=7118"}],"curies":[{"name":"wp","href":"https:\/\/api.w.org\/{rel}","templated":true}]}}