{"id":7105,"date":"2023-05-21T09:22:46","date_gmt":"2023-05-21T09:22:46","guid":{"rendered":"https:\/\/chibolita.es\/?post_type=product&#038;p=7105"},"modified":"2023-05-21T09:23:51","modified_gmt":"2023-05-21T09:23:51","slug":"action-no-seven-2-en-1-estimulador-de-clitoris-y-lengua-estimuladora","status":"publish","type":"product","link":"https:\/\/chibolita.es\/index.php\/product\/action-no-seven-2-en-1-estimulador-de-clitoris-y-lengua-estimuladora\/","title":{"rendered":"ACTION NO. SEVEN 2 EN 1 ESTIMULADOR DE CL\u00cdTORIS Y LENGUA ESTIMULADORA"},"content":{"rendered":"<p>La revoluci\u00f3n de los succionadores llega a Action, se une a la familia un succionador 2 en 1 nuevo en el mercado.<\/p>\n<p>Cuenta con dos partes para disfrutar como quieras:<\/p>\n<ul>\n<li>Succionador de cl\u00edtoris: en uno de los extremos 7 modos de succi\u00f3n por ondas te permitir\u00e1n descubrir mundos de pasi\u00f3n y placer que no cre\u00edas posibles. Viaja entre unas peque\u00f1as ondas que te cosquillear\u00e1n, pasando por unas ondas m\u00e1s fuertes hasta llegar a las funciones m\u00e1s potentes y divertidas.<\/li>\n<li>Lengua estimuladora: en la otra parte del juguete podr\u00e1s disfrutar de una peque\u00f1a lengua con nada m\u00e1s y nada menos que 7 funciones de movimiento. Esta peque\u00f1a lengua se mover\u00e1 simulando el sexo oral a la velocidad que desees sin apenas ruido, menos de 50 dB.<\/li>\n<\/ul>\n<p>Podr\u00e1s llevarte a No. Seven donde quieras, cuenta con un tama\u00f1o muy discreto para meterlo en el bolso o donde t\u00fa quieras. Adem\u00e1s, como el resto de la familia, cuenta con materiales en silicona suave de la m\u00e1s alta calidad, es impermeable y recargable por USB, lo m\u00e1s novedoso del mercado al alcance de tu mano.<\/p>\n<p>Recuerda limpiar tu juguete antes y despu\u00e9s de cada uso con agua tibia y un limpiador de juguetes de F-843 y secarlo con un pa\u00f1o limpio y seco para alagar su vida \u00fatil. Utiliza tu lubricante a base de agua favorito para una noche extra h\u00fameda.<\/p>\n<p>Caracter\u00edsticas:<\/p>\n<ul>\n<li>7 funciones de succi\u00f3n<\/li>\n<li>7 funciones de movimiento<\/li>\n<li>Libre de BPA<\/li>\n<li>Potente motor<\/li>\n<li>Recargable por USB<\/li>\n<li>Impermeable<\/li>\n<li>Nivel de ruido: &lt;50 dB<\/li>\n<li>Peque\u00f1o tama\u00f1o<\/li>\n<li>Silicona suave para el cuerpo<\/li>\n<\/ul>\n","protected":false},"excerpt":{"rendered":"<p>La revoluci\u00f3n de los succionadores llega a Action, se une a la familia un succionador 2 en 1 nuevo en el mercado. Cuenta con dos partes para disfrutar como quieras: Succionador de cl\u00edtoris: en uno de los extremos 7 modos de succi\u00f3n por ondas te permitir\u00e1n descubrir mundos de pasi\u00f3n y placer que no cre\u00edas [&hellip;]<\/p>\n","protected":false},"featured_media":7112,"comment_status":"open","ping_status":"closed","template":"","meta":{"_eb_attr":"","site-sidebar-layout":"default","site-content-layout":"default","ast-site-content-layout":"default","site-content-style":"default","site-sidebar-style":"default","ast-global-header-display":"","ast-banner-title-visibility":"","ast-main-header-display":"","ast-hfb-above-header-display":"","ast-hfb-below-header-display":"","ast-hfb-mobile-header-display":"","site-post-title":"","ast-breadcrumbs-content":"","ast-featured-img":"","footer-sml-layout":"","ast-disable-related-posts":"","theme-transparent-header-meta":"default","adv-header-id-meta":"","stick-header-meta":"","header-above-stick-meta":"","header-main-stick-meta":"","header-below-stick-meta":"","astra-migrate-meta-layouts":"default","ast-page-background-enabled":"default","ast-page-background-meta":{"desktop":{"background-color":"var(--ast-global-color-4)","background-image":"","background-repeat":"repeat","background-position":"center center","background-size":"auto","background-attachment":"scroll","background-type":"","background-media":"","overlay-type":"","overlay-color":"","overlay-opacity":"","overlay-gradient":""},"tablet":{"background-color":"","background-image":"","background-repeat":"repeat","background-position":"center center","background-size":"auto","background-attachment":"scroll","background-type":"","background-media":"","overlay-type":"","overlay-color":"","overlay-opacity":"","overlay-gradient":""},"mobile":{"background-color":"","background-image":"","background-repeat":"repeat","background-position":"center center","background-size":"auto","background-attachment":"scroll","background-type":"","background-media":"","overlay-type":"","overlay-color":"","overlay-opacity":"","overlay-gradient":""}},"ast-content-background-meta":{"desktop":{"background-color":"var(--ast-global-color-5)","background-image":"","background-repeat":"repeat","background-position":"center center","background-size":"auto","background-attachment":"scroll","background-type":"","background-media":"","overlay-type":"","overlay-color":"","overlay-opacity":"","overlay-gradient":""},"tablet":{"background-color":"var(--ast-global-color-5)","background-image":"","background-repeat":"repeat","background-position":"center center","background-size":"auto","background-attachment":"scroll","background-type":"","background-media":"","overlay-type":"","overlay-color":"","overlay-opacity":"","overlay-gradient":""},"mobile":{"background-color":"var(--ast-global-color-5)","background-image":"","background-repeat":"repeat","background-position":"center center","background-size":"auto","background-attachment":"scroll","background-type":"","background-media":"","overlay-type":"","overlay-color":"","overlay-opacity":"","overlay-gradient":""}}},"product_brand":[],"product_cat":[260,263],"product_tag":[],"class_list":{"0":"post-7105","1":"product","2":"type-product","3":"status-publish","4":"has-post-thumbnail","6":"product_cat-dildos-y-vibradores","7":"product_cat-vibradores-lay-on-clitoris","8":"desktop-align-left","9":"tablet-align-left","10":"mobile-align-left","12":"first","13":"instock","14":"sale","15":"shipping-taxable","16":"purchasable","17":"product-type-simple"},"_links":{"self":[{"href":"https:\/\/chibolita.es\/index.php\/wp-json\/wp\/v2\/product\/7105","targetHints":{"allow":["GET"]}}],"collection":[{"href":"https:\/\/chibolita.es\/index.php\/wp-json\/wp\/v2\/product"}],"about":[{"href":"https:\/\/chibolita.es\/index.php\/wp-json\/wp\/v2\/types\/product"}],"replies":[{"embeddable":true,"href":"https:\/\/chibolita.es\/index.php\/wp-json\/wp\/v2\/comments?post=7105"}],"wp:featuredmedia":[{"embeddable":true,"href":"https:\/\/chibolita.es\/index.php\/wp-json\/wp\/v2\/media\/7112"}],"wp:attachment":[{"href":"https:\/\/chibolita.es\/index.php\/wp-json\/wp\/v2\/media?parent=7105"}],"wp:term":[{"taxonomy":"product_brand","embeddable":true,"href":"https:\/\/chibolita.es\/index.php\/wp-json\/wp\/v2\/product_brand?post=7105"},{"taxonomy":"product_cat","embeddable":true,"href":"https:\/\/chibolita.es\/index.php\/wp-json\/wp\/v2\/product_cat?post=7105"},{"taxonomy":"product_tag","embeddable":true,"href":"https:\/\/chibolita.es\/index.php\/wp-json\/wp\/v2\/product_tag?post=7105"}],"curies":[{"name":"wp","href":"https:\/\/api.w.org\/{rel}","templated":true}]}}