{"id":7099,"date":"2023-05-21T09:20:33","date_gmt":"2023-05-21T09:20:33","guid":{"rendered":"https:\/\/chibolita.es\/?post_type=product&#038;p=7099"},"modified":"2023-05-21T09:21:32","modified_gmt":"2023-05-21T09:21:32","slug":"action-no-twentyfive-estimulador-de-lengua-y-vibracion","status":"publish","type":"product","link":"https:\/\/chibolita.es\/index.php\/product\/action-no-twentyfive-estimulador-de-lengua-y-vibracion\/","title":{"rendered":"ACTION NO. TWENTYFIVE ESTIMULADOR DE LENGUA Y VIBRACI\u00d3N"},"content":{"rendered":"<p>No. TwentyFive, el nuevo miembro de la gran familia que es Action.<\/p>\n<p>No. TwentyFive es un estimulador de lengua ideal para la estimulaci\u00f3n del cl\u00edtoris y de cualquier zona que quieres estimular, como pezones, y con 9 funciones de vibraci\u00f3n.<\/p>\n<p>Cuenta con una forma redondeada, con un aro central para un uso c\u00f3modo y sencillo. Gracias a su potente motor podr\u00e1s disfrutar de 9 modos de lengua estimuladora y de vibraci\u00f3n y de 1.5hr de autonom\u00eda. La funci\u00f3n de vibraci\u00f3n est\u00e1 separada de la lengua, por lo que podr\u00e1s disfrutar de la lengua estimuladora con o sin vibraci\u00f3n.<\/p>\n<p>Encontrar\u00e1s a No. TwentyFive dentro de una caja negra sencilla y elegante, junto con su cable USB, unas peque\u00f1as instrucciones y una bolsita negra para un correcto almacenaje.<\/p>\n<p>Es recargable por USB magn\u00e9tico y sus materiales son suaves, sedosos, una maravilla al tacto. Es impermeable IPX7 y muy resistente. Es muy sencillo de limpiar con agua tibia y un buen limpiador de juguetes, como el N-507. Te recomendamos que utilices un buen lubricante a base de agua, como el N-506, N-996 y N-997, para una experiencia extra h\u00fameda.<\/p>\n<p>Caracter\u00edsticas:<\/p>\n<ul>\n<li>9 funciones de lengua estimuladora<\/li>\n<li>9 funciones de vibraci\u00f3n<\/li>\n<li>Potentes motores<\/li>\n<li>Recargable por USB magn\u00e9tico<\/li>\n<li>Incluye bolsa para almacenaje<\/li>\n<li>Forma ergon\u00f3mica<\/li>\n<li>1.5h de autonom\u00eda<\/li>\n<li>Impermeable IPX7<\/li>\n<li>Silencioso<\/li>\n<li>Medidas totales: 9.4 cm x 8.1 cm<\/li>\n<\/ul>\n","protected":false},"excerpt":{"rendered":"<p>No. TwentyFive, el nuevo miembro de la gran familia que es Action. No. TwentyFive es un estimulador de lengua ideal para la estimulaci\u00f3n del cl\u00edtoris y de cualquier zona que quieres estimular, como pezones, y con 9 funciones de vibraci\u00f3n. Cuenta con una forma redondeada, con un aro central para un uso c\u00f3modo y sencillo. [&hellip;]<\/p>\n","protected":false},"featured_media":7104,"comment_status":"open","ping_status":"closed","template":"","meta":{"_eb_attr":"","site-sidebar-layout":"default","site-content-layout":"default","ast-site-content-layout":"default","site-content-style":"default","site-sidebar-style":"default","ast-global-header-display":"","ast-banner-title-visibility":"","ast-main-header-display":"","ast-hfb-above-header-display":"","ast-hfb-below-header-display":"","ast-hfb-mobile-header-display":"","site-post-title":"","ast-breadcrumbs-content":"","ast-featured-img":"","footer-sml-layout":"","ast-disable-related-posts":"","theme-transparent-header-meta":"default","adv-header-id-meta":"","stick-header-meta":"","header-above-stick-meta":"","header-main-stick-meta":"","header-below-stick-meta":"","astra-migrate-meta-layouts":"default","ast-page-background-enabled":"default","ast-page-background-meta":{"desktop":{"background-color":"var(--ast-global-color-4)","background-image":"","background-repeat":"repeat","background-position":"center center","background-size":"auto","background-attachment":"scroll","background-type":"","background-media":"","overlay-type":"","overlay-color":"","overlay-opacity":"","overlay-gradient":""},"tablet":{"background-color":"","background-image":"","background-repeat":"repeat","background-position":"center center","background-size":"auto","background-attachment":"scroll","background-type":"","background-media":"","overlay-type":"","overlay-color":"","overlay-opacity":"","overlay-gradient":""},"mobile":{"background-color":"","background-image":"","background-repeat":"repeat","background-position":"center center","background-size":"auto","background-attachment":"scroll","background-type":"","background-media":"","overlay-type":"","overlay-color":"","overlay-opacity":"","overlay-gradient":""}},"ast-content-background-meta":{"desktop":{"background-color":"var(--ast-global-color-5)","background-image":"","background-repeat":"repeat","background-position":"center center","background-size":"auto","background-attachment":"scroll","background-type":"","background-media":"","overlay-type":"","overlay-color":"","overlay-opacity":"","overlay-gradient":""},"tablet":{"background-color":"var(--ast-global-color-5)","background-image":"","background-repeat":"repeat","background-position":"center center","background-size":"auto","background-attachment":"scroll","background-type":"","background-media":"","overlay-type":"","overlay-color":"","overlay-opacity":"","overlay-gradient":""},"mobile":{"background-color":"var(--ast-global-color-5)","background-image":"","background-repeat":"repeat","background-position":"center center","background-size":"auto","background-attachment":"scroll","background-type":"","background-media":"","overlay-type":"","overlay-color":"","overlay-opacity":"","overlay-gradient":""}}},"product_brand":[],"product_cat":[260,263],"product_tag":[],"class_list":{"0":"post-7099","1":"product","2":"type-product","3":"status-publish","4":"has-post-thumbnail","6":"product_cat-dildos-y-vibradores","7":"product_cat-vibradores-lay-on-clitoris","8":"desktop-align-left","9":"tablet-align-left","10":"mobile-align-left","12":"first","13":"instock","14":"sale","15":"shipping-taxable","16":"purchasable","17":"product-type-simple"},"_links":{"self":[{"href":"https:\/\/chibolita.es\/index.php\/wp-json\/wp\/v2\/product\/7099","targetHints":{"allow":["GET"]}}],"collection":[{"href":"https:\/\/chibolita.es\/index.php\/wp-json\/wp\/v2\/product"}],"about":[{"href":"https:\/\/chibolita.es\/index.php\/wp-json\/wp\/v2\/types\/product"}],"replies":[{"embeddable":true,"href":"https:\/\/chibolita.es\/index.php\/wp-json\/wp\/v2\/comments?post=7099"}],"wp:featuredmedia":[{"embeddable":true,"href":"https:\/\/chibolita.es\/index.php\/wp-json\/wp\/v2\/media\/7104"}],"wp:attachment":[{"href":"https:\/\/chibolita.es\/index.php\/wp-json\/wp\/v2\/media?parent=7099"}],"wp:term":[{"taxonomy":"product_brand","embeddable":true,"href":"https:\/\/chibolita.es\/index.php\/wp-json\/wp\/v2\/product_brand?post=7099"},{"taxonomy":"product_cat","embeddable":true,"href":"https:\/\/chibolita.es\/index.php\/wp-json\/wp\/v2\/product_cat?post=7099"},{"taxonomy":"product_tag","embeddable":true,"href":"https:\/\/chibolita.es\/index.php\/wp-json\/wp\/v2\/product_tag?post=7099"}],"curies":[{"name":"wp","href":"https:\/\/api.w.org\/{rel}","templated":true}]}}