{"id":7084,"date":"2023-05-21T09:12:34","date_gmt":"2023-05-21T09:12:34","guid":{"rendered":"https:\/\/chibolita.es\/?post_type=product&#038;p=7084"},"modified":"2023-05-21T09:15:50","modified_gmt":"2023-05-21T09:15:50","slug":"fluid-laaso-huevo-vibrador-multi-velocidad-control-remoto-rose","status":"publish","type":"product","link":"https:\/\/chibolita.es\/index.php\/product\/fluid-laaso-huevo-vibrador-multi-velocidad-control-remoto-rose\/","title":{"rendered":"FLU\u00cfD LAASO HUEVO VIBRADOR MULTI VELOCIDAD CONTROL REMOTO ROSE"},"content":{"rendered":"<p>Entra en la familia Fluid una gama de huevos vibradores con control remoto para que el placer est\u00e9 siempre presente.<\/p>\n<p>El huevo vibrador Laaso cuenta con una vibraci\u00f3n potente y con diferente potencia, lo que quiere decir que, desde la rueda del control remoto, podr\u00e1s controlar la potencia de la vibraci\u00f3n. Podr\u00e1s ir desde una peque\u00f1a y delicada vibraci\u00f3n hasta la potencia m\u00e1s alta y placentera.<\/p>\n<p>Que no te confunda su peque\u00f1o tama\u00f1o, la potencia de este huevo vibrador se no queda atr\u00e1s en ning\u00fan \u00e1mbito. La forma del huevo es cl\u00e1sica, punta redondeada y cuerpo suave para una inserci\u00f3n extremadamente placentera.<\/p>\n<p>Recuerda que sus materiales son de alta calidad seguros para el cuerpo, y recomendamos el uso de un lubricante a base de agua para una inserci\u00f3n m\u00e1s c\u00f3moda, visita Nanami, tu marca de lubricantes favorita para encontrar el que prefieras.<\/p>\n<p>Caracter\u00edsticas:<\/p>\n<ul>\n<li>Multi velocidad<\/li>\n<li>Con control remoto con cable<\/li>\n<li>Control de potencia mediante rueda en el control remoto<\/li>\n<li>Materiales suaves y seguros para el cuerpo<\/li>\n<li>2 pilas AAA (no incluidas)<\/li>\n<li>Medidas del huevo: 5.8 cm x 2.6 cm<\/li>\n<\/ul>\n","protected":false},"excerpt":{"rendered":"<p>Entra en la familia Fluid una gama de huevos vibradores con control remoto para que el placer est\u00e9 siempre presente. El huevo vibrador Laaso cuenta con una vibraci\u00f3n potente y con diferente potencia, lo que quiere decir que, desde la rueda del control remoto, podr\u00e1s controlar la potencia de la vibraci\u00f3n. Podr\u00e1s ir desde una [&hellip;]<\/p>\n","protected":false},"featured_media":7087,"comment_status":"open","ping_status":"closed","template":"","meta":{"_eb_attr":"","site-sidebar-layout":"default","site-content-layout":"default","ast-site-content-layout":"default","site-content-style":"default","site-sidebar-style":"default","ast-global-header-display":"","ast-banner-title-visibility":"","ast-main-header-display":"","ast-hfb-above-header-display":"","ast-hfb-below-header-display":"","ast-hfb-mobile-header-display":"","site-post-title":"","ast-breadcrumbs-content":"","ast-featured-img":"","footer-sml-layout":"","ast-disable-related-posts":"","theme-transparent-header-meta":"default","adv-header-id-meta":"","stick-header-meta":"","header-above-stick-meta":"","header-main-stick-meta":"","header-below-stick-meta":"","astra-migrate-meta-layouts":"default","ast-page-background-enabled":"default","ast-page-background-meta":{"desktop":{"background-color":"var(--ast-global-color-4)","background-image":"","background-repeat":"repeat","background-position":"center center","background-size":"auto","background-attachment":"scroll","background-type":"","background-media":"","overlay-type":"","overlay-color":"","overlay-opacity":"","overlay-gradient":""},"tablet":{"background-color":"","background-image":"","background-repeat":"repeat","background-position":"center center","background-size":"auto","background-attachment":"scroll","background-type":"","background-media":"","overlay-type":"","overlay-color":"","overlay-opacity":"","overlay-gradient":""},"mobile":{"background-color":"","background-image":"","background-repeat":"repeat","background-position":"center center","background-size":"auto","background-attachment":"scroll","background-type":"","background-media":"","overlay-type":"","overlay-color":"","overlay-opacity":"","overlay-gradient":""}},"ast-content-background-meta":{"desktop":{"background-color":"var(--ast-global-color-5)","background-image":"","background-repeat":"repeat","background-position":"center center","background-size":"auto","background-attachment":"scroll","background-type":"","background-media":"","overlay-type":"","overlay-color":"","overlay-opacity":"","overlay-gradient":""},"tablet":{"background-color":"var(--ast-global-color-5)","background-image":"","background-repeat":"repeat","background-position":"center center","background-size":"auto","background-attachment":"scroll","background-type":"","background-media":"","overlay-type":"","overlay-color":"","overlay-opacity":"","overlay-gradient":""},"mobile":{"background-color":"var(--ast-global-color-5)","background-image":"","background-repeat":"repeat","background-position":"center center","background-size":"auto","background-attachment":"scroll","background-type":"","background-media":"","overlay-type":"","overlay-color":"","overlay-opacity":"","overlay-gradient":""}}},"product_brand":[],"product_cat":[15,260,284],"product_tag":[],"class_list":{"0":"post-7084","1":"product","2":"type-product","3":"status-publish","4":"has-post-thumbnail","6":"product_cat-uncategorized","7":"product_cat-dildos-y-vibradores","8":"product_cat-huevo-vibrador","9":"desktop-align-left","10":"tablet-align-left","11":"mobile-align-left","13":"first","14":"instock","15":"shipping-taxable","16":"purchasable","17":"product-type-simple"},"_links":{"self":[{"href":"https:\/\/chibolita.es\/index.php\/wp-json\/wp\/v2\/product\/7084","targetHints":{"allow":["GET"]}}],"collection":[{"href":"https:\/\/chibolita.es\/index.php\/wp-json\/wp\/v2\/product"}],"about":[{"href":"https:\/\/chibolita.es\/index.php\/wp-json\/wp\/v2\/types\/product"}],"replies":[{"embeddable":true,"href":"https:\/\/chibolita.es\/index.php\/wp-json\/wp\/v2\/comments?post=7084"}],"wp:featuredmedia":[{"embeddable":true,"href":"https:\/\/chibolita.es\/index.php\/wp-json\/wp\/v2\/media\/7087"}],"wp:attachment":[{"href":"https:\/\/chibolita.es\/index.php\/wp-json\/wp\/v2\/media?parent=7084"}],"wp:term":[{"taxonomy":"product_brand","embeddable":true,"href":"https:\/\/chibolita.es\/index.php\/wp-json\/wp\/v2\/product_brand?post=7084"},{"taxonomy":"product_cat","embeddable":true,"href":"https:\/\/chibolita.es\/index.php\/wp-json\/wp\/v2\/product_cat?post=7084"},{"taxonomy":"product_tag","embeddable":true,"href":"https:\/\/chibolita.es\/index.php\/wp-json\/wp\/v2\/product_tag?post=7084"}],"curies":[{"name":"wp","href":"https:\/\/api.w.org\/{rel}","templated":true}]}}