{"id":7077,"date":"2023-05-20T21:44:34","date_gmt":"2023-05-20T21:44:34","guid":{"rendered":"https:\/\/chibolita.es\/?post_type=product&#038;p=7077"},"modified":"2023-05-20T21:45:35","modified_gmt":"2023-05-20T21:45:35","slug":"addicted-toys-dilatador-anal-pequeno-7-cm-transparente","status":"publish","type":"product","link":"https:\/\/chibolita.es\/index.php\/product\/addicted-toys-dilatador-anal-pequeno-7-cm-transparente\/","title":{"rendered":"ADDICTED TOYS DILATADOR ANAL PEQUE\u00d1O 7 CM &#8211; TRANSPARENTE"},"content":{"rendered":"<p>El dilatador anal abrir\u00e1 un nuevo abanico de posibilidades dentro de tu vida sexual. El t\u00fanel anal incorpora dos anillos unidos de diferente tama\u00f1o. \u00a1Comienza con el m\u00e1s peque\u00f1o y se va ensanchando cuanto m\u00e1s adentro lo introduzcas! \u00a1El tubo hueco te permite combinar este tap\u00f3n anal de distintas maneras!<\/p>\n<p>Cuando hayas insertado el tap\u00f3n puedes introducir vibradores, lubricantes o cualquier otro objeto que te guste por el orificio.<\/p>\n<p>El t\u00fanel dilatador anal tiene una longitud de 102 mm y un grosor m\u00e1ximo de 57 mm.<\/p>\n<p>Tambi\u00e9n es perfecto como t\u00fanel anal ensanchador del pene.<\/p>\n<p>Caracter\u00edsticas<\/p>\n<ul>\n<li>Longitud Total: 7\u00a0cm<\/li>\n<li>Di\u00e1metro Total: 6 cm<\/li>\n<li>Longitud Insertable: 6 cm<\/li>\n<li>Di\u00e1metro Anillo Peque\u00f1o: 2.5 cm<\/li>\n<li>Di\u00e1metro Anillo Grande: 3.5\u00a0cm<\/li>\n<li>Di\u00e1metro interior: 3\u00a0cm<\/li>\n<li>Material: TPE<\/li>\n<li>Resistente al agua.<\/li>\n<li>Sin phalatos.<\/li>\n<\/ul>\n<p>*Para conseguir una experiencia \u00f3ptima y poder disfrutar de manera placentera y sin sentir dolor, Addicted toys recomienda el uso de los lubricantes de la marca Black Hole<\/p>\n","protected":false},"excerpt":{"rendered":"<p>El dilatador anal abrir\u00e1 un nuevo abanico de posibilidades dentro de tu vida sexual. El t\u00fanel anal incorpora dos anillos unidos de diferente tama\u00f1o. \u00a1Comienza con el m\u00e1s peque\u00f1o y se va ensanchando cuanto m\u00e1s adentro lo introduzcas! \u00a1El tubo hueco te permite combinar este tap\u00f3n anal de distintas maneras! Cuando hayas insertado el tap\u00f3n [&hellip;]<\/p>\n","protected":false},"featured_media":7079,"comment_status":"open","ping_status":"closed","template":"","meta":{"_eb_attr":"","site-sidebar-layout":"default","site-content-layout":"default","ast-site-content-layout":"default","site-content-style":"default","site-sidebar-style":"default","ast-global-header-display":"","ast-banner-title-visibility":"","ast-main-header-display":"","ast-hfb-above-header-display":"","ast-hfb-below-header-display":"","ast-hfb-mobile-header-display":"","site-post-title":"","ast-breadcrumbs-content":"","ast-featured-img":"","footer-sml-layout":"","ast-disable-related-posts":"","theme-transparent-header-meta":"default","adv-header-id-meta":"","stick-header-meta":"","header-above-stick-meta":"","header-main-stick-meta":"","header-below-stick-meta":"","astra-migrate-meta-layouts":"default","ast-page-background-enabled":"default","ast-page-background-meta":{"desktop":{"background-color":"var(--ast-global-color-4)","background-image":"","background-repeat":"repeat","background-position":"center center","background-size":"auto","background-attachment":"scroll","background-type":"","background-media":"","overlay-type":"","overlay-color":"","overlay-opacity":"","overlay-gradient":""},"tablet":{"background-color":"","background-image":"","background-repeat":"repeat","background-position":"center center","background-size":"auto","background-attachment":"scroll","background-type":"","background-media":"","overlay-type":"","overlay-color":"","overlay-opacity":"","overlay-gradient":""},"mobile":{"background-color":"","background-image":"","background-repeat":"repeat","background-position":"center center","background-size":"auto","background-attachment":"scroll","background-type":"","background-media":"","overlay-type":"","overlay-color":"","overlay-opacity":"","overlay-gradient":""}},"ast-content-background-meta":{"desktop":{"background-color":"var(--ast-global-color-5)","background-image":"","background-repeat":"repeat","background-position":"center center","background-size":"auto","background-attachment":"scroll","background-type":"","background-media":"","overlay-type":"","overlay-color":"","overlay-opacity":"","overlay-gradient":""},"tablet":{"background-color":"var(--ast-global-color-5)","background-image":"","background-repeat":"repeat","background-position":"center center","background-size":"auto","background-attachment":"scroll","background-type":"","background-media":"","overlay-type":"","overlay-color":"","overlay-opacity":"","overlay-gradient":""},"mobile":{"background-color":"var(--ast-global-color-5)","background-image":"","background-repeat":"repeat","background-position":"center center","background-size":"auto","background-attachment":"scroll","background-type":"","background-media":"","overlay-type":"","overlay-color":"","overlay-opacity":"","overlay-gradient":""}}},"product_brand":[],"product_cat":[265,270,15],"product_tag":[],"class_list":{"0":"post-7077","1":"product","2":"type-product","3":"status-publish","4":"has-post-thumbnail","6":"product_cat-fetish-bdsm","7":"product_cat-sexo-anal","8":"product_cat-uncategorized","9":"desktop-align-left","10":"tablet-align-left","11":"mobile-align-left","13":"first","14":"instock","15":"sale","16":"shipping-taxable","17":"purchasable","18":"product-type-simple"},"_links":{"self":[{"href":"https:\/\/chibolita.es\/index.php\/wp-json\/wp\/v2\/product\/7077","targetHints":{"allow":["GET"]}}],"collection":[{"href":"https:\/\/chibolita.es\/index.php\/wp-json\/wp\/v2\/product"}],"about":[{"href":"https:\/\/chibolita.es\/index.php\/wp-json\/wp\/v2\/types\/product"}],"replies":[{"embeddable":true,"href":"https:\/\/chibolita.es\/index.php\/wp-json\/wp\/v2\/comments?post=7077"}],"wp:featuredmedia":[{"embeddable":true,"href":"https:\/\/chibolita.es\/index.php\/wp-json\/wp\/v2\/media\/7079"}],"wp:attachment":[{"href":"https:\/\/chibolita.es\/index.php\/wp-json\/wp\/v2\/media?parent=7077"}],"wp:term":[{"taxonomy":"product_brand","embeddable":true,"href":"https:\/\/chibolita.es\/index.php\/wp-json\/wp\/v2\/product_brand?post=7077"},{"taxonomy":"product_cat","embeddable":true,"href":"https:\/\/chibolita.es\/index.php\/wp-json\/wp\/v2\/product_cat?post=7077"},{"taxonomy":"product_tag","embeddable":true,"href":"https:\/\/chibolita.es\/index.php\/wp-json\/wp\/v2\/product_tag?post=7077"}],"curies":[{"name":"wp","href":"https:\/\/api.w.org\/{rel}","templated":true}]}}