{"id":7068,"date":"2023-05-20T21:37:54","date_gmt":"2023-05-20T21:37:54","guid":{"rendered":"https:\/\/chibolita.es\/?post_type=product&#038;p=7068"},"modified":"2023-05-20T21:38:38","modified_gmt":"2023-05-20T21:38:38","slug":"ohmama-cadena-bolas-anales-9-cm-negro","status":"publish","type":"product","link":"https:\/\/chibolita.es\/index.php\/product\/ohmama-cadena-bolas-anales-9-cm-negro\/","title":{"rendered":"OHMAMA CADENA BOLAS ANALES 9 CM &#8211; NEGRO"},"content":{"rendered":"<p>\u00a1OH mama! Eso es exactamente lo que dir\u00e1s en el momento que compruebes lo que conseguir\u00e1s con este fabuloso plug anal de silicona. Su silicona m\u00e9dica hipoalerg\u00e9nica es super suave y su dise\u00f1o y ergonom\u00eda permiten una f\u00e1cil inserci\u00f3n gracias a su punta c\u00f3nica y su tope permitir\u00e1n que no se desplace m\u00e1s de lo deseado y puedas extraerlo con seguridad. Aplica una cantidad generosa de lubricante (Ohmama recomienda su uso con los lubricantes Waterfeel para una lubricaci\u00f3n duradera y\u00a0de calidad) y \u00a1disfruta de todo lo que puede darte!<\/p>\n<p>Caracter\u00edsticas:<\/p>\n<ul>\n<li>Plug anal silicona<\/li>\n<li>Silicona m\u00e9dica hipoalerg\u00e9nica<\/li>\n<li>Sin ftalatos<\/li>\n<li>Ergon\u00f3mico<\/li>\n<li>Medidas plug:\n<ul>\n<li>Longitud total: 9\u00a0cm<\/li>\n<li>Longitud insertable: 8 cm<\/li>\n<li>Di\u00e1metro: 2.5\u00a0cm<\/li>\n<\/ul>\n<\/li>\n<li>Presentaci\u00f3n en bolsa (no caja)<\/li>\n<\/ul>\n<p>La gama de productos OHMAMA es perfecta para regalar. Un producto al alcance de todos con una calidad perfecta. Una combinaci\u00f3n \u00fanica en esta l\u00ednea de juguetes especial edici\u00f3n Navidad.<\/p>\n","protected":false},"excerpt":{"rendered":"<p>\u00a1OH mama! Eso es exactamente lo que dir\u00e1s en el momento que compruebes lo que conseguir\u00e1s con este fabuloso plug anal de silicona. Su silicona m\u00e9dica hipoalerg\u00e9nica es super suave y su dise\u00f1o y ergonom\u00eda permiten una f\u00e1cil inserci\u00f3n gracias a su punta c\u00f3nica y su tope permitir\u00e1n que no se desplace m\u00e1s de lo [&hellip;]<\/p>\n","protected":false},"featured_media":7069,"comment_status":"open","ping_status":"closed","template":"","meta":{"_eb_attr":"","site-sidebar-layout":"default","site-content-layout":"default","ast-site-content-layout":"default","site-content-style":"default","site-sidebar-style":"default","ast-global-header-display":"","ast-banner-title-visibility":"","ast-main-header-display":"","ast-hfb-above-header-display":"","ast-hfb-below-header-display":"","ast-hfb-mobile-header-display":"","site-post-title":"","ast-breadcrumbs-content":"","ast-featured-img":"","footer-sml-layout":"","ast-disable-related-posts":"","theme-transparent-header-meta":"default","adv-header-id-meta":"","stick-header-meta":"","header-above-stick-meta":"","header-main-stick-meta":"","header-below-stick-meta":"","astra-migrate-meta-layouts":"default","ast-page-background-enabled":"default","ast-page-background-meta":{"desktop":{"background-color":"var(--ast-global-color-4)","background-image":"","background-repeat":"repeat","background-position":"center center","background-size":"auto","background-attachment":"scroll","background-type":"","background-media":"","overlay-type":"","overlay-color":"","overlay-opacity":"","overlay-gradient":""},"tablet":{"background-color":"","background-image":"","background-repeat":"repeat","background-position":"center center","background-size":"auto","background-attachment":"scroll","background-type":"","background-media":"","overlay-type":"","overlay-color":"","overlay-opacity":"","overlay-gradient":""},"mobile":{"background-color":"","background-image":"","background-repeat":"repeat","background-position":"center center","background-size":"auto","background-attachment":"scroll","background-type":"","background-media":"","overlay-type":"","overlay-color":"","overlay-opacity":"","overlay-gradient":""}},"ast-content-background-meta":{"desktop":{"background-color":"var(--ast-global-color-5)","background-image":"","background-repeat":"repeat","background-position":"center center","background-size":"auto","background-attachment":"scroll","background-type":"","background-media":"","overlay-type":"","overlay-color":"","overlay-opacity":"","overlay-gradient":""},"tablet":{"background-color":"var(--ast-global-color-5)","background-image":"","background-repeat":"repeat","background-position":"center center","background-size":"auto","background-attachment":"scroll","background-type":"","background-media":"","overlay-type":"","overlay-color":"","overlay-opacity":"","overlay-gradient":""},"mobile":{"background-color":"var(--ast-global-color-5)","background-image":"","background-repeat":"repeat","background-position":"center center","background-size":"auto","background-attachment":"scroll","background-type":"","background-media":"","overlay-type":"","overlay-color":"","overlay-opacity":"","overlay-gradient":""}}},"product_brand":[],"product_cat":[265,270],"product_tag":[],"class_list":{"0":"post-7068","1":"product","2":"type-product","3":"status-publish","4":"has-post-thumbnail","6":"product_cat-fetish-bdsm","7":"product_cat-sexo-anal","8":"desktop-align-left","9":"tablet-align-left","10":"mobile-align-left","12":"first","13":"instock","14":"shipping-taxable","15":"purchasable","16":"product-type-simple"},"_links":{"self":[{"href":"https:\/\/chibolita.es\/index.php\/wp-json\/wp\/v2\/product\/7068","targetHints":{"allow":["GET"]}}],"collection":[{"href":"https:\/\/chibolita.es\/index.php\/wp-json\/wp\/v2\/product"}],"about":[{"href":"https:\/\/chibolita.es\/index.php\/wp-json\/wp\/v2\/types\/product"}],"replies":[{"embeddable":true,"href":"https:\/\/chibolita.es\/index.php\/wp-json\/wp\/v2\/comments?post=7068"}],"wp:featuredmedia":[{"embeddable":true,"href":"https:\/\/chibolita.es\/index.php\/wp-json\/wp\/v2\/media\/7069"}],"wp:attachment":[{"href":"https:\/\/chibolita.es\/index.php\/wp-json\/wp\/v2\/media?parent=7068"}],"wp:term":[{"taxonomy":"product_brand","embeddable":true,"href":"https:\/\/chibolita.es\/index.php\/wp-json\/wp\/v2\/product_brand?post=7068"},{"taxonomy":"product_cat","embeddable":true,"href":"https:\/\/chibolita.es\/index.php\/wp-json\/wp\/v2\/product_cat?post=7068"},{"taxonomy":"product_tag","embeddable":true,"href":"https:\/\/chibolita.es\/index.php\/wp-json\/wp\/v2\/product_tag?post=7068"}],"curies":[{"name":"wp","href":"https:\/\/api.w.org\/{rel}","templated":true}]}}