{"id":6986,"date":"2023-05-20T20:45:42","date_gmt":"2023-05-20T20:45:42","guid":{"rendered":"https:\/\/chibolita.es\/?post_type=product&#038;p=6986"},"modified":"2023-05-20T20:46:34","modified_gmt":"2023-05-20T20:46:34","slug":"addicted-toys-anal-plug-9-5cm","status":"publish","type":"product","link":"https:\/\/chibolita.es\/index.php\/product\/addicted-toys-anal-plug-9-5cm\/","title":{"rendered":"ADDICTED TOYS ANAL PLUG 9.5CM"},"content":{"rendered":"<p>Addicted toys ofrece una gama de plugs anales \u00a0con una piel de silicona s\u00faper suave de alta calidad con doble densidad y un interior 100% de silicona, para una textura y tacto extremadamente real\u00edstico y una experiencia de placer incomparable.<\/p>\n<p>Addicted toys ofrece una gama de plugs anales \u00a0en tpr tacto suave. \u00a0\u00a0Tiene forma de cono para la f\u00e1cil inserci\u00f3n, el bulbo proporciona un extra-sensaci\u00f3n, y su cuello estrecho permite a tus m\u00fasculos envolverlo y sostenerlo. El dise\u00f1o ergon\u00f3mico en la base asegura la divisi\u00f3n de forma fija para que te sientas confortable.<\/p>\n<p>El Tpr libre de Phatalatos e hipoalerg\u00e9nica, se puede utilizar durante un periodo largo.<\/p>\n<p>Sus caracter\u00edsticas principales son;<\/p>\n<ul>\n<li>Flexible<\/li>\n<li>Medidas; 9.5 longitud total y 5cm de di\u00e1metro total.<\/li>\n<li>Ergon\u00f3mico<\/li>\n<li>Resistente al agua<\/li>\n<li>Tpr seguro para el cuerpo<\/li>\n<\/ul>\n<p>*Para conseguir una experiencia \u00f3ptima y poder disfrutar de manera placentera y sin sentir dolor, Addicted toys recomienda el uso de los lubricantes de la marca Black Hole<\/p>\n","protected":false},"excerpt":{"rendered":"<p>Addicted toys ofrece una gama de plugs anales \u00a0con una piel de silicona s\u00faper suave de alta calidad con doble densidad y un interior 100% de silicona, para una textura y tacto extremadamente real\u00edstico y una experiencia de placer incomparable. Addicted toys ofrece una gama de plugs anales \u00a0en tpr tacto suave. \u00a0\u00a0Tiene forma de [&hellip;]<\/p>\n","protected":false},"featured_media":6988,"comment_status":"open","ping_status":"closed","template":"","meta":{"_eb_attr":"","site-sidebar-layout":"default","site-content-layout":"default","ast-site-content-layout":"default","site-content-style":"default","site-sidebar-style":"default","ast-global-header-display":"","ast-banner-title-visibility":"","ast-main-header-display":"","ast-hfb-above-header-display":"","ast-hfb-below-header-display":"","ast-hfb-mobile-header-display":"","site-post-title":"","ast-breadcrumbs-content":"","ast-featured-img":"","footer-sml-layout":"","ast-disable-related-posts":"","theme-transparent-header-meta":"default","adv-header-id-meta":"","stick-header-meta":"","header-above-stick-meta":"","header-main-stick-meta":"","header-below-stick-meta":"","astra-migrate-meta-layouts":"default","ast-page-background-enabled":"default","ast-page-background-meta":{"desktop":{"background-color":"var(--ast-global-color-4)","background-image":"","background-repeat":"repeat","background-position":"center center","background-size":"auto","background-attachment":"scroll","background-type":"","background-media":"","overlay-type":"","overlay-color":"","overlay-opacity":"","overlay-gradient":""},"tablet":{"background-color":"","background-image":"","background-repeat":"repeat","background-position":"center center","background-size":"auto","background-attachment":"scroll","background-type":"","background-media":"","overlay-type":"","overlay-color":"","overlay-opacity":"","overlay-gradient":""},"mobile":{"background-color":"","background-image":"","background-repeat":"repeat","background-position":"center center","background-size":"auto","background-attachment":"scroll","background-type":"","background-media":"","overlay-type":"","overlay-color":"","overlay-opacity":"","overlay-gradient":""}},"ast-content-background-meta":{"desktop":{"background-color":"var(--ast-global-color-5)","background-image":"","background-repeat":"repeat","background-position":"center center","background-size":"auto","background-attachment":"scroll","background-type":"","background-media":"","overlay-type":"","overlay-color":"","overlay-opacity":"","overlay-gradient":""},"tablet":{"background-color":"var(--ast-global-color-5)","background-image":"","background-repeat":"repeat","background-position":"center center","background-size":"auto","background-attachment":"scroll","background-type":"","background-media":"","overlay-type":"","overlay-color":"","overlay-opacity":"","overlay-gradient":""},"mobile":{"background-color":"var(--ast-global-color-5)","background-image":"","background-repeat":"repeat","background-position":"center center","background-size":"auto","background-attachment":"scroll","background-type":"","background-media":"","overlay-type":"","overlay-color":"","overlay-opacity":"","overlay-gradient":""}}},"product_brand":[],"product_cat":[265,270,15],"product_tag":[],"class_list":{"0":"post-6986","1":"product","2":"type-product","3":"status-publish","4":"has-post-thumbnail","6":"product_cat-fetish-bdsm","7":"product_cat-sexo-anal","8":"product_cat-uncategorized","9":"desktop-align-left","10":"tablet-align-left","11":"mobile-align-left","13":"first","14":"instock","15":"shipping-taxable","16":"purchasable","17":"product-type-simple"},"_links":{"self":[{"href":"https:\/\/chibolita.es\/index.php\/wp-json\/wp\/v2\/product\/6986","targetHints":{"allow":["GET"]}}],"collection":[{"href":"https:\/\/chibolita.es\/index.php\/wp-json\/wp\/v2\/product"}],"about":[{"href":"https:\/\/chibolita.es\/index.php\/wp-json\/wp\/v2\/types\/product"}],"replies":[{"embeddable":true,"href":"https:\/\/chibolita.es\/index.php\/wp-json\/wp\/v2\/comments?post=6986"}],"wp:featuredmedia":[{"embeddable":true,"href":"https:\/\/chibolita.es\/index.php\/wp-json\/wp\/v2\/media\/6988"}],"wp:attachment":[{"href":"https:\/\/chibolita.es\/index.php\/wp-json\/wp\/v2\/media?parent=6986"}],"wp:term":[{"taxonomy":"product_brand","embeddable":true,"href":"https:\/\/chibolita.es\/index.php\/wp-json\/wp\/v2\/product_brand?post=6986"},{"taxonomy":"product_cat","embeddable":true,"href":"https:\/\/chibolita.es\/index.php\/wp-json\/wp\/v2\/product_cat?post=6986"},{"taxonomy":"product_tag","embeddable":true,"href":"https:\/\/chibolita.es\/index.php\/wp-json\/wp\/v2\/product_tag?post=6986"}],"curies":[{"name":"wp","href":"https:\/\/api.w.org\/{rel}","templated":true}]}}