{"id":6962,"date":"2023-05-19T13:02:06","date_gmt":"2023-05-19T13:02:06","guid":{"rendered":"https:\/\/chibolita.es\/?post_type=product&#038;p=6962"},"modified":"2023-05-19T13:02:52","modified_gmt":"2023-05-19T13:02:52","slug":"lelo-hex-preservativo-caja-36-uds","status":"publish","type":"product","link":"https:\/\/chibolita.es\/index.php\/product\/lelo-hex-preservativo-caja-36-uds\/","title":{"rendered":"LELO HEX PRESERVATIVO CAJA 36 UDS"},"content":{"rendered":"<p>EL MUNDO HA CAMBIADO.EL COND\u00d3N NO.HASTA HOY!<\/p>\n<p>HEX\u2122 de LELO ofrece resistencia, finura y sensibilidad a trav\u00e9s de su revolucionaria estrutura hexagonal.<\/p>\n<ul>\n<li>Condones de l\u00e1tex natural<\/li>\n<li>0.045 mm de grosor<\/li>\n<li>54 mm de ancho nominal<\/li>\n<li>Ligeramente lubricados<\/li>\n<\/ul>\n<p>Con su estructura de 350 hex\u00e1gonos interconectados, HEX\u2122 permite transmitir el calor corporal para obtener mayor sensibilidad y deleitarse con el acto sexual.<\/p>\n<p>Con un exterior perfectamente alisado y su textura interior, la red hexagonal interna se constri\u00f1e y expande para ajustarse a la mayor\u00eda de las formas, de manera segura.<\/p>\n<ul>\n<li>F\u00e1cil de abrir, el envoltorio no se resbala<\/li>\n<li>Ligeramente lubricado para mayor confort<\/li>\n<li>Se desenrolla suavemente hacia abajo<\/li>\n<\/ul>\n<p>Caja 36\u00a0Uds<\/p>\n","protected":false},"excerpt":{"rendered":"<p>EL MUNDO HA CAMBIADO.EL COND\u00d3N NO.HASTA HOY! HEX\u2122 de LELO ofrece resistencia, finura y sensibilidad a trav\u00e9s de su revolucionaria estrutura hexagonal. Condones de l\u00e1tex natural 0.045 mm de grosor 54 mm de ancho nominal Ligeramente lubricados Con su estructura de 350 hex\u00e1gonos interconectados, HEX\u2122 permite transmitir el calor corporal para obtener mayor sensibilidad y [&hellip;]<\/p>\n","protected":false},"featured_media":6965,"comment_status":"open","ping_status":"closed","template":"","meta":{"_eb_attr":"","site-sidebar-layout":"default","site-content-layout":"default","ast-site-content-layout":"default","site-content-style":"default","site-sidebar-style":"default","ast-global-header-display":"","ast-banner-title-visibility":"","ast-main-header-display":"","ast-hfb-above-header-display":"","ast-hfb-below-header-display":"","ast-hfb-mobile-header-display":"","site-post-title":"","ast-breadcrumbs-content":"","ast-featured-img":"","footer-sml-layout":"","ast-disable-related-posts":"","theme-transparent-header-meta":"default","adv-header-id-meta":"","stick-header-meta":"","header-above-stick-meta":"","header-main-stick-meta":"","header-below-stick-meta":"","astra-migrate-meta-layouts":"default","ast-page-background-enabled":"default","ast-page-background-meta":{"desktop":{"background-color":"var(--ast-global-color-4)","background-image":"","background-repeat":"repeat","background-position":"center center","background-size":"auto","background-attachment":"scroll","background-type":"","background-media":"","overlay-type":"","overlay-color":"","overlay-opacity":"","overlay-gradient":""},"tablet":{"background-color":"","background-image":"","background-repeat":"repeat","background-position":"center center","background-size":"auto","background-attachment":"scroll","background-type":"","background-media":"","overlay-type":"","overlay-color":"","overlay-opacity":"","overlay-gradient":""},"mobile":{"background-color":"","background-image":"","background-repeat":"repeat","background-position":"center center","background-size":"auto","background-attachment":"scroll","background-type":"","background-media":"","overlay-type":"","overlay-color":"","overlay-opacity":"","overlay-gradient":""}},"ast-content-background-meta":{"desktop":{"background-color":"var(--ast-global-color-5)","background-image":"","background-repeat":"repeat","background-position":"center center","background-size":"auto","background-attachment":"scroll","background-type":"","background-media":"","overlay-type":"","overlay-color":"","overlay-opacity":"","overlay-gradient":""},"tablet":{"background-color":"var(--ast-global-color-5)","background-image":"","background-repeat":"repeat","background-position":"center center","background-size":"auto","background-attachment":"scroll","background-type":"","background-media":"","overlay-type":"","overlay-color":"","overlay-opacity":"","overlay-gradient":""},"mobile":{"background-color":"var(--ast-global-color-5)","background-image":"","background-repeat":"repeat","background-position":"center center","background-size":"auto","background-attachment":"scroll","background-type":"","background-media":"","overlay-type":"","overlay-color":"","overlay-opacity":"","overlay-gradient":""}}},"product_brand":[],"product_cat":[15],"product_tag":[],"class_list":{"0":"post-6962","1":"product","2":"type-product","3":"status-publish","4":"has-post-thumbnail","6":"product_cat-uncategorized","7":"desktop-align-left","8":"tablet-align-left","9":"mobile-align-left","11":"first","12":"instock","13":"sale","14":"shipping-taxable","15":"purchasable","16":"product-type-simple"},"_links":{"self":[{"href":"https:\/\/chibolita.es\/index.php\/wp-json\/wp\/v2\/product\/6962","targetHints":{"allow":["GET"]}}],"collection":[{"href":"https:\/\/chibolita.es\/index.php\/wp-json\/wp\/v2\/product"}],"about":[{"href":"https:\/\/chibolita.es\/index.php\/wp-json\/wp\/v2\/types\/product"}],"replies":[{"embeddable":true,"href":"https:\/\/chibolita.es\/index.php\/wp-json\/wp\/v2\/comments?post=6962"}],"wp:featuredmedia":[{"embeddable":true,"href":"https:\/\/chibolita.es\/index.php\/wp-json\/wp\/v2\/media\/6965"}],"wp:attachment":[{"href":"https:\/\/chibolita.es\/index.php\/wp-json\/wp\/v2\/media?parent=6962"}],"wp:term":[{"taxonomy":"product_brand","embeddable":true,"href":"https:\/\/chibolita.es\/index.php\/wp-json\/wp\/v2\/product_brand?post=6962"},{"taxonomy":"product_cat","embeddable":true,"href":"https:\/\/chibolita.es\/index.php\/wp-json\/wp\/v2\/product_cat?post=6962"},{"taxonomy":"product_tag","embeddable":true,"href":"https:\/\/chibolita.es\/index.php\/wp-json\/wp\/v2\/product_tag?post=6962"}],"curies":[{"name":"wp","href":"https:\/\/api.w.org\/{rel}","templated":true}]}}