{"id":6954,"date":"2023-05-19T12:55:03","date_gmt":"2023-05-19T12:55:03","guid":{"rendered":"https:\/\/chibolita.es\/?post_type=product&#038;p=6954"},"modified":"2023-05-19T12:55:43","modified_gmt":"2023-05-19T12:55:43","slug":"durex-pleasure-fruits-144-unidades","status":"publish","type":"product","link":"https:\/\/chibolita.es\/index.php\/product\/durex-pleasure-fruits-144-unidades\/","title":{"rendered":"DUREX PLEASURE FRUITS 144 UNIDADES"},"content":{"rendered":"<p>Los preservativos Durex Pleasure Fruits, est\u00e1n lubricados con aromas y sabores de frutas: fresa, pl\u00e1tano, naranja y manzana. Adem\u00e1s tienen colores distintos. Son tan seguros con los naturales. Perfectos para hacer original y diferente cada experiencia sexual. Muy divertidos, te encantar\u00e1n.<\/p>\n<ul>\n<li><span style=\"font-family: Calibri;\">Los preservativos\u00a0<b>Durex Pleasure Fruits,\u00a0<\/b>pertenecen a la serie Easy On, m\u00e1s largos y anchos, son muy f\u00e1ciles de poner, se adaptan completamente a ti.<\/span><\/li>\n<li>Lubricados con aromas muy logrados a frutas.<\/li>\n<\/ul>\n<p><span style=\"font-family: Calibri;\">Como todos los preservativos<b>\u00a0<\/b>Durex est\u00e1n fabricados con l\u00e1tex de caucho natural de la m\u00e1xima calidad y verificados electr\u00f3nicamente uno a uno, para ofrecer la m\u00e1xima seguridad.<br \/>\nDurex es la marca l\u00edder mundial en preservativos, con m\u00e1s de 80 a\u00f1os de experiencia en el sector.<\/span><\/p>\n<ul>\n<li>Caja 144 Unidades<\/li>\n<li>Anchura nominal: 53 mm.<\/li>\n<\/ul>\n<p>Sabores y colores: pl\u00e1tano, fresa, manzana verde y naranja.<\/p>\n","protected":false},"excerpt":{"rendered":"<p>Los preservativos Durex Pleasure Fruits, est\u00e1n lubricados con aromas y sabores de frutas: fresa, pl\u00e1tano, naranja y manzana. Adem\u00e1s tienen colores distintos. Son tan seguros con los naturales. Perfectos para hacer original y diferente cada experiencia sexual. Muy divertidos, te encantar\u00e1n. Los preservativos\u00a0Durex Pleasure Fruits,\u00a0pertenecen a la serie Easy On, m\u00e1s largos y anchos, son [&hellip;]<\/p>\n","protected":false},"featured_media":6955,"comment_status":"open","ping_status":"closed","template":"","meta":{"_eb_attr":"","site-sidebar-layout":"default","site-content-layout":"default","ast-site-content-layout":"default","site-content-style":"default","site-sidebar-style":"default","ast-global-header-display":"","ast-banner-title-visibility":"","ast-main-header-display":"","ast-hfb-above-header-display":"","ast-hfb-below-header-display":"","ast-hfb-mobile-header-display":"","site-post-title":"","ast-breadcrumbs-content":"","ast-featured-img":"","footer-sml-layout":"","ast-disable-related-posts":"","theme-transparent-header-meta":"default","adv-header-id-meta":"","stick-header-meta":"","header-above-stick-meta":"","header-main-stick-meta":"","header-below-stick-meta":"","astra-migrate-meta-layouts":"default","ast-page-background-enabled":"default","ast-page-background-meta":{"desktop":{"background-color":"var(--ast-global-color-4)","background-image":"","background-repeat":"repeat","background-position":"center center","background-size":"auto","background-attachment":"scroll","background-type":"","background-media":"","overlay-type":"","overlay-color":"","overlay-opacity":"","overlay-gradient":""},"tablet":{"background-color":"","background-image":"","background-repeat":"repeat","background-position":"center center","background-size":"auto","background-attachment":"scroll","background-type":"","background-media":"","overlay-type":"","overlay-color":"","overlay-opacity":"","overlay-gradient":""},"mobile":{"background-color":"","background-image":"","background-repeat":"repeat","background-position":"center center","background-size":"auto","background-attachment":"scroll","background-type":"","background-media":"","overlay-type":"","overlay-color":"","overlay-opacity":"","overlay-gradient":""}},"ast-content-background-meta":{"desktop":{"background-color":"var(--ast-global-color-5)","background-image":"","background-repeat":"repeat","background-position":"center center","background-size":"auto","background-attachment":"scroll","background-type":"","background-media":"","overlay-type":"","overlay-color":"","overlay-opacity":"","overlay-gradient":""},"tablet":{"background-color":"var(--ast-global-color-5)","background-image":"","background-repeat":"repeat","background-position":"center center","background-size":"auto","background-attachment":"scroll","background-type":"","background-media":"","overlay-type":"","overlay-color":"","overlay-opacity":"","overlay-gradient":""},"mobile":{"background-color":"var(--ast-global-color-5)","background-image":"","background-repeat":"repeat","background-position":"center center","background-size":"auto","background-attachment":"scroll","background-type":"","background-media":"","overlay-type":"","overlay-color":"","overlay-opacity":"","overlay-gradient":""}}},"product_brand":[],"product_cat":[283,281],"product_tag":[],"class_list":{"0":"post-6954","1":"product","2":"type-product","3":"status-publish","4":"has-post-thumbnail","6":"product_cat-preservativos","7":"product_cat-sexo-oral","8":"desktop-align-left","9":"tablet-align-left","10":"mobile-align-left","12":"first","13":"instock","14":"sale","15":"shipping-taxable","16":"purchasable","17":"product-type-simple"},"_links":{"self":[{"href":"https:\/\/chibolita.es\/index.php\/wp-json\/wp\/v2\/product\/6954","targetHints":{"allow":["GET"]}}],"collection":[{"href":"https:\/\/chibolita.es\/index.php\/wp-json\/wp\/v2\/product"}],"about":[{"href":"https:\/\/chibolita.es\/index.php\/wp-json\/wp\/v2\/types\/product"}],"replies":[{"embeddable":true,"href":"https:\/\/chibolita.es\/index.php\/wp-json\/wp\/v2\/comments?post=6954"}],"wp:featuredmedia":[{"embeddable":true,"href":"https:\/\/chibolita.es\/index.php\/wp-json\/wp\/v2\/media\/6955"}],"wp:attachment":[{"href":"https:\/\/chibolita.es\/index.php\/wp-json\/wp\/v2\/media?parent=6954"}],"wp:term":[{"taxonomy":"product_brand","embeddable":true,"href":"https:\/\/chibolita.es\/index.php\/wp-json\/wp\/v2\/product_brand?post=6954"},{"taxonomy":"product_cat","embeddable":true,"href":"https:\/\/chibolita.es\/index.php\/wp-json\/wp\/v2\/product_cat?post=6954"},{"taxonomy":"product_tag","embeddable":true,"href":"https:\/\/chibolita.es\/index.php\/wp-json\/wp\/v2\/product_tag?post=6954"}],"curies":[{"name":"wp","href":"https:\/\/api.w.org\/{rel}","templated":true}]}}