{"id":6950,"date":"2023-05-19T12:52:41","date_gmt":"2023-05-19T12:52:41","guid":{"rendered":"https:\/\/chibolita.es\/?post_type=product&#038;p=6950"},"modified":"2023-05-19T12:53:33","modified_gmt":"2023-05-19T12:53:33","slug":"pasante-puntos-y-estrias-intensity-12-unidades","status":"publish","type":"product","link":"https:\/\/chibolita.es\/index.php\/product\/pasante-puntos-y-estrias-intensity-12-unidades\/","title":{"rendered":"PASANTE PUNTOS Y ESTR\u00cdAS INTENSITY 12 UNIDADES"},"content":{"rendered":"<p>Los condones Pasante Ribs &amp; Dots Intensity son condones c\u00f3nicos, texturizado con nervaduras pronunciadas y puntos. De color natural.<\/p>\n<ul>\n<li>Contiene 12 condones<\/li>\n<li>No lubricado con espermicida<\/li>\n<li>Marcado CE<\/li>\n<li>No contiene ingredientes de origen animal.<\/li>\n<li>Sin alcohol<\/li>\n<li>190 mm de longitud nominal<\/li>\n<li>52 mm de ancho nominal<\/li>\n<\/ul>\n<p>Modo correcto de colocarse y quitarse el cond\u00f3n masculino<\/p>\n<p>Abra y retire el cond\u00f3n de su envoltura con cuidado. Coloque el cond\u00f3n en la cabeza del pene erecto y firme. Si est\u00e1 circuncidado, primero retraiga el prepucio. Saque el aire que se encuentre en la punta del cond\u00f3n<\/p>\n","protected":false},"excerpt":{"rendered":"<p>Los condones Pasante Ribs &amp; Dots Intensity son condones c\u00f3nicos, texturizado con nervaduras pronunciadas y puntos. De color natural. Contiene 12 condones No lubricado con espermicida Marcado CE No contiene ingredientes de origen animal. Sin alcohol 190 mm de longitud nominal 52 mm de ancho nominal Modo correcto de colocarse y quitarse el cond\u00f3n masculino [&hellip;]<\/p>\n","protected":false},"featured_media":6951,"comment_status":"open","ping_status":"closed","template":"","meta":{"_eb_attr":"","site-sidebar-layout":"default","site-content-layout":"default","ast-site-content-layout":"default","site-content-style":"default","site-sidebar-style":"default","ast-global-header-display":"","ast-banner-title-visibility":"","ast-main-header-display":"","ast-hfb-above-header-display":"","ast-hfb-below-header-display":"","ast-hfb-mobile-header-display":"","site-post-title":"","ast-breadcrumbs-content":"","ast-featured-img":"","footer-sml-layout":"","ast-disable-related-posts":"","theme-transparent-header-meta":"default","adv-header-id-meta":"","stick-header-meta":"","header-above-stick-meta":"","header-main-stick-meta":"","header-below-stick-meta":"","astra-migrate-meta-layouts":"default","ast-page-background-enabled":"default","ast-page-background-meta":{"desktop":{"background-color":"var(--ast-global-color-4)","background-image":"","background-repeat":"repeat","background-position":"center center","background-size":"auto","background-attachment":"scroll","background-type":"","background-media":"","overlay-type":"","overlay-color":"","overlay-opacity":"","overlay-gradient":""},"tablet":{"background-color":"","background-image":"","background-repeat":"repeat","background-position":"center center","background-size":"auto","background-attachment":"scroll","background-type":"","background-media":"","overlay-type":"","overlay-color":"","overlay-opacity":"","overlay-gradient":""},"mobile":{"background-color":"","background-image":"","background-repeat":"repeat","background-position":"center center","background-size":"auto","background-attachment":"scroll","background-type":"","background-media":"","overlay-type":"","overlay-color":"","overlay-opacity":"","overlay-gradient":""}},"ast-content-background-meta":{"desktop":{"background-color":"var(--ast-global-color-5)","background-image":"","background-repeat":"repeat","background-position":"center center","background-size":"auto","background-attachment":"scroll","background-type":"","background-media":"","overlay-type":"","overlay-color":"","overlay-opacity":"","overlay-gradient":""},"tablet":{"background-color":"var(--ast-global-color-5)","background-image":"","background-repeat":"repeat","background-position":"center center","background-size":"auto","background-attachment":"scroll","background-type":"","background-media":"","overlay-type":"","overlay-color":"","overlay-opacity":"","overlay-gradient":""},"mobile":{"background-color":"var(--ast-global-color-5)","background-image":"","background-repeat":"repeat","background-position":"center center","background-size":"auto","background-attachment":"scroll","background-type":"","background-media":"","overlay-type":"","overlay-color":"","overlay-opacity":"","overlay-gradient":""}}},"product_brand":[],"product_cat":[283],"product_tag":[],"class_list":{"0":"post-6950","1":"product","2":"type-product","3":"status-publish","4":"has-post-thumbnail","6":"product_cat-preservativos","7":"desktop-align-left","8":"tablet-align-left","9":"mobile-align-left","11":"first","12":"instock","13":"shipping-taxable","14":"purchasable","15":"product-type-simple"},"_links":{"self":[{"href":"https:\/\/chibolita.es\/index.php\/wp-json\/wp\/v2\/product\/6950","targetHints":{"allow":["GET"]}}],"collection":[{"href":"https:\/\/chibolita.es\/index.php\/wp-json\/wp\/v2\/product"}],"about":[{"href":"https:\/\/chibolita.es\/index.php\/wp-json\/wp\/v2\/types\/product"}],"replies":[{"embeddable":true,"href":"https:\/\/chibolita.es\/index.php\/wp-json\/wp\/v2\/comments?post=6950"}],"wp:featuredmedia":[{"embeddable":true,"href":"https:\/\/chibolita.es\/index.php\/wp-json\/wp\/v2\/media\/6951"}],"wp:attachment":[{"href":"https:\/\/chibolita.es\/index.php\/wp-json\/wp\/v2\/media?parent=6950"}],"wp:term":[{"taxonomy":"product_brand","embeddable":true,"href":"https:\/\/chibolita.es\/index.php\/wp-json\/wp\/v2\/product_brand?post=6950"},{"taxonomy":"product_cat","embeddable":true,"href":"https:\/\/chibolita.es\/index.php\/wp-json\/wp\/v2\/product_cat?post=6950"},{"taxonomy":"product_tag","embeddable":true,"href":"https:\/\/chibolita.es\/index.php\/wp-json\/wp\/v2\/product_tag?post=6950"}],"curies":[{"name":"wp","href":"https:\/\/api.w.org\/{rel}","templated":true}]}}