{"id":6932,"date":"2023-05-19T12:04:43","date_gmt":"2023-05-19T12:04:43","guid":{"rendered":"https:\/\/chibolita.es\/?post_type=product&#038;p=6932"},"modified":"2026-04-14T07:57:19","modified_gmt":"2026-04-14T07:57:19","slug":"durex-natural-144-unidades","status":"publish","type":"product","link":"https:\/\/chibolita.es\/index.php\/product\/durex-natural-144-unidades\/","title":{"rendered":"DUREX NATURAL 144 UNIDADES"},"content":{"rendered":"<p>Durex Natural Comfort son preservativos de l\u00e1tex con forma anat\u00f3mica Easy-On que facilita su colocaci\u00f3n y los hace m\u00e1s c\u00f3modos.<\/p>\n<p>Caracter\u00edsticas de Durex Basic:<\/p>\n<ul>\n<li>Preservativo de l\u00e1tex de caucho natural, liso<\/li>\n<li>Transparente y lubricado<\/li>\n<li>Forma anat\u00f3mica Easy-On, con dep\u00f3sito<\/li>\n<li>Anchura nominal: 54mm<\/li>\n<\/ul>\n<p>La forma especial en que se fabrica Durex Natural Comfort hace que huelan mejor para que no hayan inc\u00f3modas distracciones, por lo que podr\u00e1s relajarte y disfrutar.<br \/>\nLee el folleto que contiene el interior de este estuche cuidadosamente, en especial si utilizas los preservativos para sexo oral o anal.<\/p>\n<p>Estuche 144 Uds<\/p>\n","protected":false},"excerpt":{"rendered":"<p>Durex Natural Comfort son preservativos de l\u00e1tex con forma anat\u00f3mica Easy-On que facilita su colocaci\u00f3n y los hace m\u00e1s c\u00f3modos. Caracter\u00edsticas de Durex Basic: Preservativo de l\u00e1tex de caucho natural, liso Transparente y lubricado Forma anat\u00f3mica Easy-On, con dep\u00f3sito Anchura nominal: 54mm La forma especial en que se fabrica Durex Natural Comfort hace que huelan [&hellip;]<\/p>\n","protected":false},"featured_media":6933,"comment_status":"open","ping_status":"closed","template":"","meta":{"_eb_attr":"","site-sidebar-layout":"default","site-content-layout":"default","ast-site-content-layout":"default","site-content-style":"default","site-sidebar-style":"default","ast-global-header-display":"","ast-banner-title-visibility":"","ast-main-header-display":"","ast-hfb-above-header-display":"","ast-hfb-below-header-display":"","ast-hfb-mobile-header-display":"","site-post-title":"","ast-breadcrumbs-content":"","ast-featured-img":"","footer-sml-layout":"","ast-disable-related-posts":"","theme-transparent-header-meta":"default","adv-header-id-meta":"","stick-header-meta":"","header-above-stick-meta":"","header-main-stick-meta":"","header-below-stick-meta":"","astra-migrate-meta-layouts":"default","ast-page-background-enabled":"default","ast-page-background-meta":{"desktop":{"background-color":"var(--ast-global-color-4)","background-image":"","background-repeat":"repeat","background-position":"center center","background-size":"auto","background-attachment":"scroll","background-type":"","background-media":"","overlay-type":"","overlay-color":"","overlay-opacity":"","overlay-gradient":""},"tablet":{"background-color":"","background-image":"","background-repeat":"repeat","background-position":"center center","background-size":"auto","background-attachment":"scroll","background-type":"","background-media":"","overlay-type":"","overlay-color":"","overlay-opacity":"","overlay-gradient":""},"mobile":{"background-color":"","background-image":"","background-repeat":"repeat","background-position":"center center","background-size":"auto","background-attachment":"scroll","background-type":"","background-media":"","overlay-type":"","overlay-color":"","overlay-opacity":"","overlay-gradient":""}},"ast-content-background-meta":{"desktop":{"background-color":"var(--ast-global-color-5)","background-image":"","background-repeat":"repeat","background-position":"center center","background-size":"auto","background-attachment":"scroll","background-type":"","background-media":"","overlay-type":"","overlay-color":"","overlay-opacity":"","overlay-gradient":""},"tablet":{"background-color":"var(--ast-global-color-5)","background-image":"","background-repeat":"repeat","background-position":"center center","background-size":"auto","background-attachment":"scroll","background-type":"","background-media":"","overlay-type":"","overlay-color":"","overlay-opacity":"","overlay-gradient":""},"mobile":{"background-color":"var(--ast-global-color-5)","background-image":"","background-repeat":"repeat","background-position":"center center","background-size":"auto","background-attachment":"scroll","background-type":"","background-media":"","overlay-type":"","overlay-color":"","overlay-opacity":"","overlay-gradient":""}}},"product_brand":[],"product_cat":[283],"product_tag":[],"class_list":{"0":"post-6932","1":"product","2":"type-product","3":"status-publish","4":"has-post-thumbnail","6":"product_cat-preservativos","7":"desktop-align-left","8":"tablet-align-left","9":"mobile-align-left","11":"first","12":"instock","13":"sale","14":"shipping-taxable","15":"purchasable","16":"product-type-simple"},"_links":{"self":[{"href":"https:\/\/chibolita.es\/index.php\/wp-json\/wp\/v2\/product\/6932","targetHints":{"allow":["GET"]}}],"collection":[{"href":"https:\/\/chibolita.es\/index.php\/wp-json\/wp\/v2\/product"}],"about":[{"href":"https:\/\/chibolita.es\/index.php\/wp-json\/wp\/v2\/types\/product"}],"replies":[{"embeddable":true,"href":"https:\/\/chibolita.es\/index.php\/wp-json\/wp\/v2\/comments?post=6932"}],"wp:featuredmedia":[{"embeddable":true,"href":"https:\/\/chibolita.es\/index.php\/wp-json\/wp\/v2\/media\/6933"}],"wp:attachment":[{"href":"https:\/\/chibolita.es\/index.php\/wp-json\/wp\/v2\/media?parent=6932"}],"wp:term":[{"taxonomy":"product_brand","embeddable":true,"href":"https:\/\/chibolita.es\/index.php\/wp-json\/wp\/v2\/product_brand?post=6932"},{"taxonomy":"product_cat","embeddable":true,"href":"https:\/\/chibolita.es\/index.php\/wp-json\/wp\/v2\/product_cat?post=6932"},{"taxonomy":"product_tag","embeddable":true,"href":"https:\/\/chibolita.es\/index.php\/wp-json\/wp\/v2\/product_tag?post=6932"}],"curies":[{"name":"wp","href":"https:\/\/api.w.org\/{rel}","templated":true}]}}